{"id":689,"date":"2022-10-21T16:07:47","date_gmt":"2022-10-21T15:07:47","guid":{"rendered":"https:\/\/daluzatuvida.com\/?post_type=product&#038;p=689"},"modified":"2024-05-21T13:19:08","modified_gmt":"2024-05-21T12:19:08","slug":"vela-grande","status":"publish","type":"product","link":"https:\/\/daluzatuvida.com\/index.php\/product\/vela-grande\/","title":{"rendered":"Vela petici\u00f3n extra larga"},"content":{"rendered":"","protected":false},"excerpt":{"rendered":"<p><strong>DESCRIPCI\u00d3N<\/strong><\/p>\n<p>Velas de mesa de 35 cm de altura originalmente decoradas a mano.<br \/>\nFabricado y dise\u00f1ado con estilo escandinavo en Copenhague, Dinamarca por Nordtrice Candles.<\/p>\n<p>Puedes pedirlos en el di\u00e1metro en Ia parte inferior es de 2,1 cm y esta fabricado en tama\u00f1o est\u00e1ndar para que se ajuste a todos los portavelas.<\/p>\n<p>Puede pedir colores particulares eligiendo disenos de fotos o sugerir y pedir los suyos propios.<\/p>\n","protected":false},"featured_media":690,"comment_status":"open","ping_status":"closed","template":"","meta":{"om_disable_all_campaigns":false,"_monsterinsights_skip_tracking":false,"_monsterinsights_sitenote_active":false,"_monsterinsights_sitenote_note":"","_monsterinsights_sitenote_category":0},"product_brand":[],"product_cat":[378],"product_tag":[29,28],"class_list":{"0":"post-689","1":"product","2":"type-product","3":"status-publish","4":"has-post-thumbnail","6":"product_cat-velas-y-velones","7":"product_tag-vela","8":"product_tag-velas","10":"first","11":"instock","12":"taxable","13":"shipping-taxable","14":"purchasable","15":"product-type-simple"},"aioseo_notices":[],"jetpack_sharing_enabled":true,"_links":{"self":[{"href":"https:\/\/daluzatuvida.com\/index.php\/wp-json\/wp\/v2\/product\/689","targetHints":{"allow":["GET"]}}],"collection":[{"href":"https:\/\/daluzatuvida.com\/index.php\/wp-json\/wp\/v2\/product"}],"about":[{"href":"https:\/\/daluzatuvida.com\/index.php\/wp-json\/wp\/v2\/types\/product"}],"replies":[{"embeddable":true,"href":"https:\/\/daluzatuvida.com\/index.php\/wp-json\/wp\/v2\/comments?post=689"}],"wp:featuredmedia":[{"embeddable":true,"href":"https:\/\/daluzatuvida.com\/index.php\/wp-json\/wp\/v2\/media\/690"}],"wp:attachment":[{"href":"https:\/\/daluzatuvida.com\/index.php\/wp-json\/wp\/v2\/media?parent=689"}],"wp:term":[{"taxonomy":"product_brand","embeddable":true,"href":"https:\/\/daluzatuvida.com\/index.php\/wp-json\/wp\/v2\/product_brand?post=689"},{"taxonomy":"product_cat","embeddable":true,"href":"https:\/\/daluzatuvida.com\/index.php\/wp-json\/wp\/v2\/product_cat?post=689"},{"taxonomy":"product_tag","embeddable":true,"href":"https:\/\/daluzatuvida.com\/index.php\/wp-json\/wp\/v2\/product_tag?post=689"}],"curies":[{"name":"wp","href":"https:\/\/api.w.org\/{rel}","templated":true}]}}