{"id":683,"date":"2022-10-21T16:07:09","date_gmt":"2022-10-21T15:07:09","guid":{"rendered":"https:\/\/daluzatuvida.com\/?post_type=product&#038;p=683"},"modified":"2024-05-21T13:20:27","modified_gmt":"2024-05-21T12:20:27","slug":"velas-pequenas","status":"publish","type":"product","link":"https:\/\/daluzatuvida.com\/index.php\/product\/velas-pequenas\/","title":{"rendered":"Vela petici\u00f3n  tama\u00f1o estandart"},"content":{"rendered":"","protected":false},"excerpt":{"rendered":"<p><strong>DESCRIPCI\u00d3N<\/strong><\/p>\n<p>Velas de mesa de 20 cm de altura originalmente decoradas a mano en colores marmol.<br \/>\nFabricado y disenado con estilo escandinavo en Copenhague, Dinamarca por Nordtrice Candles.<\/p>\n<p>Puedes pedirlos en el di\u00e1metro en Ia parte inferior es de 2,1 cm y esta fabricado en tamano estandar para que se ajuste a todos los portavelas.<\/p>\n<p>Puede pedir colores particulares eligiendo disenos de fotos o sugerir y pedir los suyos propios.<\/p>\n","protected":false},"featured_media":687,"comment_status":"open","ping_status":"closed","template":"","meta":{"om_disable_all_campaigns":false,"_monsterinsights_skip_tracking":false,"_monsterinsights_sitenote_active":false,"_monsterinsights_sitenote_note":"","_monsterinsights_sitenote_category":0},"product_brand":[],"product_cat":[378],"product_tag":[246,29,28],"class_list":{"0":"post-683","1":"product","2":"type-product","3":"status-publish","4":"has-post-thumbnail","6":"product_cat-velas-y-velones","7":"product_tag-marmol","8":"product_tag-vela","9":"product_tag-velas","11":"first","12":"instock","13":"taxable","14":"shipping-taxable","15":"purchasable","16":"product-type-simple"},"aioseo_notices":[],"jetpack_sharing_enabled":true,"_links":{"self":[{"href":"https:\/\/daluzatuvida.com\/index.php\/wp-json\/wp\/v2\/product\/683","targetHints":{"allow":["GET"]}}],"collection":[{"href":"https:\/\/daluzatuvida.com\/index.php\/wp-json\/wp\/v2\/product"}],"about":[{"href":"https:\/\/daluzatuvida.com\/index.php\/wp-json\/wp\/v2\/types\/product"}],"replies":[{"embeddable":true,"href":"https:\/\/daluzatuvida.com\/index.php\/wp-json\/wp\/v2\/comments?post=683"}],"wp:featuredmedia":[{"embeddable":true,"href":"https:\/\/daluzatuvida.com\/index.php\/wp-json\/wp\/v2\/media\/687"}],"wp:attachment":[{"href":"https:\/\/daluzatuvida.com\/index.php\/wp-json\/wp\/v2\/media?parent=683"}],"wp:term":[{"taxonomy":"product_brand","embeddable":true,"href":"https:\/\/daluzatuvida.com\/index.php\/wp-json\/wp\/v2\/product_brand?post=683"},{"taxonomy":"product_cat","embeddable":true,"href":"https:\/\/daluzatuvida.com\/index.php\/wp-json\/wp\/v2\/product_cat?post=683"},{"taxonomy":"product_tag","embeddable":true,"href":"https:\/\/daluzatuvida.com\/index.php\/wp-json\/wp\/v2\/product_tag?post=683"}],"curies":[{"name":"wp","href":"https:\/\/api.w.org\/{rel}","templated":true}]}}