{"id":660,"date":"2022-10-21T14:00:08","date_gmt":"2022-10-21T14:00:08","guid":{"rendered":"https:\/\/daluzatuvida.com\/?post_type=product&#038;p=660"},"modified":"2024-11-19T14:28:03","modified_gmt":"2024-11-19T13:28:03","slug":"pulsera-7-chakras","status":"publish","type":"product","link":"https:\/\/daluzatuvida.com\/index.php\/product\/pulsera-7-chakras\/","title":{"rendered":"Pulsera 7 chakras"},"content":{"rendered":"","protected":false},"excerpt":{"rendered":"<p style=\"text-align: left;\">Pulsera de los 7 chakras.Pulsera 7 Chakras.<\/p>\n<p style=\"text-align: left;\">Los 7 chakras, las concentraciones energ\u00e9ticas.<br \/>\nLos chakras -ruedas en s\u00e1nscrito- corresponden a centros energ\u00e9ticos que condensan y distribuyen la energ\u00eda vital en el cuerpo humano.<br \/>\nCada chakra tiene una funci\u00f3n determinada y un poder de sanaci\u00f3n \u00fanico:<\/p>\n<p style=\"text-align: left;\">7o &#8211; Corona: lo espiritual, el autoconocimiento.<br \/>\n60 &#8211; Tercer ojo: la percepci\u00f3n, la intuici\u00f3n.<br \/>\n50 &#8211; Garganta: la expresi\u00f3n, el sonido.<br \/>\n40 &#8211; Coraz\u00f3n: el amor, la compasi\u00f3n.<br \/>\n3o &#8211; Plexo solar: el poder, el crecimiento.<br \/>\n20 &#8211; Sacro: la sexualidad, la creatividad.<br \/>\n10 &#8211; Ra\u00edz: la supervivencia, la identidad.<\/p>\n","protected":false},"featured_media":661,"comment_status":"open","ping_status":"closed","template":"","meta":{"om_disable_all_campaigns":false,"_monsterinsights_skip_tracking":false,"_monsterinsights_sitenote_active":false,"_monsterinsights_sitenote_note":"","_monsterinsights_sitenote_category":0},"product_brand":[],"product_cat":[379],"product_tag":[50,236,25,235,24,237,238,230,49],"class_list":{"0":"post-660","1":"product","2":"type-product","3":"status-publish","4":"has-post-thumbnail","6":"product_cat-amuletos-y-accesorios","7":"product_tag-50","8":"product_tag-chacra","9":"product_tag-chacras","10":"product_tag-chakra","11":"product_tag-chakras","12":"product_tag-colores","13":"product_tag-multicolor","14":"product_tag-pulsera","15":"product_tag-siete","17":"first","18":"outofstock","19":"taxable","20":"shipping-taxable","21":"purchasable","22":"product-type-simple"},"aioseo_notices":[],"jetpack_sharing_enabled":true,"_links":{"self":[{"href":"https:\/\/daluzatuvida.com\/index.php\/wp-json\/wp\/v2\/product\/660","targetHints":{"allow":["GET"]}}],"collection":[{"href":"https:\/\/daluzatuvida.com\/index.php\/wp-json\/wp\/v2\/product"}],"about":[{"href":"https:\/\/daluzatuvida.com\/index.php\/wp-json\/wp\/v2\/types\/product"}],"replies":[{"embeddable":true,"href":"https:\/\/daluzatuvida.com\/index.php\/wp-json\/wp\/v2\/comments?post=660"}],"wp:featuredmedia":[{"embeddable":true,"href":"https:\/\/daluzatuvida.com\/index.php\/wp-json\/wp\/v2\/media\/661"}],"wp:attachment":[{"href":"https:\/\/daluzatuvida.com\/index.php\/wp-json\/wp\/v2\/media?parent=660"}],"wp:term":[{"taxonomy":"product_brand","embeddable":true,"href":"https:\/\/daluzatuvida.com\/index.php\/wp-json\/wp\/v2\/product_brand?post=660"},{"taxonomy":"product_cat","embeddable":true,"href":"https:\/\/daluzatuvida.com\/index.php\/wp-json\/wp\/v2\/product_cat?post=660"},{"taxonomy":"product_tag","embeddable":true,"href":"https:\/\/daluzatuvida.com\/index.php\/wp-json\/wp\/v2\/product_tag?post=660"}],"curies":[{"name":"wp","href":"https:\/\/api.w.org\/{rel}","templated":true}]}}