{"id":643,"date":"2022-10-21T13:30:37","date_gmt":"2022-10-21T13:30:37","guid":{"rendered":"https:\/\/daluzatuvida.com\/?post_type=product&#038;p=643"},"modified":"2023-01-09T18:23:48","modified_gmt":"2023-01-09T18:23:48","slug":"portavelas-pequeno-de-vidrio-rosa","status":"publish","type":"product","link":"https:\/\/daluzatuvida.com\/index.php\/product\/portavelas-pequeno-de-vidrio-rosa\/","title":{"rendered":"Portavelas peque\u00f1o de vidrio rosa"},"content":{"rendered":"","protected":false},"excerpt":{"rendered":"<p><strong>DESCRIPCI\u00d3N<\/strong><br \/>\nPortavelas de vidrio rosa de Talking Tables. El tono perfecto de rosa, este peque\u00f1o<br \/>\nportavelas de vidrio agregar\u00e1 un toque de color a la esquina de una habitaci\u00f3n, repisa de<br \/>\nla chimenea o mesa. Ideal para vender durante todo el a\u00f1o: util\u00edcelo para una cena a la luz<br \/>\nde las velas en el D\u00eda de San Valent\u00edn, para Semana Santa, verano, un t\u00e9 de la tarde o<br \/>\nincluso como decoraci\u00f3n de mesa de boda. Con un dise\u00f1o vers\u00e1til, este portavelas se<br \/>\npuede usar para sostener candelabros o voltearse para sostener velas de t\u00e9 o flores<br \/>\npeque\u00f1as.<\/p>\n<p>Una hermosa adici\u00f3n a la gama de regalos o decoraci\u00f3n del hogar, mezcle y combine<br \/>\nnuestros portavelas de vidrio de colores o comb\u00ednelos con nuestros jarrones de vidrio para<br \/>\nuna llamativa pieza central de mesa.<\/p>\n<p><strong>ESPECIFICACIONES<\/strong><br \/>\nTama\u00f1o del portavelas: 7,5 cm de altura<\/p>\n<p>Sostiene una vela de 2 cm de profundidad y ancho o una candelita est\u00e1ndar.<\/p>\n<p>&nbsp;<\/p>\n","protected":false},"featured_media":644,"comment_status":"open","ping_status":"closed","template":"","meta":{"om_disable_all_campaigns":false,"_monsterinsights_skip_tracking":false,"_monsterinsights_sitenote_active":false,"_monsterinsights_sitenote_note":"","_monsterinsights_sitenote_category":0},"product_brand":[],"product_cat":[15],"product_tag":[27,31,29,220],"class_list":{"0":"post-643","1":"product","2":"type-product","3":"status-publish","4":"has-post-thumbnail","6":"product_cat-rincon-brujil","7":"product_tag-portavelas","8":"product_tag-rosa","9":"product_tag-vela","10":"product_tag-vidrio","12":"first","13":"instock","14":"taxable","15":"shipping-taxable","16":"purchasable","17":"product-type-simple"},"aioseo_notices":[],"jetpack_sharing_enabled":true,"_links":{"self":[{"href":"https:\/\/daluzatuvida.com\/index.php\/wp-json\/wp\/v2\/product\/643","targetHints":{"allow":["GET"]}}],"collection":[{"href":"https:\/\/daluzatuvida.com\/index.php\/wp-json\/wp\/v2\/product"}],"about":[{"href":"https:\/\/daluzatuvida.com\/index.php\/wp-json\/wp\/v2\/types\/product"}],"replies":[{"embeddable":true,"href":"https:\/\/daluzatuvida.com\/index.php\/wp-json\/wp\/v2\/comments?post=643"}],"wp:featuredmedia":[{"embeddable":true,"href":"https:\/\/daluzatuvida.com\/index.php\/wp-json\/wp\/v2\/media\/644"}],"wp:attachment":[{"href":"https:\/\/daluzatuvida.com\/index.php\/wp-json\/wp\/v2\/media?parent=643"}],"wp:term":[{"taxonomy":"product_brand","embeddable":true,"href":"https:\/\/daluzatuvida.com\/index.php\/wp-json\/wp\/v2\/product_brand?post=643"},{"taxonomy":"product_cat","embeddable":true,"href":"https:\/\/daluzatuvida.com\/index.php\/wp-json\/wp\/v2\/product_cat?post=643"},{"taxonomy":"product_tag","embeddable":true,"href":"https:\/\/daluzatuvida.com\/index.php\/wp-json\/wp\/v2\/product_tag?post=643"}],"curies":[{"name":"wp","href":"https:\/\/api.w.org\/{rel}","templated":true}]}}