{"id":641,"date":"2022-10-21T13:24:10","date_gmt":"2022-10-21T13:24:10","guid":{"rendered":"https:\/\/daluzatuvida.com\/?post_type=product&#038;p=641"},"modified":"2023-01-09T18:22:36","modified_gmt":"2023-01-09T18:22:36","slug":"portavelas-de-vidrio-rosa","status":"publish","type":"product","link":"https:\/\/daluzatuvida.com\/index.php\/product\/portavelas-de-vidrio-rosa\/","title":{"rendered":"Portavelas de vidrio rosa"},"content":{"rendered":"","protected":false},"excerpt":{"rendered":"<p><strong>DESCRIPCI\u00d3N<\/strong><br \/>\nPortavelas de vidrio rosa de Talking Tables. Este colorido portavelas agregar\u00e1 un toque de<br \/>\nsofisticaci\u00f3n a la mesa de la cocina, el comedor o la repisa de la chimenea como<br \/>\ndecoraci\u00f3n del hogar. La decoraci\u00f3n de mesa perfecta para una cena rom\u00e1ntica a la luz<br \/>\nde las velas en el D\u00eda de San Valent\u00edn, una cena con amigos, el t\u00e9 de la tarde o incluso una<br \/>\nboda.<\/p>\n<p>Nuestros portavelas de vidrio tambi\u00e9n est\u00e1n disponibles en verde oscuro, verde claro, rojo,<br \/>\nazul, azul marino, amarillo y naranja y se pueden combinar con nuestras velas de colores a<br \/>\njuego.<\/p>\n<p><strong>ESPECIFICACIONES<\/strong><br \/>\nTama\u00f1o: 16 cm<\/p>\n","protected":false},"featured_media":642,"comment_status":"open","ping_status":"closed","template":"","meta":{"om_disable_all_campaigns":false,"_monsterinsights_skip_tracking":false,"_monsterinsights_sitenote_active":false,"_monsterinsights_sitenote_note":"","_monsterinsights_sitenote_category":0},"product_brand":[],"product_cat":[15],"product_tag":[27,31,220],"class_list":{"0":"post-641","1":"product","2":"type-product","3":"status-publish","4":"has-post-thumbnail","6":"product_cat-rincon-brujil","7":"product_tag-portavelas","8":"product_tag-rosa","9":"product_tag-vidrio","11":"first","12":"instock","13":"taxable","14":"shipping-taxable","15":"purchasable","16":"product-type-simple"},"aioseo_notices":[],"jetpack_sharing_enabled":true,"_links":{"self":[{"href":"https:\/\/daluzatuvida.com\/index.php\/wp-json\/wp\/v2\/product\/641","targetHints":{"allow":["GET"]}}],"collection":[{"href":"https:\/\/daluzatuvida.com\/index.php\/wp-json\/wp\/v2\/product"}],"about":[{"href":"https:\/\/daluzatuvida.com\/index.php\/wp-json\/wp\/v2\/types\/product"}],"replies":[{"embeddable":true,"href":"https:\/\/daluzatuvida.com\/index.php\/wp-json\/wp\/v2\/comments?post=641"}],"wp:featuredmedia":[{"embeddable":true,"href":"https:\/\/daluzatuvida.com\/index.php\/wp-json\/wp\/v2\/media\/642"}],"wp:attachment":[{"href":"https:\/\/daluzatuvida.com\/index.php\/wp-json\/wp\/v2\/media?parent=641"}],"wp:term":[{"taxonomy":"product_brand","embeddable":true,"href":"https:\/\/daluzatuvida.com\/index.php\/wp-json\/wp\/v2\/product_brand?post=641"},{"taxonomy":"product_cat","embeddable":true,"href":"https:\/\/daluzatuvida.com\/index.php\/wp-json\/wp\/v2\/product_cat?post=641"},{"taxonomy":"product_tag","embeddable":true,"href":"https:\/\/daluzatuvida.com\/index.php\/wp-json\/wp\/v2\/product_tag?post=641"}],"curies":[{"name":"wp","href":"https:\/\/api.w.org\/{rel}","templated":true}]}}