{"id":468,"date":"2022-10-07T18:29:35","date_gmt":"2022-10-07T18:29:35","guid":{"rendered":"https:\/\/daluzatuvida.com\/?post_type=product&#038;p=468"},"modified":"2024-05-21T13:05:30","modified_gmt":"2024-05-21T12:05:30","slug":"quemador-de-incienso-voile","status":"publish","type":"product","link":"https:\/\/daluzatuvida.com\/index.php\/product\/quemador-de-incienso-voile\/","title":{"rendered":"Quemador de Incienso Voile"},"content":{"rendered":"","protected":false},"excerpt":{"rendered":"<p><strong>DESCRIPCI\u00d3N<\/strong><\/p>\n<p><span style=\"font-weight: 400;\">El Quemador de Incienso Voile es parte de nuestra gama Natur\u00e9a que combina materiales naturales como el bamb\u00fa y la cer\u00e1mica. Cada quemador de incienso est\u00e1 hecho a mano para ofrecerle un producto aut\u00e9ntico que combina eficiencia con simplicidad.<\/span><\/p>\n<p><span style=\"font-weight: 400;\">El Voile Perfume Burner tiene un soporte de madera con un recipiente de cer\u00e1mica que puede acomodar aceites esenciales, fragancias para el hogar o cera perfumada. Luego, simplemente coloque una vela peque\u00f1a en el recipiente de cer\u00e1mica para que el calor active la difusi\u00f3n y perfume delicadamente el interior de la habitaci\u00f3n.<\/span><\/p>\n<p><span style=\"font-weight: 400;\">Este proceso de difusi\u00f3n es uno de los m\u00e1s antiguos pero sigue siendo muy popular entre los consumidores amantes de su lado c\u00e1lido y decorativo que destacamos con materiales naturales.<\/span><\/p>\n<p><span style=\"font-weight: 400;\">Nuestros quemadores de incienso deben usarse con velas candelita con un di\u00e1metro de 4 cm y un tiempo de combusti\u00f3n de 4 horas como m\u00e1ximo. La buj\u00eda debe cumplir con las normas vigentes. Tambi\u00e9n aseg\u00farese de seguir las instrucciones de seguridad indicadas en la buj\u00eda.<\/span><\/p>\n<p><strong>ESPECIFICACIONES<\/strong><\/p>\n<p><span style=\"font-weight: 400;\">&#8211; En cer\u00e1mica lacada y bamb\u00fa.<\/span><\/p>\n<p><span style=\"font-weight: 400;\">&#8211; Dise\u00f1o y artesan\u00eda aut\u00e9nticos.<\/span><\/p>\n<p><span style=\"font-weight: 400;\">&#8211; Vaso y portavelas extra\u00edbles, de f\u00e1cil mantenimiento.<\/span><\/p>\n<p><span style=\"font-weight: 400;\">&#8211; Compatible con aceites esenciales, fragancias para el hogar y ceras perfumadas.<\/span><\/p>\n<p><span style=\"font-weight: 400;\">&#8211; Capacidad: 50 ml.<\/span><\/p>\n<p><span style=\"font-weight: 400;\">&#8211; Manual de uso en franc\u00e9s e ingl\u00e9s (posibilidad de traducci\u00f3n).<\/span><\/p>\n<p><span style=\"font-weight: 400;\">&#8211; Embalaje cuidado en caja de regalo individual y descripci\u00f3n multiling\u00fce.<\/span><\/p>\n","protected":false},"featured_media":593,"comment_status":"open","ping_status":"closed","template":"","meta":{"om_disable_all_campaigns":false,"_monsterinsights_skip_tracking":false,"_monsterinsights_sitenote_active":false,"_monsterinsights_sitenote_note":"","_monsterinsights_sitenote_category":0},"product_brand":[],"product_cat":[387],"product_tag":[20,19,180],"class_list":{"0":"post-468","1":"product","2":"type-product","3":"status-publish","4":"has-post-thumbnail","6":"product_cat-difusores-aceites-esenciales-y-aromas","7":"product_tag-incienso","8":"product_tag-quemador","9":"product_tag-voile","11":"first","12":"instock","13":"taxable","14":"shipping-taxable","15":"purchasable","16":"product-type-simple"},"aioseo_notices":[],"jetpack_sharing_enabled":true,"_links":{"self":[{"href":"https:\/\/daluzatuvida.com\/index.php\/wp-json\/wp\/v2\/product\/468","targetHints":{"allow":["GET"]}}],"collection":[{"href":"https:\/\/daluzatuvida.com\/index.php\/wp-json\/wp\/v2\/product"}],"about":[{"href":"https:\/\/daluzatuvida.com\/index.php\/wp-json\/wp\/v2\/types\/product"}],"replies":[{"embeddable":true,"href":"https:\/\/daluzatuvida.com\/index.php\/wp-json\/wp\/v2\/comments?post=468"}],"wp:featuredmedia":[{"embeddable":true,"href":"https:\/\/daluzatuvida.com\/index.php\/wp-json\/wp\/v2\/media\/593"}],"wp:attachment":[{"href":"https:\/\/daluzatuvida.com\/index.php\/wp-json\/wp\/v2\/media?parent=468"}],"wp:term":[{"taxonomy":"product_brand","embeddable":true,"href":"https:\/\/daluzatuvida.com\/index.php\/wp-json\/wp\/v2\/product_brand?post=468"},{"taxonomy":"product_cat","embeddable":true,"href":"https:\/\/daluzatuvida.com\/index.php\/wp-json\/wp\/v2\/product_cat?post=468"},{"taxonomy":"product_tag","embeddable":true,"href":"https:\/\/daluzatuvida.com\/index.php\/wp-json\/wp\/v2\/product_tag?post=468"}],"curies":[{"name":"wp","href":"https:\/\/api.w.org\/{rel}","templated":true}]}}