{"id":463,"date":"2022-10-07T16:03:57","date_gmt":"2022-10-07T16:03:57","guid":{"rendered":"https:\/\/daluzatuvida.com\/?post_type=product&#038;p=463"},"modified":"2024-05-21T12:17:50","modified_gmt":"2024-05-21T11:17:50","slug":"difusor-ultrasonico-de-aceites-esenciales-vita","status":"publish","type":"product","link":"https:\/\/daluzatuvida.com\/index.php\/product\/difusor-ultrasonico-de-aceites-esenciales-vita\/","title":{"rendered":"Difusor ultras\u00f3nico de aceites esenciales Vita"},"content":{"rendered":"","protected":false},"excerpt":{"rendered":"<p><strong>DESCRIPCI\u00d3N<\/strong><\/p>\n<p><span style=\"font-weight: 400;\">La Vita es una de nuestras creaciones originales. Naci\u00f3 del &#8220;matrimonio&#8221; entre uno de nuestros bestsellers, el Vela y un patr\u00f3n que apreciamos mucho, el \u00c1rbol de la Vida. El resultado es impresionante. Un patr\u00f3n cortado en metal con gran precisi\u00f3n y un acabado perfecto hasta el m\u00e1s m\u00ednimo detalle, resaltado por la iluminaci\u00f3n que da la ilusi\u00f3n de una vela colocada en un portavelas. Esta decoraci\u00f3n m\u00e1gica dise\u00f1ada con materiales de calidad se ve realzada por una iluminaci\u00f3n que cambia de color.<\/span><\/p>\n<p><span style=\"font-weight: 400;\">Proporciona una difusi\u00f3n eficaz para una habitaci\u00f3n de hasta 40 m\u00b2. Un sistema magn\u00e9tico inteligente mantiene el difusor en el centro de la linterna de metal mientrc asegura la fuente de alimentaci\u00f3n. La difusi\u00f3n y la iluminaci\u00f3n se controlan desde el mando a distancia. Tambi\u00e9n se beneficia de un apagado autom\u00e1tico cuando el tanc est\u00e1 vac\u00edo.<\/span><\/p>\n<p><span style=\"font-weight: 400;\">La niebla que se despliega y los aromas que se escapan revelan la naturaleza mismc este difusor particularmente decorativo que abre las puertas a la aromaterapia.<\/span><\/p>\n<p><span style=\"font-weight: 400;\">Funcionamiento de un difusor ultras\u00f3nico:<\/span><\/p>\n<p><span style=\"font-weight: 400;\">Esta tecnolog\u00eda de difusi\u00f3n es la que mejor cumple con las expectativas de la mayor\u00ed los consumidores porque tiene muchas ventajas. Despu\u00e9s de llenar el tanque con agua y unas gotas de aceites esenciales o perfume, este proceso generar\u00e1 una neblina compuesta por microgotas de agua cargadas de mol\u00e9culas arom\u00e1ticas que se difundir\u00e1n en la habitaci\u00f3n. De este modo, puede crear un ambiente fragante propicio para la relajaci\u00f3n y la relajaci\u00f3n. Este tipo de difusor es muy f\u00e1cil de usar y requiere muy poco mantenimiento. Adem\u00e1s, asegura una difusi\u00f3n en fr\u00edo que no altera las virtudes de los aceites esenciales.<\/span><\/p>\n<p><strong>ESPECIFICACIONES<\/strong><\/p>\n<p><span style=\"font-weight: 400;\">&#8211; Difusi\u00f3n hasta 40 m\u00b2.<\/span><\/p>\n<p><span style=\"font-weight: 400;\">&#8211; Mando a distancia proporcionado.<\/span><\/p>\n<p><span style=\"font-weight: 400;\">&#8211; Difundir en fr\u00edo para conservar las virtudes.<\/span><\/p>\n<p><span style=\"font-weight: 400;\">&#8211; Facilidad de uso.<\/span><\/p>\n<p><span style=\"font-weight: 400;\">&#8211; Combinaci\u00f3n de metal y cristal.<\/span><\/p>\n","protected":false},"featured_media":531,"comment_status":"open","ping_status":"closed","template":"","meta":{"om_disable_all_campaigns":false,"_monsterinsights_skip_tracking":false,"_monsterinsights_sitenote_active":false,"_monsterinsights_sitenote_note":"","_monsterinsights_sitenote_category":0},"product_brand":[],"product_cat":[387],"product_tag":[165,168,166,164,169],"class_list":{"0":"post-463","1":"product","2":"type-product","3":"status-publish","4":"has-post-thumbnail","6":"product_cat-difusores-aceites-esenciales-y-aromas","7":"product_tag-aceite","8":"product_tag-difusor","9":"product_tag-esencial","10":"product_tag-ultrasonico","11":"product_tag-vita","13":"first","14":"instock","15":"sale","16":"taxable","17":"shipping-taxable","18":"purchasable","19":"product-type-simple"},"aioseo_notices":[],"jetpack_sharing_enabled":true,"_links":{"self":[{"href":"https:\/\/daluzatuvida.com\/index.php\/wp-json\/wp\/v2\/product\/463","targetHints":{"allow":["GET"]}}],"collection":[{"href":"https:\/\/daluzatuvida.com\/index.php\/wp-json\/wp\/v2\/product"}],"about":[{"href":"https:\/\/daluzatuvida.com\/index.php\/wp-json\/wp\/v2\/types\/product"}],"replies":[{"embeddable":true,"href":"https:\/\/daluzatuvida.com\/index.php\/wp-json\/wp\/v2\/comments?post=463"}],"wp:featuredmedia":[{"embeddable":true,"href":"https:\/\/daluzatuvida.com\/index.php\/wp-json\/wp\/v2\/media\/531"}],"wp:attachment":[{"href":"https:\/\/daluzatuvida.com\/index.php\/wp-json\/wp\/v2\/media?parent=463"}],"wp:term":[{"taxonomy":"product_brand","embeddable":true,"href":"https:\/\/daluzatuvida.com\/index.php\/wp-json\/wp\/v2\/product_brand?post=463"},{"taxonomy":"product_cat","embeddable":true,"href":"https:\/\/daluzatuvida.com\/index.php\/wp-json\/wp\/v2\/product_cat?post=463"},{"taxonomy":"product_tag","embeddable":true,"href":"https:\/\/daluzatuvida.com\/index.php\/wp-json\/wp\/v2\/product_tag?post=463"}],"curies":[{"name":"wp","href":"https:\/\/api.w.org\/{rel}","templated":true}]}}