{"id":462,"date":"2022-10-07T16:02:50","date_gmt":"2022-10-07T16:02:50","guid":{"rendered":"https:\/\/daluzatuvida.com\/?post_type=product&#038;p=462"},"modified":"2024-05-21T12:17:37","modified_gmt":"2024-05-21T11:17:37","slug":"difusor-ultrasonico-de-aceites-esenciales-amida","status":"publish","type":"product","link":"https:\/\/daluzatuvida.com\/index.php\/product\/difusor-ultrasonico-de-aceites-esenciales-amida\/","title":{"rendered":"Difusor Ultras\u00f3nico De Aceites Esenciales Amida"},"content":{"rendered":"","protected":false},"excerpt":{"rendered":"<p><strong>DESCRIPCI\u00d3N<\/strong><\/p>\n<p><span style=\"font-weight: 400;\">Descubre la combinaci\u00f3n perfecta de aromaterapia y decoraci\u00f3n con el Difusor de Aceites Esenciales Amida.<\/span><\/p>\n<p><span style=\"font-weight: 400;\">El difusor ultras\u00f3nico de aceites esenciales Amida emana zenitud con una parte superior de cer\u00e1mica en forma de cabeza de Buda. Ofrece m\u00e1s de diez modos de iluminaci\u00f3n diferentes y dos modos de difusi\u00f3n: continua o alterna.<\/span><\/p>\n<p><span style=\"font-weight: 400;\">Proporciona una difusi\u00f3n eficaz para una habitaci\u00f3n de hasta 40 m\u00b2 y tambi\u00e9n se beneficia del apagado autom\u00e1tico cuando el tanque est\u00e1 vac\u00edo.<\/span><\/p>\n<p><span style=\"font-weight: 400;\">Funcionamiento de un difusor ultras\u00f3nico:<\/span><\/p>\n<p><span style=\"font-weight: 400;\">Esta tecnolog\u00eda de difusi\u00f3n es la que mejor cumple con las expectativas de la mayor\u00eda de los consumidores porque tiene muchas ventajas. Despu\u00e9s de llenar el tanque con agua y unas gotas de aceites esenciales o perfume, este proceso generar\u00e1 una neblina compuesta por microgotas de agua cargadas de mol\u00e9culas arom\u00e1ticas que se difundir\u00e1n en la habitaci\u00f3n. De este modo, puede crear un ambiente fragante propicio para la relajaci\u00f3n y la relajaci\u00f3n. Este tipo de difusor es muy f\u00e1cil de usar y requiere muy poco mantenimiento. Adem\u00e1s, asegura una difusi\u00f3n en fr\u00edo que no altera las virtudes de los aceites esenciales.<\/span><\/p>\n<p><strong>ESPECIFICACIONES<\/strong><\/p>\n<p><span style=\"font-weight: 400;\">&#8211; Difusi\u00f3n hasta 40 m\u00b2.<\/span><\/p>\n<p><span style=\"font-weight: 400;\">&#8211; Un difusor con estilo zen.<\/span><\/p>\n<p><span style=\"font-weight: 400;\">&#8211; Difundir en fr\u00edo para conservar las virtudes.<\/span><\/p>\n<p><span style=\"font-weight: 400;\">&#8211; Facilidad de uso.<\/span><\/p>\n<p><span style=\"font-weight: 400;\">&#8211; Manual de usuario en franc\u00e9s, ingl\u00e9s, espa\u00f1ol, italiano y alem\u00e1n (traducci\u00f3n posible).<\/span><\/p>\n<p><span style=\"font-weight: 400;\">&#8211; Embalaje cuidado en caja de regalo y descripci\u00f3n multiling\u00fce.<\/span><\/p>\n","protected":false},"featured_media":528,"comment_status":"open","ping_status":"closed","template":"","meta":{"om_disable_all_campaigns":false,"_monsterinsights_skip_tracking":false,"_monsterinsights_sitenote_active":false,"_monsterinsights_sitenote_note":"","_monsterinsights_sitenote_category":0},"product_brand":[],"product_cat":[387],"product_tag":[165,167,168,166,164],"class_list":{"0":"post-462","1":"product","2":"type-product","3":"status-publish","4":"has-post-thumbnail","6":"product_cat-difusores-aceites-esenciales-y-aromas","7":"product_tag-aceite","8":"product_tag-amida","9":"product_tag-difusor","10":"product_tag-esencial","11":"product_tag-ultrasonico","13":"first","14":"instock","15":"featured","16":"taxable","17":"shipping-taxable","18":"purchasable","19":"product-type-simple"},"aioseo_notices":[],"jetpack_sharing_enabled":true,"_links":{"self":[{"href":"https:\/\/daluzatuvida.com\/index.php\/wp-json\/wp\/v2\/product\/462","targetHints":{"allow":["GET"]}}],"collection":[{"href":"https:\/\/daluzatuvida.com\/index.php\/wp-json\/wp\/v2\/product"}],"about":[{"href":"https:\/\/daluzatuvida.com\/index.php\/wp-json\/wp\/v2\/types\/product"}],"replies":[{"embeddable":true,"href":"https:\/\/daluzatuvida.com\/index.php\/wp-json\/wp\/v2\/comments?post=462"}],"wp:featuredmedia":[{"embeddable":true,"href":"https:\/\/daluzatuvida.com\/index.php\/wp-json\/wp\/v2\/media\/528"}],"wp:attachment":[{"href":"https:\/\/daluzatuvida.com\/index.php\/wp-json\/wp\/v2\/media?parent=462"}],"wp:term":[{"taxonomy":"product_brand","embeddable":true,"href":"https:\/\/daluzatuvida.com\/index.php\/wp-json\/wp\/v2\/product_brand?post=462"},{"taxonomy":"product_cat","embeddable":true,"href":"https:\/\/daluzatuvida.com\/index.php\/wp-json\/wp\/v2\/product_cat?post=462"},{"taxonomy":"product_tag","embeddable":true,"href":"https:\/\/daluzatuvida.com\/index.php\/wp-json\/wp\/v2\/product_tag?post=462"}],"curies":[{"name":"wp","href":"https:\/\/api.w.org\/{rel}","templated":true}]}}