{"id":459,"date":"2022-10-07T16:50:36","date_gmt":"2022-10-07T16:50:36","guid":{"rendered":"https:\/\/daluzatuvida.com\/?post_type=product&#038;p=459"},"modified":"2024-05-21T12:40:40","modified_gmt":"2024-05-21T11:40:40","slug":"masajeador-facial-con-rodillo-de-cuarzo-rosa-funda","status":"publish","type":"product","link":"https:\/\/daluzatuvida.com\/index.php\/product\/masajeador-facial-con-rodillo-de-cuarzo-rosa-funda\/","title":{"rendered":"Masajeador facial con rodillo de cuarzo rosa + Funda"},"content":{"rendered":"","protected":false},"excerpt":{"rendered":"<p><strong>DESCRIPCI\u00d3N<\/strong><\/p>\n<p><span style=\"font-weight: 400;\">Rodillo facial Sun&amp;Sia Rose Quartz: el accesorio de belleza imprescindible.<\/span><\/p>\n<p><span style=\"font-weight: 400;\">Piel cansada, tez gris\u00e1cea, tez apagada, ojeras pronunciadas&#8230; \u00bftus cremas para el cuidado de la piel tardan en hacer efecto? Pruebe nuestro masajeador de rodillos faciales Real Stone. Este accesorio de belleza ancestral se utiliza en China desde el siglo VII para estimular el drenaje linf\u00e1tico y reafirmar la piel.<\/span><\/p>\n<p><span style=\"font-weight: 400;\">Adopta este ritual de belleza que combina el masaje de la piel con las virtudes del Jade, conocido entre otras cosas por permanecer constantemente fr\u00edo lo que ayuda a devolver la elasticidad y luminosidad a la piel.<\/span><\/p>\n<p><span style=\"font-weight: 400;\">El rodillo se compone de una parte grande para el contorno del rostro y una parte m\u00e1s peque\u00f1a para las zonas m\u00e1s delicadas como el contorno de ojos, nariz y boca. Simplemente enr\u00f3llelo desde el interior hacia el exterior de la cara, ajustando la presi\u00f3n de acuerdo con su sensibilidad. Combina el uso del rodillo y la aplicaci\u00f3n de tu tratamiento de belleza para favorecer su penetraci\u00f3n.<\/span><\/p>\n<p><span style=\"font-weight: 400;\">Peque\u00f1o consejo, coloca el rodillo en la nevera antes de usarlo para una intensa sensaci\u00f3n de frescura que ayuda a cerrar los poros.<\/span><\/p>\n<p><span style=\"font-weight: 400;\">Este accesorio totalmente reutilizable viene con una bolsa de almacenamiento gratuita. Al tratarse de un producto natural, el color del rodillo puede variar ligeramente seg\u00fan la piedra.<\/span><\/p>\n","protected":false},"featured_media":547,"comment_status":"open","ping_status":"closed","template":"","meta":{"om_disable_all_campaigns":false,"_monsterinsights_skip_tracking":false,"_monsterinsights_sitenote_active":false,"_monsterinsights_sitenote_note":"","_monsterinsights_sitenote_category":0},"product_brand":[],"product_cat":[386],"product_tag":[30,159,154,155,156,31],"class_list":{"0":"post-459","1":"product","2":"type-product","3":"status-publish","4":"has-post-thumbnail","6":"product_cat-piedras-energeticas","7":"product_tag-cuarzo","8":"product_tag-funda","9":"product_tag-masaje","10":"product_tag-masajes","11":"product_tag-rodillo","12":"product_tag-rosa","14":"first","15":"instock","16":"taxable","17":"shipping-taxable","18":"purchasable","19":"product-type-simple"},"aioseo_notices":[],"jetpack_sharing_enabled":true,"_links":{"self":[{"href":"https:\/\/daluzatuvida.com\/index.php\/wp-json\/wp\/v2\/product\/459","targetHints":{"allow":["GET"]}}],"collection":[{"href":"https:\/\/daluzatuvida.com\/index.php\/wp-json\/wp\/v2\/product"}],"about":[{"href":"https:\/\/daluzatuvida.com\/index.php\/wp-json\/wp\/v2\/types\/product"}],"replies":[{"embeddable":true,"href":"https:\/\/daluzatuvida.com\/index.php\/wp-json\/wp\/v2\/comments?post=459"}],"wp:featuredmedia":[{"embeddable":true,"href":"https:\/\/daluzatuvida.com\/index.php\/wp-json\/wp\/v2\/media\/547"}],"wp:attachment":[{"href":"https:\/\/daluzatuvida.com\/index.php\/wp-json\/wp\/v2\/media?parent=459"}],"wp:term":[{"taxonomy":"product_brand","embeddable":true,"href":"https:\/\/daluzatuvida.com\/index.php\/wp-json\/wp\/v2\/product_brand?post=459"},{"taxonomy":"product_cat","embeddable":true,"href":"https:\/\/daluzatuvida.com\/index.php\/wp-json\/wp\/v2\/product_cat?post=459"},{"taxonomy":"product_tag","embeddable":true,"href":"https:\/\/daluzatuvida.com\/index.php\/wp-json\/wp\/v2\/product_tag?post=459"}],"curies":[{"name":"wp","href":"https:\/\/api.w.org\/{rel}","templated":true}]}}