{"id":457,"date":"2022-10-07T17:37:44","date_gmt":"2022-10-07T17:37:44","guid":{"rendered":"https:\/\/daluzatuvida.com\/?post_type=product&#038;p=457"},"modified":"2024-05-21T13:17:40","modified_gmt":"2024-05-21T12:17:40","slug":"vela-de-jazmin-en-bowl-de-coco","status":"publish","type":"product","link":"https:\/\/daluzatuvida.com\/index.php\/product\/vela-de-jazmin-en-bowl-de-coco\/","title":{"rendered":"Vela de jazm\u00edn en bowl de Passion fruit"},"content":{"rendered":"","protected":false},"excerpt":{"rendered":"<p><span style=\"font-weight: 400;\">Hecha a mano en Espa\u00f1a a partir de cera de soja ecol\u00f3gica. Contiene una fragancia suave y deliciosa a jazm\u00edn.<\/span><\/p>\n<p><span style=\"font-weight: 400;\">&#8211; Duraci\u00f3n: +45 horas<\/span><\/p>\n<p><span style=\"font-weight: 400;\">&#8211; Medidas: 350 gr. cera y 10,5 cm \u00d8<\/span><\/p>\n<p><span style=\"font-weight: 400;\">&#8211; Peso total: 450 gramos<\/span><\/p>\n<p><span style=\"font-weight: 400;\">Cera de soja (EU) y mecha de madera de quemado lento.<\/span><\/p>\n<p><span style=\"font-weight: 400;\">No se recomienda prender durante +3 horas seguidas.\u00a0<\/span><\/p>\n<p><span style=\"font-weight: 400;\">El primer quemado es importante. Intentar quemar hasta los bordes la primera vez que enciendas tu vela de jazm\u00edn.<\/span><\/p>\n<p><span style=\"font-weight: 400;\">Dimensiones: 10-11 cm (d) x 7 cm (h)<\/span><\/p>\n<p><span style=\"font-weight: 400;\">Peso neto: 450 gr<\/span><\/p>\n<p><span style=\"font-weight: 400;\">Contenido: 400-450 gr<\/span><\/p>\n<p><span style=\"font-weight: 400;\">Materiales: C\u00e1scara de coco y cera de soja EU<\/span><\/p>\n","protected":false},"featured_media":568,"comment_status":"open","ping_status":"closed","template":"","meta":{"om_disable_all_campaigns":false,"_monsterinsights_skip_tracking":false,"_monsterinsights_sitenote_active":false,"_monsterinsights_sitenote_note":"","_monsterinsights_sitenote_category":0},"product_brand":[],"product_cat":[387,378],"product_tag":[147,146,42,152,151,29],"class_list":{"0":"post-457","1":"product","2":"type-product","3":"status-publish","4":"has-post-thumbnail","6":"product_cat-difusores-aceites-esenciales-y-aromas","7":"product_cat-velas-y-velones","8":"product_tag-bol","9":"product_tag-coco","10":"product_tag-flor","11":"product_tag-jasmin","12":"product_tag-jazmin","13":"product_tag-vela","15":"first","16":"instock","17":"sale","18":"taxable","19":"shipping-taxable","20":"purchasable","21":"product-type-simple"},"aioseo_notices":[],"jetpack_sharing_enabled":true,"_links":{"self":[{"href":"https:\/\/daluzatuvida.com\/index.php\/wp-json\/wp\/v2\/product\/457","targetHints":{"allow":["GET"]}}],"collection":[{"href":"https:\/\/daluzatuvida.com\/index.php\/wp-json\/wp\/v2\/product"}],"about":[{"href":"https:\/\/daluzatuvida.com\/index.php\/wp-json\/wp\/v2\/types\/product"}],"replies":[{"embeddable":true,"href":"https:\/\/daluzatuvida.com\/index.php\/wp-json\/wp\/v2\/comments?post=457"}],"wp:featuredmedia":[{"embeddable":true,"href":"https:\/\/daluzatuvida.com\/index.php\/wp-json\/wp\/v2\/media\/568"}],"wp:attachment":[{"href":"https:\/\/daluzatuvida.com\/index.php\/wp-json\/wp\/v2\/media?parent=457"}],"wp:term":[{"taxonomy":"product_brand","embeddable":true,"href":"https:\/\/daluzatuvida.com\/index.php\/wp-json\/wp\/v2\/product_brand?post=457"},{"taxonomy":"product_cat","embeddable":true,"href":"https:\/\/daluzatuvida.com\/index.php\/wp-json\/wp\/v2\/product_cat?post=457"},{"taxonomy":"product_tag","embeddable":true,"href":"https:\/\/daluzatuvida.com\/index.php\/wp-json\/wp\/v2\/product_tag?post=457"}],"curies":[{"name":"wp","href":"https:\/\/api.w.org\/{rel}","templated":true}]}}