{"id":448,"date":"2022-10-07T17:12:58","date_gmt":"2022-10-07T17:12:58","guid":{"rendered":"https:\/\/daluzatuvida.com\/?post_type=product&#038;p=448"},"modified":"2024-11-19T14:00:00","modified_gmt":"2024-11-19T13:00:00","slug":"piramide-energetica-rosa-sagrada-madre","status":"publish","type":"product","link":"https:\/\/daluzatuvida.com\/index.php\/product\/piramide-energetica-rosa-sagrada-madre\/","title":{"rendered":"Bombitas Pir\u00e1mide energ\u00e9tica Rosa .sagrada madre"},"content":{"rendered":"","protected":false},"excerpt":{"rendered":"<p><strong>DESCRIPCI\u00d3N<\/strong><\/p>\n<p><span style=\"font-weight: 400;\">Hecho a mano con mucho amor.<\/span><\/p>\n<p><span style=\"font-weight: 400;\">Uso: para sahumar y quemar.<\/span><\/p>\n<p><span style=\"font-weight: 400;\">Pir\u00e1mide energ\u00e9tica para sahumar: s\u00edmbolo del Fuego, milenaria Geometr\u00eda Divina de la raza Humana, conector entre el mundo celestial y terrenal, su poder El Sol, energ\u00eda de vida y transformaci\u00f3n, conductora del poder c\u00f3smico sobre el ambiente donde se utilice. Adem\u00e1s esta pir\u00e1mide contiene p\u00e9talos de rosa, la rosa es el s\u00edmbolo del amor y la uni\u00f3n, conecta a seres y a las almas a vivir en armon\u00eda, creando lazos duraderos de amor, prosperidad y fraternidad.<\/span><\/p>\n<p><strong>ESPECIFICACIONES<\/strong><\/p>\n<p><span style=\"font-weight: 400;\">Contenido: 4 unidades de pir\u00e1mides energ\u00e9ticas.<\/span><\/p>\n<p><span style=\"font-weight: 400;\">Duraci\u00f3n: 15 minutos aproximadamente por pir\u00e1mide energ\u00e9tica.<\/span><\/p>\n<p><span style=\"font-weight: 400;\">Medida caja: 9x9x4 cm.<\/span><\/p>\n","protected":false},"featured_media":554,"comment_status":"open","ping_status":"closed","template":"","meta":{"om_disable_all_campaigns":false,"_monsterinsights_skip_tracking":false,"_monsterinsights_sitenote_active":false,"_monsterinsights_sitenote_note":"","_monsterinsights_sitenote_category":0},"product_brand":[],"product_cat":[380],"product_tag":[125,103,124,31,102],"class_list":{"0":"post-448","1":"product","2":"type-product","3":"status-publish","4":"has-post-thumbnail","6":"product_cat-sagrada-madre-inciensos-complementos","7":"product_tag-energia","8":"product_tag-madre","9":"product_tag-piramide","10":"product_tag-rosa","11":"product_tag-sagrada","13":"first","14":"instock","15":"taxable","16":"shipping-taxable","17":"purchasable","18":"product-type-simple"},"aioseo_notices":[],"jetpack_sharing_enabled":true,"_links":{"self":[{"href":"https:\/\/daluzatuvida.com\/index.php\/wp-json\/wp\/v2\/product\/448","targetHints":{"allow":["GET"]}}],"collection":[{"href":"https:\/\/daluzatuvida.com\/index.php\/wp-json\/wp\/v2\/product"}],"about":[{"href":"https:\/\/daluzatuvida.com\/index.php\/wp-json\/wp\/v2\/types\/product"}],"replies":[{"embeddable":true,"href":"https:\/\/daluzatuvida.com\/index.php\/wp-json\/wp\/v2\/comments?post=448"}],"wp:featuredmedia":[{"embeddable":true,"href":"https:\/\/daluzatuvida.com\/index.php\/wp-json\/wp\/v2\/media\/554"}],"wp:attachment":[{"href":"https:\/\/daluzatuvida.com\/index.php\/wp-json\/wp\/v2\/media?parent=448"}],"wp:term":[{"taxonomy":"product_brand","embeddable":true,"href":"https:\/\/daluzatuvida.com\/index.php\/wp-json\/wp\/v2\/product_brand?post=448"},{"taxonomy":"product_cat","embeddable":true,"href":"https:\/\/daluzatuvida.com\/index.php\/wp-json\/wp\/v2\/product_cat?post=448"},{"taxonomy":"product_tag","embeddable":true,"href":"https:\/\/daluzatuvida.com\/index.php\/wp-json\/wp\/v2\/product_tag?post=448"}],"curies":[{"name":"wp","href":"https:\/\/api.w.org\/{rel}","templated":true}]}}