{"id":447,"date":"2022-10-07T17:14:21","date_gmt":"2022-10-07T17:14:21","guid":{"rendered":"https:\/\/daluzatuvida.com\/?post_type=product&#038;p=447"},"modified":"2024-11-19T13:59:16","modified_gmt":"2024-11-19T12:59:16","slug":"piramide-energetica-olibano-puro-madre","status":"publish","type":"product","link":"https:\/\/daluzatuvida.com\/index.php\/product\/piramide-energetica-olibano-puro-madre\/","title":{"rendered":"Bombitas Pir\u00e1mide energ\u00e9tica Ol\u00edbano Puro.sagrada madre"},"content":{"rendered":"","protected":false},"excerpt":{"rendered":"<p><strong>DESCRIPCI\u00d3N<\/strong><\/p>\n<p><span style=\"font-weight: 400;\">Hecho a mano con mucho amor.<\/span><\/p>\n<p><span style=\"font-weight: 400;\">Uso: para sahumar y quemar.<\/span><\/p>\n<p><span style=\"font-weight: 400;\">Pir\u00e1mide energ\u00e9tica para sahumar: s\u00edmbolo del Fuego, milenaria Geometr\u00eda Divina de la raza Humana, conector entre el mundo celestial y terrenal, su poder El Sol, energ\u00eda de vida y transformaci\u00f3n, conductora del poder c\u00f3smico sobre el ambiente donde se utilice, la forma piramidal lleva nuestra energ\u00eda o petici\u00f3n a los cuatro puntos cardinales del espacio universal, transformando y materializando el amor Divino en la tierra, el hogar y en la vida, Adem\u00e1s esta pir\u00e1mide energ\u00e9tica contiene perlas de Ol\u00edbano puro, aportando su gran poder de transmutaci\u00f3n y purificaci\u00f3n.<\/span><\/p>\n<p><strong>ESPECIFICACIONES<\/strong><\/p>\n<p><span style=\"font-weight: 400;\">Contenido: 4 unidades de pir\u00e1mides energ\u00e9ticas.<\/span><\/p>\n<p><span style=\"font-weight: 400;\">Duraci\u00f3n: 15 minutos aproximadamente por pir\u00e1mide energ\u00e9tica.<\/span><\/p>\n<p><span style=\"font-weight: 400;\">Medida caja: 9x9x4 cm.<\/span><\/p>\n","protected":false},"featured_media":556,"comment_status":"open","ping_status":"closed","template":"","meta":{"om_disable_all_campaigns":false,"_monsterinsights_skip_tracking":false,"_monsterinsights_sitenote_active":false,"_monsterinsights_sitenote_note":"","_monsterinsights_sitenote_category":0},"product_brand":[],"product_cat":[380],"product_tag":[125,103,106,124,129],"class_list":{"0":"post-447","1":"product","2":"type-product","3":"status-publish","4":"has-post-thumbnail","6":"product_cat-sagrada-madre-inciensos-complementos","7":"product_tag-energia","8":"product_tag-madre","9":"product_tag-olibano","10":"product_tag-piramide","11":"product_tag-puro","13":"first","14":"instock","15":"taxable","16":"shipping-taxable","17":"purchasable","18":"product-type-simple"},"aioseo_notices":[],"jetpack_sharing_enabled":true,"_links":{"self":[{"href":"https:\/\/daluzatuvida.com\/index.php\/wp-json\/wp\/v2\/product\/447","targetHints":{"allow":["GET"]}}],"collection":[{"href":"https:\/\/daluzatuvida.com\/index.php\/wp-json\/wp\/v2\/product"}],"about":[{"href":"https:\/\/daluzatuvida.com\/index.php\/wp-json\/wp\/v2\/types\/product"}],"replies":[{"embeddable":true,"href":"https:\/\/daluzatuvida.com\/index.php\/wp-json\/wp\/v2\/comments?post=447"}],"wp:featuredmedia":[{"embeddable":true,"href":"https:\/\/daluzatuvida.com\/index.php\/wp-json\/wp\/v2\/media\/556"}],"wp:attachment":[{"href":"https:\/\/daluzatuvida.com\/index.php\/wp-json\/wp\/v2\/media?parent=447"}],"wp:term":[{"taxonomy":"product_brand","embeddable":true,"href":"https:\/\/daluzatuvida.com\/index.php\/wp-json\/wp\/v2\/product_brand?post=447"},{"taxonomy":"product_cat","embeddable":true,"href":"https:\/\/daluzatuvida.com\/index.php\/wp-json\/wp\/v2\/product_cat?post=447"},{"taxonomy":"product_tag","embeddable":true,"href":"https:\/\/daluzatuvida.com\/index.php\/wp-json\/wp\/v2\/product_tag?post=447"}],"curies":[{"name":"wp","href":"https:\/\/api.w.org\/{rel}","templated":true}]}}