{"id":443,"date":"2022-10-07T17:58:50","date_gmt":"2022-10-07T17:58:50","guid":{"rendered":"https:\/\/daluzatuvida.com\/?post_type=product&#038;p=443"},"modified":"2024-05-21T12:50:53","modified_gmt":"2024-05-21T11:50:53","slug":"perlas-aromaticas-lavanda-sagrada-madre","status":"publish","type":"product","link":"https:\/\/daluzatuvida.com\/index.php\/product\/perlas-aromaticas-lavanda-sagrada-madre\/","title":{"rendered":"Perlas arom\u00e1ticas Lavanda Sagrada Madre"},"content":{"rendered":"","protected":false},"excerpt":{"rendered":"<p><strong>DESCRIPCI\u00d3N<\/strong><\/p>\n<p><span style=\"font-weight: 400;\">Hecho a mano con mucho amor.<\/span><\/p>\n<p><span style=\"font-weight: 400;\">Usos: se puede usar como esencia s\u00f3lida para quemadores, con o sin agua.<\/span><\/p>\n<p><span style=\"font-weight: 400;\">Tambi\u00e9n se utiliza para dar un buen aroma a nuestros armarios o cajones.\u00a0<\/span><\/p>\n<p><span style=\"font-weight: 400;\">En aromaterapia la lavanda es un gran relajante emocional, ayuda a la sanaci\u00f3n espiritual y material, atrae energ\u00eda positiva y renovada a la atm\u00f3sfera y al alma.<\/span><\/p>\n<p><strong>ESPECIFICACIONES<\/strong><\/p>\n<p><span style=\"font-weight: 400;\">Contenido: Cajita de 12 perlitas individuales.<\/span><\/p>\n<p><span style=\"font-weight: 400;\">Composici\u00f3n: aceite concentrado arom\u00e1tico, aceites esenciales, harina de madera y aglutinante natural.<\/span><\/p>\n","protected":false},"featured_media":578,"comment_status":"open","ping_status":"closed","template":"","meta":{"om_disable_all_campaigns":false,"_monsterinsights_skip_tracking":false,"_monsterinsights_sitenote_active":false,"_monsterinsights_sitenote_note":"","_monsterinsights_sitenote_category":0},"product_brand":[],"product_cat":[387,380],"product_tag":[115,118,116,96,103,117,114,102],"class_list":{"0":"post-443","1":"product","2":"type-product","3":"status-publish","4":"has-post-thumbnail","6":"product_cat-difusores-aceites-esenciales-y-aromas","7":"product_cat-sagrada-madre-inciensos-complementos","8":"product_tag-aroma","9":"product_tag-aromatica","10":"product_tag-aromaticas","11":"product_tag-lavanda","12":"product_tag-madre","13":"product_tag-perla","14":"product_tag-perlas","15":"product_tag-sagrada","17":"first","18":"instock","19":"taxable","20":"shipping-taxable","21":"purchasable","22":"product-type-simple"},"aioseo_notices":[],"jetpack_sharing_enabled":true,"_links":{"self":[{"href":"https:\/\/daluzatuvida.com\/index.php\/wp-json\/wp\/v2\/product\/443","targetHints":{"allow":["GET"]}}],"collection":[{"href":"https:\/\/daluzatuvida.com\/index.php\/wp-json\/wp\/v2\/product"}],"about":[{"href":"https:\/\/daluzatuvida.com\/index.php\/wp-json\/wp\/v2\/types\/product"}],"replies":[{"embeddable":true,"href":"https:\/\/daluzatuvida.com\/index.php\/wp-json\/wp\/v2\/comments?post=443"}],"wp:featuredmedia":[{"embeddable":true,"href":"https:\/\/daluzatuvida.com\/index.php\/wp-json\/wp\/v2\/media\/578"}],"wp:attachment":[{"href":"https:\/\/daluzatuvida.com\/index.php\/wp-json\/wp\/v2\/media?parent=443"}],"wp:term":[{"taxonomy":"product_brand","embeddable":true,"href":"https:\/\/daluzatuvida.com\/index.php\/wp-json\/wp\/v2\/product_brand?post=443"},{"taxonomy":"product_cat","embeddable":true,"href":"https:\/\/daluzatuvida.com\/index.php\/wp-json\/wp\/v2\/product_cat?post=443"},{"taxonomy":"product_tag","embeddable":true,"href":"https:\/\/daluzatuvida.com\/index.php\/wp-json\/wp\/v2\/product_tag?post=443"}],"curies":[{"name":"wp","href":"https:\/\/api.w.org\/{rel}","templated":true}]}}