{"id":439,"date":"2022-10-07T18:02:11","date_gmt":"2022-10-07T18:02:11","guid":{"rendered":"https:\/\/daluzatuvida.com\/?post_type=product&#038;p=439"},"modified":"2024-05-23T13:52:32","modified_gmt":"2024-05-23T12:52:32","slug":"sahumador-cemento-triangular-sagrada-madre","status":"publish","type":"product","link":"https:\/\/daluzatuvida.com\/index.php\/product\/sahumador-cemento-triangular-sagrada-madre\/","title":{"rendered":"Sahumador Cemento Triangular Sagrada Madre"},"content":{"rendered":"","protected":false},"excerpt":{"rendered":"<p><strong>DESCRIPCI\u00d3N<\/strong><\/p>\n<p><span style=\"font-weight: 400;\">Ideal para sahumos, bombitas de defumaci\u00f3n, carb\u00f3n, inciensos sahumerios.<\/span><\/p>\n<p><span style=\"font-weight: 400;\">Se utiliza para dejar reposar los atados de hierbas despu\u00e9s de quemarlos o para sahumar con los atados de hierbas gracias a su extremo para poder sujetarlo.\u00a0<\/span><\/p>\n<p><span style=\"font-weight: 400;\">Puedes utilizar este quemador de hierbas para tus limpiezas energ\u00e9ticas con palo santo, atados de hierbas o sahumos.\u00a0<\/span><\/p>\n<p><span style=\"font-weight: 400;\">Este quemador de sahumerios tambi\u00e9n se utiliza para quemar incienso en grano con carb\u00f3n lit\u00fargico o hierbas.\u00a0<\/span><\/p>\n<p><span style=\"font-weight: 400;\">Es un quemador de incienso original donde puedes quemar conos de incienso y varillas de incienso gracias a un agujerito que hay en el extremo del tri\u00e1ngulo.<\/span><\/p>\n<p><strong>ESPECIFICACIONES<\/strong><\/p>\n<p><span style=\"font-weight: 400;\">Cuenco con di\u00e1metro de 9,5cm y largo hasta el extremo de 18cm con una altura de 3,5cm.<\/span><\/p>\n<p><span style=\"font-weight: 400;\">Hecho con cemento y su color natural.<\/span><\/p>\n","protected":false},"featured_media":583,"comment_status":"open","ping_status":"closed","template":"","meta":{"om_disable_all_campaigns":false,"_monsterinsights_skip_tracking":false,"_monsterinsights_sitenote_active":false,"_monsterinsights_sitenote_note":"","_monsterinsights_sitenote_category":0},"product_brand":[],"product_cat":[380],"product_tag":[110,109,108,111],"class_list":{"0":"post-439","1":"product","2":"type-product","3":"status-publish","4":"has-post-thumbnail","6":"product_cat-sagrada-madre-inciensos-complementos","7":"product_tag-cemento","8":"product_tag-sagrada-madre","9":"product_tag-sahumador","10":"product_tag-triangular","12":"first","13":"outofstock","14":"taxable","15":"shipping-taxable","16":"purchasable","17":"product-type-simple"},"aioseo_notices":[],"jetpack_sharing_enabled":true,"_links":{"self":[{"href":"https:\/\/daluzatuvida.com\/index.php\/wp-json\/wp\/v2\/product\/439","targetHints":{"allow":["GET"]}}],"collection":[{"href":"https:\/\/daluzatuvida.com\/index.php\/wp-json\/wp\/v2\/product"}],"about":[{"href":"https:\/\/daluzatuvida.com\/index.php\/wp-json\/wp\/v2\/types\/product"}],"replies":[{"embeddable":true,"href":"https:\/\/daluzatuvida.com\/index.php\/wp-json\/wp\/v2\/comments?post=439"}],"wp:featuredmedia":[{"embeddable":true,"href":"https:\/\/daluzatuvida.com\/index.php\/wp-json\/wp\/v2\/media\/583"}],"wp:attachment":[{"href":"https:\/\/daluzatuvida.com\/index.php\/wp-json\/wp\/v2\/media?parent=439"}],"wp:term":[{"taxonomy":"product_brand","embeddable":true,"href":"https:\/\/daluzatuvida.com\/index.php\/wp-json\/wp\/v2\/product_brand?post=439"},{"taxonomy":"product_cat","embeddable":true,"href":"https:\/\/daluzatuvida.com\/index.php\/wp-json\/wp\/v2\/product_cat?post=439"},{"taxonomy":"product_tag","embeddable":true,"href":"https:\/\/daluzatuvida.com\/index.php\/wp-json\/wp\/v2\/product_tag?post=439"}],"curies":[{"name":"wp","href":"https:\/\/api.w.org\/{rel}","templated":true}]}}