{"id":435,"date":"2022-10-07T15:49:48","date_gmt":"2022-10-07T15:49:48","guid":{"rendered":"https:\/\/daluzatuvida.com\/?post_type=product&#038;p=435"},"modified":"2024-05-21T17:38:14","modified_gmt":"2024-05-21T16:38:14","slug":"conos-de-reflujo-golden-india-palo-santo-de-sree-vani","status":"publish","type":"product","link":"https:\/\/daluzatuvida.com\/index.php\/product\/conos-de-reflujo-golden-india-palo-santo-de-sree-vani\/","title":{"rendered":"Conos de reflujo Golden India Palo Santo de Sree Vani"},"content":{"rendered":"","protected":false},"excerpt":{"rendered":"<p><strong>DESCRIPCI\u00d3N<\/strong><\/p>\n<p><span style=\"font-weight: 400;\">El aroma de los conos de reflujo Golden India White Sage es asombroso y espiritual. Este incienso es positivo, edificante y vibrante. Los humos que salen liberan un aroma y se extiende lentamente por toda la habitaci\u00f3n. El humo en cascada limpia la energ\u00eda y el aire en los alrededores y la felicidad que brinda est\u00e1 m\u00e1s all\u00e1 de toda explicaci\u00f3n.\u00a0<\/span><\/p>\n<p><span style=\"font-weight: 400;\">El Palo Santo aleja las energ\u00edas negativas, ambienta tu hogar con una energ\u00eda limpia, promueve la atracci\u00f3n de pensamientos positivos, facilita la relajaci\u00f3n y profundiza la conexi\u00f3n con tu pareja.<\/span><\/p>\n<p><strong>ESPECIFICACIONES<\/strong><\/p>\n<p><span style=\"font-weight: 400;\">El tama\u00f1o del cono de reflujo es de 4 cm de alto x 1 cm de ancho.\u00a0<\/span><\/p>\n<p><span style=\"font-weight: 400;\">La duraci\u00f3n aproximada es de 20 minutos.<\/span><\/p>\n<p><span style=\"font-weight: 400;\">El paquete trae 10 conos.\u00a0<\/span><\/p>\n<p><span style=\"font-weight: 400;\">Hecho en India.\u00a0<\/span><\/p>\n","protected":false},"featured_media":521,"comment_status":"open","ping_status":"closed","template":"","meta":{"om_disable_all_campaigns":false,"_monsterinsights_skip_tracking":false,"_monsterinsights_sitenote_active":false,"_monsterinsights_sitenote_note":"","_monsterinsights_sitenote_category":0},"product_brand":[],"product_cat":[380],"product_tag":[88,93,91,97,89,98,92],"class_list":{"0":"post-435","1":"product","2":"type-product","3":"status-publish","4":"has-post-thumbnail","6":"product_cat-sagrada-madre-inciensos-complementos","7":"product_tag-cono","8":"product_tag-golden","9":"product_tag-india","10":"product_tag-palo","11":"product_tag-reflujo","12":"product_tag-santo","13":"product_tag-sree-vani","15":"first","16":"instock","17":"taxable","18":"shipping-taxable","19":"purchasable","20":"product-type-simple"},"aioseo_notices":[],"jetpack_sharing_enabled":true,"_links":{"self":[{"href":"https:\/\/daluzatuvida.com\/index.php\/wp-json\/wp\/v2\/product\/435","targetHints":{"allow":["GET"]}}],"collection":[{"href":"https:\/\/daluzatuvida.com\/index.php\/wp-json\/wp\/v2\/product"}],"about":[{"href":"https:\/\/daluzatuvida.com\/index.php\/wp-json\/wp\/v2\/types\/product"}],"replies":[{"embeddable":true,"href":"https:\/\/daluzatuvida.com\/index.php\/wp-json\/wp\/v2\/comments?post=435"}],"wp:featuredmedia":[{"embeddable":true,"href":"https:\/\/daluzatuvida.com\/index.php\/wp-json\/wp\/v2\/media\/521"}],"wp:attachment":[{"href":"https:\/\/daluzatuvida.com\/index.php\/wp-json\/wp\/v2\/media?parent=435"}],"wp:term":[{"taxonomy":"product_brand","embeddable":true,"href":"https:\/\/daluzatuvida.com\/index.php\/wp-json\/wp\/v2\/product_brand?post=435"},{"taxonomy":"product_cat","embeddable":true,"href":"https:\/\/daluzatuvida.com\/index.php\/wp-json\/wp\/v2\/product_cat?post=435"},{"taxonomy":"product_tag","embeddable":true,"href":"https:\/\/daluzatuvida.com\/index.php\/wp-json\/wp\/v2\/product_tag?post=435"}],"curies":[{"name":"wp","href":"https:\/\/api.w.org\/{rel}","templated":true}]}}