{"id":2926,"date":"2025-05-22T13:42:10","date_gmt":"2025-05-22T12:42:10","guid":{"rendered":"https:\/\/daluzatuvida.com\/index.php\/product\/pulsera-doble-proteccion-plata\/"},"modified":"2025-05-22T13:42:22","modified_gmt":"2025-05-22T12:42:22","slug":"pulsera-doble-proteccion-plata","status":"publish","type":"product","link":"https:\/\/daluzatuvida.com\/index.php\/product\/pulsera-doble-proteccion-plata\/","title":{"rendered":"Pulsera Doble protecci\u00f3n \nplata"},"content":{"rendered":"<p>pulsera de doble protecci\u00f3n de 19 cm<\/p>\n<p>en plata..protege tu energia con esta pulsera y no permitas q te hagan m\u00e1s da\u00f1o.<\/p>\n","protected":false},"excerpt":{"rendered":"<p>pulsera de doble protecci\u00f3n de 19 cm en plata..protege tu energia con esta pulsera y no permitas q te hagan m\u00e1s da\u00f1o.<\/p>\n","protected":false},"featured_media":2925,"comment_status":"open","ping_status":"closed","template":"","meta":{"om_disable_all_campaigns":false,"_monsterinsights_skip_tracking":false,"_monsterinsights_sitenote_active":false,"_monsterinsights_sitenote_note":"","_monsterinsights_sitenote_category":0},"product_brand":[],"product_cat":[389],"product_tag":[],"class_list":{"0":"post-2926","1":"product","2":"type-product","3":"status-publish","4":"has-post-thumbnail","6":"product_cat-articulos-de-plata","8":"first","9":"instock","10":"taxable","11":"shipping-taxable","12":"purchasable","13":"product-type-simple"},"aioseo_notices":[],"jetpack_sharing_enabled":true,"_links":{"self":[{"href":"https:\/\/daluzatuvida.com\/index.php\/wp-json\/wp\/v2\/product\/2926","targetHints":{"allow":["GET"]}}],"collection":[{"href":"https:\/\/daluzatuvida.com\/index.php\/wp-json\/wp\/v2\/product"}],"about":[{"href":"https:\/\/daluzatuvida.com\/index.php\/wp-json\/wp\/v2\/types\/product"}],"replies":[{"embeddable":true,"href":"https:\/\/daluzatuvida.com\/index.php\/wp-json\/wp\/v2\/comments?post=2926"}],"wp:featuredmedia":[{"embeddable":true,"href":"https:\/\/daluzatuvida.com\/index.php\/wp-json\/wp\/v2\/media\/2925"}],"wp:attachment":[{"href":"https:\/\/daluzatuvida.com\/index.php\/wp-json\/wp\/v2\/media?parent=2926"}],"wp:term":[{"taxonomy":"product_brand","embeddable":true,"href":"https:\/\/daluzatuvida.com\/index.php\/wp-json\/wp\/v2\/product_brand?post=2926"},{"taxonomy":"product_cat","embeddable":true,"href":"https:\/\/daluzatuvida.com\/index.php\/wp-json\/wp\/v2\/product_cat?post=2926"},{"taxonomy":"product_tag","embeddable":true,"href":"https:\/\/daluzatuvida.com\/index.php\/wp-json\/wp\/v2\/product_tag?post=2926"}],"curies":[{"name":"wp","href":"https:\/\/api.w.org\/{rel}","templated":true}]}}