{"id":2855,"date":"2024-11-19T15:55:45","date_gmt":"2024-11-19T14:55:45","guid":{"rendered":"https:\/\/daluzatuvida.com\/index.php\/product\/colgante-plata-abrecaminos\/"},"modified":"2025-05-22T13:20:05","modified_gmt":"2025-05-22T12:20:05","slug":"colgante-plata-abrecaminos","status":"publish","type":"product","link":"https:\/\/daluzatuvida.com\/index.php\/product\/colgante-plata-abrecaminos\/","title":{"rendered":"colgante plata.\nAbrecaminos"},"content":{"rendered":"<p>Este precioso colgante bajo un precioso ritual de abrecaminos de plata con minerales naturales&#8230;.la magia es poderosa.es un colgante elegante lleno de magia.para abrir caminos..a la vista de los dem\u00e1s parecer\u00e1 un colgante bonito..y la portadora sabr\u00e1 q este precioso colgante le estar\u00e1 abriendo caminos de una forma discreta.<\/p>\n<p>nunca reveles tus secretos..<\/p>\n","protected":false},"excerpt":{"rendered":"<p>Este precioso colgante bajo un precioso ritual de abrecaminos de plata con minerales naturales&#8230;.la magia es poderosa.es un colgante elegante lleno de magia.para abrir caminos..a la vista de los dem\u00e1s parecer\u00e1 un colgante bonito..y la portadora sabr\u00e1 q este precioso colgante le estar\u00e1 abriendo caminos&hellip;<\/p>\n","protected":false},"featured_media":2854,"comment_status":"open","ping_status":"closed","template":"","meta":{"om_disable_all_campaigns":false,"_monsterinsights_skip_tracking":false,"_monsterinsights_sitenote_active":false,"_monsterinsights_sitenote_note":"","_monsterinsights_sitenote_category":0},"product_brand":[],"product_cat":[389],"product_tag":[],"class_list":{"0":"post-2855","1":"product","2":"type-product","3":"status-publish","4":"has-post-thumbnail","6":"product_cat-articulos-de-plata","8":"first","9":"instock","10":"taxable","11":"shipping-taxable","12":"purchasable","13":"product-type-simple"},"aioseo_notices":[],"jetpack_sharing_enabled":true,"_links":{"self":[{"href":"https:\/\/daluzatuvida.com\/index.php\/wp-json\/wp\/v2\/product\/2855","targetHints":{"allow":["GET"]}}],"collection":[{"href":"https:\/\/daluzatuvida.com\/index.php\/wp-json\/wp\/v2\/product"}],"about":[{"href":"https:\/\/daluzatuvida.com\/index.php\/wp-json\/wp\/v2\/types\/product"}],"replies":[{"embeddable":true,"href":"https:\/\/daluzatuvida.com\/index.php\/wp-json\/wp\/v2\/comments?post=2855"}],"wp:featuredmedia":[{"embeddable":true,"href":"https:\/\/daluzatuvida.com\/index.php\/wp-json\/wp\/v2\/media\/2854"}],"wp:attachment":[{"href":"https:\/\/daluzatuvida.com\/index.php\/wp-json\/wp\/v2\/media?parent=2855"}],"wp:term":[{"taxonomy":"product_brand","embeddable":true,"href":"https:\/\/daluzatuvida.com\/index.php\/wp-json\/wp\/v2\/product_brand?post=2855"},{"taxonomy":"product_cat","embeddable":true,"href":"https:\/\/daluzatuvida.com\/index.php\/wp-json\/wp\/v2\/product_cat?post=2855"},{"taxonomy":"product_tag","embeddable":true,"href":"https:\/\/daluzatuvida.com\/index.php\/wp-json\/wp\/v2\/product_tag?post=2855"}],"curies":[{"name":"wp","href":"https:\/\/api.w.org\/{rel}","templated":true}]}}