{"id":2581,"date":"2024-05-21T23:51:32","date_gmt":"2024-05-21T22:51:32","guid":{"rendered":"https:\/\/daluzatuvida.com\/index.php\/product\/ritual-arcangel-rafael-salud\/"},"modified":"2024-11-19T14:39:59","modified_gmt":"2024-11-19T13:39:59","slug":"ritual-arcangel-rafael-salud","status":"publish","type":"product","link":"https:\/\/daluzatuvida.com\/index.php\/product\/ritual-arcangel-rafael-salud\/","title":{"rendered":"Ritual Arcangel Rafael.\nSalud."},"content":{"rendered":"<p>vela de excelente calidad llena de s\u00edmbolos .para alcanzar la conexi\u00f3n con el arc\u00e1ngel.y nuestra petici\u00f3n sea escuchada .para pedir salud.<\/p>\n","protected":false},"excerpt":{"rendered":"<p>vela de excelente calidad llena de s\u00edmbolos .para alcanzar la conexi\u00f3n con el arc\u00e1ngel.y nuestra petici\u00f3n sea escuchada .para pedir salud.<\/p>\n","protected":false},"featured_media":2580,"comment_status":"open","ping_status":"closed","template":"","meta":{"om_disable_all_campaigns":false,"_monsterinsights_skip_tracking":false,"_monsterinsights_sitenote_active":false,"_monsterinsights_sitenote_note":"","_monsterinsights_sitenote_category":0},"product_brand":[],"product_cat":[378],"product_tag":[],"class_list":{"0":"post-2581","1":"product","2":"type-product","3":"status-publish","4":"has-post-thumbnail","6":"product_cat-velas-y-velones","8":"first","9":"instock","10":"taxable","11":"shipping-taxable","12":"purchasable","13":"product-type-simple"},"aioseo_notices":[],"jetpack_sharing_enabled":true,"_links":{"self":[{"href":"https:\/\/daluzatuvida.com\/index.php\/wp-json\/wp\/v2\/product\/2581","targetHints":{"allow":["GET"]}}],"collection":[{"href":"https:\/\/daluzatuvida.com\/index.php\/wp-json\/wp\/v2\/product"}],"about":[{"href":"https:\/\/daluzatuvida.com\/index.php\/wp-json\/wp\/v2\/types\/product"}],"replies":[{"embeddable":true,"href":"https:\/\/daluzatuvida.com\/index.php\/wp-json\/wp\/v2\/comments?post=2581"}],"wp:featuredmedia":[{"embeddable":true,"href":"https:\/\/daluzatuvida.com\/index.php\/wp-json\/wp\/v2\/media\/2580"}],"wp:attachment":[{"href":"https:\/\/daluzatuvida.com\/index.php\/wp-json\/wp\/v2\/media?parent=2581"}],"wp:term":[{"taxonomy":"product_brand","embeddable":true,"href":"https:\/\/daluzatuvida.com\/index.php\/wp-json\/wp\/v2\/product_brand?post=2581"},{"taxonomy":"product_cat","embeddable":true,"href":"https:\/\/daluzatuvida.com\/index.php\/wp-json\/wp\/v2\/product_cat?post=2581"},{"taxonomy":"product_tag","embeddable":true,"href":"https:\/\/daluzatuvida.com\/index.php\/wp-json\/wp\/v2\/product_tag?post=2581"}],"curies":[{"name":"wp","href":"https:\/\/api.w.org\/{rel}","templated":true}]}}