{"id":2457,"date":"2024-05-07T13:25:14","date_gmt":"2024-05-07T12:25:14","guid":{"rendered":"https:\/\/daluzatuvida.com\/index.php\/product\/colonia-magica-para-el-mal-de-ojo\/"},"modified":"2024-05-21T12:13:31","modified_gmt":"2024-05-21T11:13:31","slug":"colonia-magica-para-el-mal-de-ojo","status":"publish","type":"product","link":"https:\/\/daluzatuvida.com\/index.php\/product\/colonia-magica-para-el-mal-de-ojo\/","title":{"rendered":"Colonia agua de florida \n mal de ojo."},"content":{"rendered":"<p>esta colonia m\u00e1gica es perfecta para protegerte del mal de ojo.y limpieza energ\u00e9tica  y si consideras q tienes ya mal de ojo, te haces una limpia con sahumerio de ruda  o un ba\u00f1o con sal y te pones la colonia  de mal de ojo y listo.<\/p>\n","protected":false},"excerpt":{"rendered":"<p>esta colonia m\u00e1gica es perfecta para protegerte del mal de ojo.y limpieza energ\u00e9tica y si consideras q tienes ya mal de ojo, te haces una limpia con sahumerio de ruda o un ba\u00f1o con sal y te pones la colonia de mal de ojo y&hellip;<\/p>\n","protected":false},"featured_media":2456,"comment_status":"open","ping_status":"closed","template":"","meta":{"om_disable_all_campaigns":false,"_monsterinsights_skip_tracking":false,"_monsterinsights_sitenote_active":false,"_monsterinsights_sitenote_note":"","_monsterinsights_sitenote_category":0},"product_brand":[],"product_cat":[384],"product_tag":[],"class_list":{"0":"post-2457","1":"product","2":"type-product","3":"status-publish","4":"has-post-thumbnail","6":"product_cat-gama-agua-de-florida","8":"first","9":"instock","10":"taxable","11":"shipping-taxable","12":"purchasable","13":"product-type-simple"},"aioseo_notices":[],"jetpack_sharing_enabled":true,"_links":{"self":[{"href":"https:\/\/daluzatuvida.com\/index.php\/wp-json\/wp\/v2\/product\/2457","targetHints":{"allow":["GET"]}}],"collection":[{"href":"https:\/\/daluzatuvida.com\/index.php\/wp-json\/wp\/v2\/product"}],"about":[{"href":"https:\/\/daluzatuvida.com\/index.php\/wp-json\/wp\/v2\/types\/product"}],"replies":[{"embeddable":true,"href":"https:\/\/daluzatuvida.com\/index.php\/wp-json\/wp\/v2\/comments?post=2457"}],"wp:featuredmedia":[{"embeddable":true,"href":"https:\/\/daluzatuvida.com\/index.php\/wp-json\/wp\/v2\/media\/2456"}],"wp:attachment":[{"href":"https:\/\/daluzatuvida.com\/index.php\/wp-json\/wp\/v2\/media?parent=2457"}],"wp:term":[{"taxonomy":"product_brand","embeddable":true,"href":"https:\/\/daluzatuvida.com\/index.php\/wp-json\/wp\/v2\/product_brand?post=2457"},{"taxonomy":"product_cat","embeddable":true,"href":"https:\/\/daluzatuvida.com\/index.php\/wp-json\/wp\/v2\/product_cat?post=2457"},{"taxonomy":"product_tag","embeddable":true,"href":"https:\/\/daluzatuvida.com\/index.php\/wp-json\/wp\/v2\/product_tag?post=2457"}],"curies":[{"name":"wp","href":"https:\/\/api.w.org\/{rel}","templated":true}]}}