{"id":2453,"date":"2024-05-07T13:09:00","date_gmt":"2024-05-07T12:09:00","guid":{"rendered":"https:\/\/daluzatuvida.com\/index.php\/product\/colonia-agua-de-florida-walter\/"},"modified":"2025-05-23T09:48:58","modified_gmt":"2025-05-23T08:48:58","slug":"colonia-agua-de-florida-walter","status":"publish","type":"product","link":"https:\/\/daluzatuvida.com\/index.php\/product\/colonia-agua-de-florida-walter\/","title":{"rendered":"Colonia Agua de florida."},"content":{"rendered":"<p>esta colonia tiene un aroma fresco se utiliza para muchas cosas tanto como colonia para pulverizar la casa incluso para limpiar&#8230;.sirve para descargarte energeticamente.limpia nuestras 7 capas de nuestro cuerpo pero tambi\u00e9n nos libera  en momentos puntuales de un mal de ojo ect.. como tambi\u00e9n es famosa porque con ella tambi\u00e9n atraemos abundancia a nuestra vida.<\/p>\n","protected":false},"excerpt":{"rendered":"<p>esta colonia tiene un aroma fresco se utiliza para muchas cosas tanto como colonia para pulverizar la casa incluso para limpiar&#8230;.sirve para descargarte energeticamente.limpia nuestras 7 capas de nuestro cuerpo pero tambi\u00e9n nos libera en momentos puntuales de un mal de ojo ect.. como tambi\u00e9n&hellip;<\/p>\n","protected":false},"featured_media":2452,"comment_status":"open","ping_status":"closed","template":"","meta":{"om_disable_all_campaigns":false,"_monsterinsights_skip_tracking":false,"_monsterinsights_sitenote_active":false,"_monsterinsights_sitenote_note":"","_monsterinsights_sitenote_category":0},"product_brand":[],"product_cat":[384],"product_tag":[],"class_list":{"0":"post-2453","1":"product","2":"type-product","3":"status-publish","4":"has-post-thumbnail","6":"product_cat-gama-agua-de-florida","8":"first","9":"instock","10":"taxable","11":"shipping-taxable","12":"purchasable","13":"product-type-simple"},"aioseo_notices":[],"jetpack_sharing_enabled":true,"_links":{"self":[{"href":"https:\/\/daluzatuvida.com\/index.php\/wp-json\/wp\/v2\/product\/2453","targetHints":{"allow":["GET"]}}],"collection":[{"href":"https:\/\/daluzatuvida.com\/index.php\/wp-json\/wp\/v2\/product"}],"about":[{"href":"https:\/\/daluzatuvida.com\/index.php\/wp-json\/wp\/v2\/types\/product"}],"replies":[{"embeddable":true,"href":"https:\/\/daluzatuvida.com\/index.php\/wp-json\/wp\/v2\/comments?post=2453"}],"wp:featuredmedia":[{"embeddable":true,"href":"https:\/\/daluzatuvida.com\/index.php\/wp-json\/wp\/v2\/media\/2452"}],"wp:attachment":[{"href":"https:\/\/daluzatuvida.com\/index.php\/wp-json\/wp\/v2\/media?parent=2453"}],"wp:term":[{"taxonomy":"product_brand","embeddable":true,"href":"https:\/\/daluzatuvida.com\/index.php\/wp-json\/wp\/v2\/product_brand?post=2453"},{"taxonomy":"product_cat","embeddable":true,"href":"https:\/\/daluzatuvida.com\/index.php\/wp-json\/wp\/v2\/product_cat?post=2453"},{"taxonomy":"product_tag","embeddable":true,"href":"https:\/\/daluzatuvida.com\/index.php\/wp-json\/wp\/v2\/product_tag?post=2453"}],"curies":[{"name":"wp","href":"https:\/\/api.w.org\/{rel}","templated":true}]}}