{"id":2446,"date":"2024-05-07T12:34:13","date_gmt":"2024-05-07T11:34:13","guid":{"rendered":"https:\/\/daluzatuvida.com\/index.php\/product\/colonia-magica-de-rosasamor-propio-y-para-amor-en-si\/"},"modified":"2025-05-22T10:30:15","modified_gmt":"2025-05-22T09:30:15","slug":"colonia-magica-de-rosasamor-propio-y-para-amor-en-si","status":"publish","type":"product","link":"https:\/\/daluzatuvida.com\/index.php\/product\/colonia-magica-de-rosasamor-propio-y-para-amor-en-si\/","title":{"rendered":"Colonia agua  de florida rosas\nAmor propio y para Amor en s\u00ed."},"content":{"rendered":"<p>Esta colonia de la l\u00ednea de agua de florida es perfecta para trabajar el amor propio..subiendo nuestra energ\u00eda positiva como tambi\u00e9n el amor de pareja.tiene un aroma fresco  a rosas dulces ..<\/p>\n","protected":false},"excerpt":{"rendered":"<p>Esta colonia de la l\u00ednea de agua de florida es perfecta para trabajar el amor propio..subiendo nuestra energ\u00eda positiva como tambi\u00e9n el amor de pareja.tiene un aroma fresco a rosas dulces ..<\/p>\n","protected":false},"featured_media":2445,"comment_status":"open","ping_status":"closed","template":"","meta":{"om_disable_all_campaigns":false,"_monsterinsights_skip_tracking":false,"_monsterinsights_sitenote_active":false,"_monsterinsights_sitenote_note":"","_monsterinsights_sitenote_category":0},"product_brand":[],"product_cat":[384],"product_tag":[],"class_list":{"0":"post-2446","1":"product","2":"type-product","3":"status-publish","4":"has-post-thumbnail","6":"product_cat-gama-agua-de-florida","8":"first","9":"instock","10":"taxable","11":"shipping-taxable","12":"purchasable","13":"product-type-simple"},"aioseo_notices":[],"jetpack_sharing_enabled":true,"_links":{"self":[{"href":"https:\/\/daluzatuvida.com\/index.php\/wp-json\/wp\/v2\/product\/2446","targetHints":{"allow":["GET"]}}],"collection":[{"href":"https:\/\/daluzatuvida.com\/index.php\/wp-json\/wp\/v2\/product"}],"about":[{"href":"https:\/\/daluzatuvida.com\/index.php\/wp-json\/wp\/v2\/types\/product"}],"replies":[{"embeddable":true,"href":"https:\/\/daluzatuvida.com\/index.php\/wp-json\/wp\/v2\/comments?post=2446"}],"wp:featuredmedia":[{"embeddable":true,"href":"https:\/\/daluzatuvida.com\/index.php\/wp-json\/wp\/v2\/media\/2445"}],"wp:attachment":[{"href":"https:\/\/daluzatuvida.com\/index.php\/wp-json\/wp\/v2\/media?parent=2446"}],"wp:term":[{"taxonomy":"product_brand","embeddable":true,"href":"https:\/\/daluzatuvida.com\/index.php\/wp-json\/wp\/v2\/product_brand?post=2446"},{"taxonomy":"product_cat","embeddable":true,"href":"https:\/\/daluzatuvida.com\/index.php\/wp-json\/wp\/v2\/product_cat?post=2446"},{"taxonomy":"product_tag","embeddable":true,"href":"https:\/\/daluzatuvida.com\/index.php\/wp-json\/wp\/v2\/product_tag?post=2446"}],"curies":[{"name":"wp","href":"https:\/\/api.w.org\/{rel}","templated":true}]}}