{"id":2324,"date":"2023-06-29T16:03:33","date_gmt":"2023-06-29T16:03:33","guid":{"rendered":"https:\/\/daluzatuvida.com\/index.php\/product\/poderoso-extracto-perfumediosa-de-la-abundancia\/"},"modified":"2024-11-19T14:20:04","modified_gmt":"2024-11-19T13:20:04","slug":"poderoso-extracto-perfumediosa-de-la-abundancia","status":"publish","type":"product","link":"https:\/\/daluzatuvida.com\/index.php\/product\/poderoso-extracto-perfumediosa-de-la-abundancia\/","title":{"rendered":"PODEROSO EXTRACTO PERFUME\nDIOSA DE LA ABUNDANCIA"},"content":{"rendered":"<p><span style=\"font-family:arial,sans-serif;font-size:13.3333px;font-style:normal;font-weight:300;letter-spacing:normal;text-transform:none;float:none;text-align:left\">Aut\u00e9ntico Perfume de Prop\u00f3sito Diosa de la Fortuna para dar fuerza a tus Rituales de \u00c9xito y Abundancia. Lograr\u00e1s Energ\u00eda y Poder en tus rituales y deseos para conseguir atraer a ti la Suerte y la Fortuna. <\/span><span style=\"font-family:arial,sans-serif\"><em style=\"font-family: arial, sans-serif;font-weight: 300;letter-spacing: normal;text-align: start;text-indent: 0px;text-transform: none\">Perfume Esot\u00e9rico Diosa de la Fortuna <\/em><\/span><span style=\"font-family:arial,sans-serif;font-size:13.3333px;font-style:normal;font-weight:300;letter-spacing:normal;text-transform:none;float:none;text-align:left\">elaborado de forma Artesanal seg\u00fan antiguas Tradiciones esot\u00e9ricas con esencias especiales y Ritualizadas para Potenciar todas tus Peticiones de Porsperidad y Abundancia. El Perfume Esot\u00e9rico de 15 ml incluye instrucciones de uso y Oraci\u00f3n.<\/span><\/p>\n","protected":false},"excerpt":{"rendered":"<p>Aut\u00e9ntico Perfume de Prop\u00f3sito Diosa de la Fortuna para dar fuerza a tus Rituales de \u00c9xito y Abundancia. Lograr\u00e1s Energ\u00eda y Poder en tus rituales y deseos para conseguir atraer a ti la Suerte y la Fortuna. Perfume Esot\u00e9rico Diosa de la Fortuna elaborado de&hellip;<\/p>\n","protected":false},"featured_media":2323,"comment_status":"open","ping_status":"closed","template":"","meta":{"om_disable_all_campaigns":false,"_monsterinsights_skip_tracking":false,"_monsterinsights_sitenote_active":false,"_monsterinsights_sitenote_note":"","_monsterinsights_sitenote_category":0},"product_brand":[],"product_cat":[390],"product_tag":[],"class_list":{"0":"post-2324","1":"product","2":"type-product","3":"status-publish","4":"has-post-thumbnail","6":"product_cat-jabones-lociones-y-perfumes","8":"first","9":"instock","10":"taxable","11":"shipping-taxable","12":"purchasable","13":"product-type-simple"},"aioseo_notices":[],"jetpack_sharing_enabled":true,"_links":{"self":[{"href":"https:\/\/daluzatuvida.com\/index.php\/wp-json\/wp\/v2\/product\/2324","targetHints":{"allow":["GET"]}}],"collection":[{"href":"https:\/\/daluzatuvida.com\/index.php\/wp-json\/wp\/v2\/product"}],"about":[{"href":"https:\/\/daluzatuvida.com\/index.php\/wp-json\/wp\/v2\/types\/product"}],"replies":[{"embeddable":true,"href":"https:\/\/daluzatuvida.com\/index.php\/wp-json\/wp\/v2\/comments?post=2324"}],"wp:featuredmedia":[{"embeddable":true,"href":"https:\/\/daluzatuvida.com\/index.php\/wp-json\/wp\/v2\/media\/2323"}],"wp:attachment":[{"href":"https:\/\/daluzatuvida.com\/index.php\/wp-json\/wp\/v2\/media?parent=2324"}],"wp:term":[{"taxonomy":"product_brand","embeddable":true,"href":"https:\/\/daluzatuvida.com\/index.php\/wp-json\/wp\/v2\/product_brand?post=2324"},{"taxonomy":"product_cat","embeddable":true,"href":"https:\/\/daluzatuvida.com\/index.php\/wp-json\/wp\/v2\/product_cat?post=2324"},{"taxonomy":"product_tag","embeddable":true,"href":"https:\/\/daluzatuvida.com\/index.php\/wp-json\/wp\/v2\/product_tag?post=2324"}],"curies":[{"name":"wp","href":"https:\/\/api.w.org\/{rel}","templated":true}]}}