{"id":2304,"date":"2023-05-26T14:33:19","date_gmt":"2023-05-26T14:33:19","guid":{"rendered":"https:\/\/daluzatuvida.com\/index.php\/product\/yagra-violetas-lavanda-sagrada-madre\/"},"modified":"2024-11-19T17:47:37","modified_gmt":"2024-11-19T16:47:37","slug":"yagra-violetas-lavanda-sagrada-madre","status":"publish","type":"product","link":"https:\/\/daluzatuvida.com\/index.php\/product\/yagra-violetas-lavanda-sagrada-madre\/","title":{"rendered":"Incienso Yagra Violetas Lavanda\n Sagrada Madre"},"content":{"rendered":"<p style=\"margin-top:0px;margin-bottom:0.8rem;font-size:19px;line-height:28px;font-family:Karla,sans-serif;font-style:normal;font-weight:400;letter-spacing:normal;text-transform:none;text-align:left\">Incienso Yagra Violetas Lavanda Sagrada Madre.<\/p>\n<p style=\"margin-top:0px;margin-bottom:0.8rem;font-size:19px;line-height:28px;font-family:Karla,sans-serif;font-style:normal;font-weight:400;letter-spacing:normal;text-transform:none;text-align:left\">Hecho a mano.<\/p>\n<p style=\"margin-top:0px;margin-bottom:0.8rem;font-size:19px;line-height:28px;font-family:Karla,sans-serif;font-style:normal;font-weight:400;letter-spacing:normal;text-transform:none;text-align:left\">Contenido: 8 varillas gruesas de duraci\u00f3n extra.<\/p>\n<p style=\"margin-top:0px;margin-bottom:0.8rem;font-size:19px;line-height:28px;font-family:Karla,sans-serif;font-style:normal;font-weight:400;letter-spacing:normal;text-transform:none;text-align:left\">Duraci\u00f3n: cada varilla dura 1 hora.<\/p>\n<p style=\"margin-top:0px;margin-bottom:0.8rem;font-size:19px;line-height:28px;font-family:Karla,sans-serif;font-style:normal;font-weight:400;letter-spacing:normal;text-transform:none;text-align:left\">Composici\u00f3n:<\/p>\n<p style=\"margin-top:0px;margin-bottom:0.8rem;font-size:19px;line-height:28px;font-family:Karla,sans-serif;font-style:normal;font-weight:400;letter-spacing:normal;text-transform:none;text-align:left\">Flores de lavanda, aceite concentrado arom\u00e1tico, yagra, biomasa de fruta, carb\u00f3n vegetal y sal.<\/p>\n<p style=\"margin-top:0px;margin-bottom:0px;font-size:19px;line-height:28px;font-family:Karla,sans-serif;font-style:normal;font-weight:400;letter-spacing:normal;text-transform:none;text-align:left\">El poderoso aroma del Yagra disuelve las malas vibras, combinado con la frescura de la lavanda, despejan la mente y el bello aroma de la Violeta potencia esta combinaci\u00f3n para lograr una limpieza astral completa<\/p>\n","protected":false},"excerpt":{"rendered":"<p>Incienso Yagra Violetas Lavanda Sagrada Madre. Hecho a mano. Contenido: 8 varillas gruesas de duraci\u00f3n extra. Duraci\u00f3n: cada varilla dura 1 hora. Composici\u00f3n: Flores de lavanda, aceite concentrado arom\u00e1tico, yagra, biomasa de fruta, carb\u00f3n vegetal y sal. El poderoso aroma del Yagra disuelve las malas&hellip;<\/p>\n","protected":false},"featured_media":2303,"comment_status":"open","ping_status":"closed","template":"","meta":{"om_disable_all_campaigns":false,"_monsterinsights_skip_tracking":false,"_monsterinsights_sitenote_active":false,"_monsterinsights_sitenote_note":"","_monsterinsights_sitenote_category":0},"product_brand":[],"product_cat":[380],"product_tag":[],"class_list":{"0":"post-2304","1":"product","2":"type-product","3":"status-publish","4":"has-post-thumbnail","6":"product_cat-sagrada-madre-inciensos-complementos","8":"first","9":"outofstock","10":"taxable","11":"shipping-taxable","12":"purchasable","13":"product-type-simple"},"aioseo_notices":[],"jetpack_sharing_enabled":true,"_links":{"self":[{"href":"https:\/\/daluzatuvida.com\/index.php\/wp-json\/wp\/v2\/product\/2304","targetHints":{"allow":["GET"]}}],"collection":[{"href":"https:\/\/daluzatuvida.com\/index.php\/wp-json\/wp\/v2\/product"}],"about":[{"href":"https:\/\/daluzatuvida.com\/index.php\/wp-json\/wp\/v2\/types\/product"}],"replies":[{"embeddable":true,"href":"https:\/\/daluzatuvida.com\/index.php\/wp-json\/wp\/v2\/comments?post=2304"}],"wp:featuredmedia":[{"embeddable":true,"href":"https:\/\/daluzatuvida.com\/index.php\/wp-json\/wp\/v2\/media\/2303"}],"wp:attachment":[{"href":"https:\/\/daluzatuvida.com\/index.php\/wp-json\/wp\/v2\/media?parent=2304"}],"wp:term":[{"taxonomy":"product_brand","embeddable":true,"href":"https:\/\/daluzatuvida.com\/index.php\/wp-json\/wp\/v2\/product_brand?post=2304"},{"taxonomy":"product_cat","embeddable":true,"href":"https:\/\/daluzatuvida.com\/index.php\/wp-json\/wp\/v2\/product_cat?post=2304"},{"taxonomy":"product_tag","embeddable":true,"href":"https:\/\/daluzatuvida.com\/index.php\/wp-json\/wp\/v2\/product_tag?post=2304"}],"curies":[{"name":"wp","href":"https:\/\/api.w.org\/{rel}","templated":true}]}}