{"id":2268,"date":"2023-05-23T16:48:49","date_gmt":"2023-05-23T15:48:49","guid":{"rendered":"https:\/\/daluzatuvida.com\/index.php\/product\/extracto-de-poderosperfume-asheazabache-10-mm\/"},"modified":"2024-05-21T20:42:12","modified_gmt":"2024-05-21T19:42:12","slug":"extracto-de-poderosperfume-asheazabache-10-mm","status":"publish","type":"product","link":"https:\/\/daluzatuvida.com\/index.php\/product\/extracto-de-poderosperfume-asheazabache-10-mm\/","title":{"rendered":"Poderoso extracto de perfume Ashe\nAzabache 10 ml"},"content":{"rendered":"<p><span style=\"font-family:Raleway,Arial,Tahoma;font-size:14px;font-style:normal;font-weight:400;letter-spacing:normal;text-transform:none;float:none;text-align:left\">Extracto de poderoso perfume ASHE realizado seg\u00fan antiguas costumbres, este producto es uno de los de mayor \u00e9xito en santer\u00eda y su uso es tan f\u00e1cil como depositar unas gotas discretamente tras las orejas, cuello o mu\u00f1ecas para conseguir los efectos deseados; b\u00e1sicamente, se trata de aceite perfumante mezclado con otros ingredientes secretos. La santer\u00eda es un culto m\u00e1gico y religioso que nace de la uni\u00f3n entre las creencias ancestrales de los dioses africanos (orisas) y los santos cat\u00f3licos. Esta simbiosis perfecta, que recibe el nombre de sincretismo, nos abre una puerta al contacto con las energ\u00edas sutiles y arquet\u00edpicas que son capaces de ayudarnos en todos los momentos de nuestra vida.<\/span><\/p>\n","protected":false},"excerpt":{"rendered":"<p>Extracto de poderoso perfume ASHE realizado seg\u00fan antiguas costumbres, este producto es uno de los de mayor \u00e9xito en santer\u00eda y su uso es tan f\u00e1cil como depositar unas gotas discretamente tras las orejas, cuello o mu\u00f1ecas para conseguir los efectos deseados; b\u00e1sicamente, se trata&hellip;<\/p>\n","protected":false},"featured_media":2267,"comment_status":"open","ping_status":"closed","template":"","meta":{"om_disable_all_campaigns":false,"_monsterinsights_skip_tracking":false,"_monsterinsights_sitenote_active":false,"_monsterinsights_sitenote_note":"","_monsterinsights_sitenote_category":0},"product_brand":[],"product_cat":[390],"product_tag":[],"class_list":{"0":"post-2268","1":"product","2":"type-product","3":"status-publish","4":"has-post-thumbnail","6":"product_cat-jabones-lociones-y-perfumes","8":"first","9":"instock","10":"taxable","11":"shipping-taxable","12":"purchasable","13":"product-type-simple"},"aioseo_notices":[],"jetpack_sharing_enabled":true,"_links":{"self":[{"href":"https:\/\/daluzatuvida.com\/index.php\/wp-json\/wp\/v2\/product\/2268","targetHints":{"allow":["GET"]}}],"collection":[{"href":"https:\/\/daluzatuvida.com\/index.php\/wp-json\/wp\/v2\/product"}],"about":[{"href":"https:\/\/daluzatuvida.com\/index.php\/wp-json\/wp\/v2\/types\/product"}],"replies":[{"embeddable":true,"href":"https:\/\/daluzatuvida.com\/index.php\/wp-json\/wp\/v2\/comments?post=2268"}],"wp:featuredmedia":[{"embeddable":true,"href":"https:\/\/daluzatuvida.com\/index.php\/wp-json\/wp\/v2\/media\/2267"}],"wp:attachment":[{"href":"https:\/\/daluzatuvida.com\/index.php\/wp-json\/wp\/v2\/media?parent=2268"}],"wp:term":[{"taxonomy":"product_brand","embeddable":true,"href":"https:\/\/daluzatuvida.com\/index.php\/wp-json\/wp\/v2\/product_brand?post=2268"},{"taxonomy":"product_cat","embeddable":true,"href":"https:\/\/daluzatuvida.com\/index.php\/wp-json\/wp\/v2\/product_cat?post=2268"},{"taxonomy":"product_tag","embeddable":true,"href":"https:\/\/daluzatuvida.com\/index.php\/wp-json\/wp\/v2\/product_tag?post=2268"}],"curies":[{"name":"wp","href":"https:\/\/api.w.org\/{rel}","templated":true}]}}