{"id":2123,"date":"2023-05-02T08:18:44","date_gmt":"2023-05-02T08:18:44","guid":{"rendered":"https:\/\/daluzatuvida.com\/index.php\/product\/incienso-sandalo-y-canela-namaste-india\/"},"modified":"2024-11-19T17:45:43","modified_gmt":"2024-11-19T16:45:43","slug":"incienso-sandalo-y-canela-namaste-india","status":"publish","type":"product","link":"https:\/\/daluzatuvida.com\/index.php\/product\/incienso-sandalo-y-canela-namaste-india\/","title":{"rendered":"Incienso S\u00e1ndalo y Canela Namaste India"},"content":{"rendered":"<p style=\"margin-top:0px;margin-bottom:0.8rem;font-size:19px;line-height:28px;font-family:Karla,sans-serif;font-style:normal;font-weight:400;letter-spacing:normal;text-transform:none;text-align:left\">Incienso S\u00e1ndalo y Canela Namaste India<\/p>\n<p style=\"margin-top:0px;margin-bottom:0.8rem;font-size:19px;line-height:28px;font-family:Karla,sans-serif;font-style:normal;font-weight:400;letter-spacing:normal;text-transform:none;text-align:left\">Los inciensos Namaste India son perfectos para los que buscan un aroma potente y amigable con el medio ambiente.<\/p>\n<p style=\"margin-top:0px;margin-bottom:0.8rem;font-size:19px;line-height:28px;font-family:Karla,sans-serif;font-style:normal;font-weight:400;letter-spacing:normal;text-transform:none;text-align:left\">Para la creaci\u00f3n de sus inciensos, ocupan productos naturales, lo que cuida la salud y el medio ambiente.<\/p>\n<p style=\"margin-top:0px;margin-bottom:0.8rem;font-size:19px;line-height:28px;font-family:Karla,sans-serif;font-style:normal;font-weight:400;letter-spacing:normal;text-transform:none;text-align:left\">Si eres adicto a los aromas fuertes pero suave a la vez, los inciensos Namaste India ser\u00e1n tus favoritos.<\/p>\n<p style=\"margin-top:0px;margin-bottom:0.8rem;font-size:19px;line-height:28px;font-family:Karla,sans-serif;font-style:normal;font-weight:400;letter-spacing:normal;text-transform:none;text-align:left\">Este incienso de S\u00e1ndalo con Canela est\u00e1 hecho con los mejores aceites naturales, que se unen para brindarte un gran aroma, adem\u00e1s de relajarte y calmar toda ansiedad por sus propiedades tranquilizantes.<\/p>\n<p style=\"margin-top:0px;margin-bottom:0.8rem;font-size:19px;line-height:28px;font-family:Karla,sans-serif;font-style:normal;font-weight:400;letter-spacing:normal;text-transform:none;text-align:left\">Presentado en cajas de unos 15 gramos.<\/p>\n<p style=\"margin-top:0px;margin-bottom:0px;font-size:19px;line-height:28px;font-family:Karla,sans-serif;font-style:normal;font-weight:400;letter-spacing:normal;text-transform:none;text-align:left\">Este incienso es de larga duraci\u00f3n, entre 30-45 minutos aproximadamente.<\/p>\n","protected":false},"excerpt":{"rendered":"<p>Incienso S\u00e1ndalo y Canela Namaste India Los inciensos Namaste India son perfectos para los que buscan un aroma potente y amigable con el medio ambiente. Para la creaci\u00f3n de sus inciensos, ocupan productos naturales, lo que cuida la salud y el medio ambiente. Si eres&hellip;<\/p>\n","protected":false},"featured_media":2122,"comment_status":"open","ping_status":"closed","template":"","meta":{"om_disable_all_campaigns":false,"_monsterinsights_skip_tracking":false,"_monsterinsights_sitenote_active":false,"_monsterinsights_sitenote_note":"","_monsterinsights_sitenote_category":0},"product_brand":[],"product_cat":[380],"product_tag":[],"class_list":{"0":"post-2123","1":"product","2":"type-product","3":"status-publish","4":"has-post-thumbnail","6":"product_cat-sagrada-madre-inciensos-complementos","8":"first","9":"outofstock","10":"taxable","11":"shipping-taxable","12":"purchasable","13":"product-type-simple"},"aioseo_notices":[],"jetpack_sharing_enabled":true,"_links":{"self":[{"href":"https:\/\/daluzatuvida.com\/index.php\/wp-json\/wp\/v2\/product\/2123","targetHints":{"allow":["GET"]}}],"collection":[{"href":"https:\/\/daluzatuvida.com\/index.php\/wp-json\/wp\/v2\/product"}],"about":[{"href":"https:\/\/daluzatuvida.com\/index.php\/wp-json\/wp\/v2\/types\/product"}],"replies":[{"embeddable":true,"href":"https:\/\/daluzatuvida.com\/index.php\/wp-json\/wp\/v2\/comments?post=2123"}],"wp:featuredmedia":[{"embeddable":true,"href":"https:\/\/daluzatuvida.com\/index.php\/wp-json\/wp\/v2\/media\/2122"}],"wp:attachment":[{"href":"https:\/\/daluzatuvida.com\/index.php\/wp-json\/wp\/v2\/media?parent=2123"}],"wp:term":[{"taxonomy":"product_brand","embeddable":true,"href":"https:\/\/daluzatuvida.com\/index.php\/wp-json\/wp\/v2\/product_brand?post=2123"},{"taxonomy":"product_cat","embeddable":true,"href":"https:\/\/daluzatuvida.com\/index.php\/wp-json\/wp\/v2\/product_cat?post=2123"},{"taxonomy":"product_tag","embeddable":true,"href":"https:\/\/daluzatuvida.com\/index.php\/wp-json\/wp\/v2\/product_tag?post=2123"}],"curies":[{"name":"wp","href":"https:\/\/api.w.org\/{rel}","templated":true}]}}