{"id":2121,"date":"2023-05-02T08:16:48","date_gmt":"2023-05-02T08:16:48","guid":{"rendered":"https:\/\/daluzatuvida.com\/index.php\/product\/incienso-sandalo-namaste-india\/"},"modified":"2025-05-27T15:56:10","modified_gmt":"2025-05-27T14:56:10","slug":"incienso-sandalo-namaste-india","status":"publish","type":"product","link":"https:\/\/daluzatuvida.com\/index.php\/product\/incienso-sandalo-namaste-india\/","title":{"rendered":"Incienso S\u00e1ndalo Namaste India"},"content":{"rendered":"<p style=\"margin-top:0px;margin-bottom:0.8rem;font-size:19px;line-height:28px;font-family:Karla,sans-serif;font-style:normal;font-weight:400;letter-spacing:normal;text-transform:none;text-align:left\">Incienso S\u00e1ndalo Namaste India.<\/p>\n<p style=\"margin-top:0px;margin-bottom:0.8rem;font-size:19px;line-height:28px;font-family:Karla,sans-serif;font-style:normal;font-weight:400;letter-spacing:normal;text-transform:none;text-align:left\">Los inciensos Namaste India son perfectos para los que buscan un aroma potente y amigable con el medio ambiente.<\/p>\n<p style=\"margin-top:0px;margin-bottom:0.8rem;font-size:19px;line-height:28px;font-family:Karla,sans-serif;font-style:normal;font-weight:400;letter-spacing:normal;text-transform:none;text-align:left\">Para la creaci\u00f3n de sus inciensos, ocupan productos naturales, lo que cuida la salud y el medio ambiente. Si eres adicto a los aromas fuertes pero suave a la vez, los inciensos Namaste India ser\u00e1n tus favoritos.<\/p>\n<p style=\"margin-top:0px;margin-bottom:0.8rem;font-size:19px;line-height:28px;font-family:Karla,sans-serif;font-style:normal;font-weight:400;letter-spacing:normal;text-transform:none;text-align:left\">El s\u00e1ndalo se ha utilizado en la India desde hace siglos debido a sus diversos beneficios, para el cuerpo y para la mente. En esta fragancia hemos mezclado el s\u00e1ndalo con la canela para darle un aroma que es realmente especial y \u00fanico. Se asegura positividad y bajos niveles de estr\u00e9s.<\/p>\n<p style=\"margin-top:0px;margin-bottom:0.8rem;font-size:19px;line-height:28px;font-family:Karla,sans-serif;font-style:normal;font-weight:400;letter-spacing:normal;text-transform:none;text-align:left\">Favorece la relajaci\u00f3n, elimina el estr\u00e9s y la ansiedad. Ejerce un poder calmante. Es excelente contra el insomnio. Estimula los estados mentales de alerta y la claridad mental.<\/p>\n<p style=\"margin-top:0px;margin-bottom:0.8rem;font-size:19px;line-height:28px;font-family:Karla,sans-serif;font-style:normal;font-weight:400;letter-spacing:normal;text-transform:none;text-align:left\">Presentado en cajitas de unos 15 gramos.<\/p>\n<p style=\"margin-top:0px;margin-bottom:0px;font-size:19px;line-height:28px;font-family:Karla,sans-serif;font-style:normal;font-weight:400;letter-spacing:normal;text-transform:none;text-align:left\">Este incienso es de larga duraci\u00f3n, entre 30-45 minutos aproximadamente.<\/p>\n","protected":false},"excerpt":{"rendered":"<p>Incienso S\u00e1ndalo Namaste India. Los inciensos Namaste India son perfectos para los que buscan un aroma potente y amigable con el medio ambiente. Para la creaci\u00f3n de sus inciensos, ocupan productos naturales, lo que cuida la salud y el medio ambiente. Si eres adicto a&hellip;<\/p>\n","protected":false},"featured_media":2120,"comment_status":"open","ping_status":"closed","template":"","meta":{"om_disable_all_campaigns":false,"_monsterinsights_skip_tracking":false,"_monsterinsights_sitenote_active":false,"_monsterinsights_sitenote_note":"","_monsterinsights_sitenote_category":0},"product_brand":[],"product_cat":[380],"product_tag":[],"class_list":{"0":"post-2121","1":"product","2":"type-product","3":"status-publish","4":"has-post-thumbnail","6":"product_cat-sagrada-madre-inciensos-complementos","8":"first","9":"instock","10":"taxable","11":"shipping-taxable","12":"purchasable","13":"product-type-simple"},"aioseo_notices":[],"jetpack_sharing_enabled":true,"_links":{"self":[{"href":"https:\/\/daluzatuvida.com\/index.php\/wp-json\/wp\/v2\/product\/2121","targetHints":{"allow":["GET"]}}],"collection":[{"href":"https:\/\/daluzatuvida.com\/index.php\/wp-json\/wp\/v2\/product"}],"about":[{"href":"https:\/\/daluzatuvida.com\/index.php\/wp-json\/wp\/v2\/types\/product"}],"replies":[{"embeddable":true,"href":"https:\/\/daluzatuvida.com\/index.php\/wp-json\/wp\/v2\/comments?post=2121"}],"wp:featuredmedia":[{"embeddable":true,"href":"https:\/\/daluzatuvida.com\/index.php\/wp-json\/wp\/v2\/media\/2120"}],"wp:attachment":[{"href":"https:\/\/daluzatuvida.com\/index.php\/wp-json\/wp\/v2\/media?parent=2121"}],"wp:term":[{"taxonomy":"product_brand","embeddable":true,"href":"https:\/\/daluzatuvida.com\/index.php\/wp-json\/wp\/v2\/product_brand?post=2121"},{"taxonomy":"product_cat","embeddable":true,"href":"https:\/\/daluzatuvida.com\/index.php\/wp-json\/wp\/v2\/product_cat?post=2121"},{"taxonomy":"product_tag","embeddable":true,"href":"https:\/\/daluzatuvida.com\/index.php\/wp-json\/wp\/v2\/product_tag?post=2121"}],"curies":[{"name":"wp","href":"https:\/\/api.w.org\/{rel}","templated":true}]}}