{"id":2033,"date":"2023-04-04T15:43:29","date_gmt":"2023-04-04T15:43:29","guid":{"rendered":"https:\/\/daluzatuvida.com\/index.php\/product\/pendulo-bola-mil-caras-cristal-40-mm\/"},"modified":"2024-02-09T17:08:34","modified_gmt":"2024-02-09T17:08:34","slug":"pendulo-bola-mil-caras-cristal-40-mm","status":"publish","type":"product","link":"https:\/\/daluzatuvida.com\/index.php\/product\/pendulo-bola-mil-caras-cristal-40-mm\/","title":{"rendered":"PENDULO (AGOTADO)"},"content":{"rendered":"<p>p\u00e9ndulo <span style=\"font-family:Raleway,Arial,Tahoma;font-size:14px;font-style:normal;font-weight:400;letter-spacing:normal;text-transform:none;float:none;text-align:left\"><span> <\/span>de radiestesia para experimentaci\u00f3n de campo y pr\u00e1cticas sensitivas, se acompa\u00f1a de instrucciones. La radiestesia permite al experimentador ampliar las sutiles variaciones de energ\u00eda que percibe su mente y su cuerpo y traducirlos de esta forma en movimientos neuromusculares subconscientes que son ampliados por el p\u00e9ndulo. Debes &#8220;pactar&#8221; con tu p\u00e9ndulo unas se\u00f1ales preestablecidas que debes experimentar debidamente antes de usarlo para otros fines. Con sencillas t\u00e9cnicas que despu\u00e9s pueden ampliarse indefinidamente de forma cada vez m\u00e1s sofisticada, poco a poco debes ir estableciendo un lenguaje propio con tu p\u00e9ndulo.<\/span><\/p>\n","protected":false},"excerpt":{"rendered":"<p>p\u00e9ndulo de radiestesia para experimentaci\u00f3n de campo y pr\u00e1cticas sensitivas, se acompa\u00f1a de instrucciones. La radiestesia permite al experimentador ampliar las sutiles variaciones de energ\u00eda que percibe su mente y su cuerpo y traducirlos de esta forma en movimientos neuromusculares subconscientes que son ampliados por&hellip;<\/p>\n","protected":false},"featured_media":2032,"comment_status":"open","ping_status":"closed","template":"","meta":{"om_disable_all_campaigns":false,"_monsterinsights_skip_tracking":false,"_monsterinsights_sitenote_active":false,"_monsterinsights_sitenote_note":"","_monsterinsights_sitenote_category":0},"product_brand":[],"product_cat":[15],"product_tag":[],"class_list":{"0":"post-2033","1":"product","2":"type-product","3":"status-publish","4":"has-post-thumbnail","6":"product_cat-rincon-brujil","8":"first","9":"outofstock","10":"taxable","11":"shipping-taxable","12":"purchasable","13":"product-type-simple"},"aioseo_notices":[],"jetpack_sharing_enabled":true,"_links":{"self":[{"href":"https:\/\/daluzatuvida.com\/index.php\/wp-json\/wp\/v2\/product\/2033","targetHints":{"allow":["GET"]}}],"collection":[{"href":"https:\/\/daluzatuvida.com\/index.php\/wp-json\/wp\/v2\/product"}],"about":[{"href":"https:\/\/daluzatuvida.com\/index.php\/wp-json\/wp\/v2\/types\/product"}],"replies":[{"embeddable":true,"href":"https:\/\/daluzatuvida.com\/index.php\/wp-json\/wp\/v2\/comments?post=2033"}],"wp:featuredmedia":[{"embeddable":true,"href":"https:\/\/daluzatuvida.com\/index.php\/wp-json\/wp\/v2\/media\/2032"}],"wp:attachment":[{"href":"https:\/\/daluzatuvida.com\/index.php\/wp-json\/wp\/v2\/media?parent=2033"}],"wp:term":[{"taxonomy":"product_brand","embeddable":true,"href":"https:\/\/daluzatuvida.com\/index.php\/wp-json\/wp\/v2\/product_brand?post=2033"},{"taxonomy":"product_cat","embeddable":true,"href":"https:\/\/daluzatuvida.com\/index.php\/wp-json\/wp\/v2\/product_cat?post=2033"},{"taxonomy":"product_tag","embeddable":true,"href":"https:\/\/daluzatuvida.com\/index.php\/wp-json\/wp\/v2\/product_tag?post=2033"}],"curies":[{"name":"wp","href":"https:\/\/api.w.org\/{rel}","templated":true}]}}