{"id":1985,"date":"2023-04-04T13:03:24","date_gmt":"2023-04-04T13:03:24","guid":{"rendered":"https:\/\/daluzatuvida.com\/index.php\/product\/velon-cruz-caravaca-quita-males-oracion\/"},"modified":"2024-05-21T13:25:48","modified_gmt":"2024-05-21T12:25:48","slug":"velon-cruz-caravaca-quita-males-oracion","status":"publish","type":"product","link":"https:\/\/daluzatuvida.com\/index.php\/product\/velon-cruz-caravaca-quita-males-oracion\/","title":{"rendered":"VELON CRUZ CARAVACA (Quita males) ORACION."},"content":{"rendered":"<p><span style=\"font-family:Raleway,Arial,Tahoma;font-size:14px;font-style:normal;font-weight:400;letter-spacing:normal;text-transform:none;float:none;text-align:left\">Velon esot\u00e9rico 15 x 6 cm. 3 d\u00edas de combusti\u00f3n aproximadamente. Especial para protecci\u00f3n, aleja mal.<\/span><\/p>\n","protected":false},"excerpt":{"rendered":"<p>Velon esot\u00e9rico 15 x 6 cm. 3 d\u00edas de combusti\u00f3n aproximadamente. Especial para protecci\u00f3n, aleja mal.<\/p>\n","protected":false},"featured_media":1984,"comment_status":"open","ping_status":"closed","template":"","meta":{"om_disable_all_campaigns":false,"_monsterinsights_skip_tracking":false,"_monsterinsights_sitenote_active":false,"_monsterinsights_sitenote_note":"","_monsterinsights_sitenote_category":0},"product_brand":[],"product_cat":[378],"product_tag":[],"class_list":{"0":"post-1985","1":"product","2":"type-product","3":"status-publish","4":"has-post-thumbnail","6":"product_cat-velas-y-velones","8":"first","9":"instock","10":"taxable","11":"shipping-taxable","12":"purchasable","13":"product-type-simple"},"aioseo_notices":[],"jetpack_sharing_enabled":true,"_links":{"self":[{"href":"https:\/\/daluzatuvida.com\/index.php\/wp-json\/wp\/v2\/product\/1985","targetHints":{"allow":["GET"]}}],"collection":[{"href":"https:\/\/daluzatuvida.com\/index.php\/wp-json\/wp\/v2\/product"}],"about":[{"href":"https:\/\/daluzatuvida.com\/index.php\/wp-json\/wp\/v2\/types\/product"}],"replies":[{"embeddable":true,"href":"https:\/\/daluzatuvida.com\/index.php\/wp-json\/wp\/v2\/comments?post=1985"}],"wp:featuredmedia":[{"embeddable":true,"href":"https:\/\/daluzatuvida.com\/index.php\/wp-json\/wp\/v2\/media\/1984"}],"wp:attachment":[{"href":"https:\/\/daluzatuvida.com\/index.php\/wp-json\/wp\/v2\/media?parent=1985"}],"wp:term":[{"taxonomy":"product_brand","embeddable":true,"href":"https:\/\/daluzatuvida.com\/index.php\/wp-json\/wp\/v2\/product_brand?post=1985"},{"taxonomy":"product_cat","embeddable":true,"href":"https:\/\/daluzatuvida.com\/index.php\/wp-json\/wp\/v2\/product_cat?post=1985"},{"taxonomy":"product_tag","embeddable":true,"href":"https:\/\/daluzatuvida.com\/index.php\/wp-json\/wp\/v2\/product_tag?post=1985"}],"curies":[{"name":"wp","href":"https:\/\/api.w.org\/{rel}","templated":true}]}}