{"id":1983,"date":"2023-04-04T13:01:42","date_gmt":"2023-04-04T13:01:42","guid":{"rendered":"https:\/\/daluzatuvida.com\/index.php\/product\/velon-3-potencias-para-todo-tipo-de-peticiones-oracion\/"},"modified":"2024-11-19T14:47:29","modified_gmt":"2024-11-19T13:47:29","slug":"velon-3-potencias-para-todo-tipo-de-peticiones-oracion","status":"publish","type":"product","link":"https:\/\/daluzatuvida.com\/index.php\/product\/velon-3-potencias-para-todo-tipo-de-peticiones-oracion\/","title":{"rendered":"VELON 3 POTENCIAS (Para todo tipo de peticiones) ORACION"},"content":{"rendered":"<p><span style=\"font-family:Raleway,Arial,Tahoma;font-size:14px;font-style:normal;font-weight:400;letter-spacing:normal;text-transform:none;float:none;text-align:left\">Velon esot\u00e9rico 15 x 6 cm. 3 d\u00edas de combusti\u00f3n aproximadamente. Especial para abrir los caminos.<\/span><\/p>\n","protected":false},"excerpt":{"rendered":"<p>Velon esot\u00e9rico 15 x 6 cm. 3 d\u00edas de combusti\u00f3n aproximadamente. Especial para abrir los caminos.<\/p>\n","protected":false},"featured_media":1982,"comment_status":"open","ping_status":"closed","template":"","meta":{"om_disable_all_campaigns":false,"_monsterinsights_skip_tracking":false,"_monsterinsights_sitenote_active":false,"_monsterinsights_sitenote_note":"","_monsterinsights_sitenote_category":0},"product_brand":[],"product_cat":[378],"product_tag":[],"class_list":{"0":"post-1983","1":"product","2":"type-product","3":"status-publish","4":"has-post-thumbnail","6":"product_cat-velas-y-velones","8":"first","9":"outofstock","10":"taxable","11":"shipping-taxable","12":"purchasable","13":"product-type-simple"},"aioseo_notices":[],"jetpack_sharing_enabled":true,"_links":{"self":[{"href":"https:\/\/daluzatuvida.com\/index.php\/wp-json\/wp\/v2\/product\/1983","targetHints":{"allow":["GET"]}}],"collection":[{"href":"https:\/\/daluzatuvida.com\/index.php\/wp-json\/wp\/v2\/product"}],"about":[{"href":"https:\/\/daluzatuvida.com\/index.php\/wp-json\/wp\/v2\/types\/product"}],"replies":[{"embeddable":true,"href":"https:\/\/daluzatuvida.com\/index.php\/wp-json\/wp\/v2\/comments?post=1983"}],"wp:featuredmedia":[{"embeddable":true,"href":"https:\/\/daluzatuvida.com\/index.php\/wp-json\/wp\/v2\/media\/1982"}],"wp:attachment":[{"href":"https:\/\/daluzatuvida.com\/index.php\/wp-json\/wp\/v2\/media?parent=1983"}],"wp:term":[{"taxonomy":"product_brand","embeddable":true,"href":"https:\/\/daluzatuvida.com\/index.php\/wp-json\/wp\/v2\/product_brand?post=1983"},{"taxonomy":"product_cat","embeddable":true,"href":"https:\/\/daluzatuvida.com\/index.php\/wp-json\/wp\/v2\/product_cat?post=1983"},{"taxonomy":"product_tag","embeddable":true,"href":"https:\/\/daluzatuvida.com\/index.php\/wp-json\/wp\/v2\/product_tag?post=1983"}],"curies":[{"name":"wp","href":"https:\/\/api.w.org\/{rel}","templated":true}]}}