{"id":1936,"date":"2023-04-01T14:04:13","date_gmt":"2023-04-01T14:04:13","guid":{"rendered":"https:\/\/daluzatuvida.com\/index.php\/product\/pulsera-1-marca-zoe-bombon-verde-brillante\/"},"modified":"2024-05-21T12:55:21","modified_gmt":"2024-05-21T11:55:21","slug":"pulsera-1-marca-zoe-bombon-verde-brillante","status":"publish","type":"product","link":"https:\/\/daluzatuvida.com\/index.php\/product\/pulsera-1-marca-zoe-bombon-verde-brillante\/","title":{"rendered":"Pulsera 1 Marca Zoe Bomb\u00f3n \nVerde brillante."},"content":{"rendered":"<div class=\"description ds-flex ds-flex-col ds-gap-6 ds-text-neutral-700\" data-v-482c490b=\"\" style=\"border:0px;--tw-shadow:00#0000;--tw-ring-inset:var(--tw-empty,);--tw-ring-offset-width:0px;--tw-ring-offset-color:#fff;--tw-ring-offset-shadow:00#0000;--tw-ring-shadow:00#0000;--tw-translate-x:0;--tw-translate-y:0;--tw-rotate:0;--tw-skew-x:0;--tw-skew-y:0;--tw-scale-x:1;--tw-scale-y:1;--tw-backdrop-blur:var(--tw-empty,);--tw-backdrop-brightness:var(--tw-empty,);--tw-backdrop-contrast:var(--tw-empty,);--tw-backdrop-grayscale:var(--tw-empty,);--tw-backdrop-hue-rotate:var(--tw-empty,);--tw-backdrop-invert:var(--tw-empty,);--tw-backdrop-opacity:var(--tw-empty,);--tw-backdrop-saturate:var(--tw-empty,);--tw-backdrop-sepia:var(--tw-empty,);--tw-backdrop-filter:var(--tw-backdrop-blur)var(--tw-backdrop-brightness)var(--tw-backdrop-contrast)var(--tw-backdrop-grayscale)var(--tw-backdrop-hue-rotate)var(--tw-backdrop-invert)var(--tw-backdrop-opacity)var(--tw-backdrop-saturate)var(--tw-backdrop-sepia);margin:0px;padding:0px;font-style:inherit;font-variant:inherit;font-weight:inherit;line-height:inherit;font-family:inherit;font-size:14px;vertical-align:baseline;--tw-text-opacity:1;flex-direction:column;gap:2rem\">\n<div data-v-482c490b=\"\" style=\"border:0px;--tw-shadow:00#0000;--tw-ring-inset:var(--tw-empty,);--tw-ring-offset-width:0px;--tw-ring-offset-color:#fff;--tw-ring-offset-shadow:00#0000;--tw-ring-shadow:00#0000;--tw-translate-x:0;--tw-translate-y:0;--tw-rotate:0;--tw-skew-x:0;--tw-skew-y:0;--tw-scale-x:1;--tw-scale-y:1;--tw-backdrop-blur:var(--tw-empty,);--tw-backdrop-brightness:var(--tw-empty,);--tw-backdrop-contrast:var(--tw-empty,);--tw-backdrop-grayscale:var(--tw-empty,);--tw-backdrop-hue-rotate:var(--tw-empty,);--tw-backdrop-invert:var(--tw-empty,);--tw-backdrop-opacity:var(--tw-empty,);--tw-backdrop-saturate:var(--tw-empty,);--tw-backdrop-sepia:var(--tw-empty,);--tw-backdrop-filter:var(--tw-backdrop-blur)var(--tw-backdrop-brightness)var(--tw-backdrop-contrast)var(--tw-backdrop-grayscale)var(--tw-backdrop-hue-rotate)var(--tw-backdrop-invert)var(--tw-backdrop-opacity)var(--tw-backdrop-saturate)var(--tw-backdrop-sepia);margin:0px;padding:0px;font-style:inherit;font-variant:inherit;font-weight:inherit;line-height:inherit;font-family:inherit;font-size:14px;vertical-align:baseline\">\n<div data-v-def0ae14=\"\" data-v-482c490b=\"\" style=\"border:0px;--tw-shadow:00#0000;--tw-ring-inset:var(--tw-empty,);--tw-ring-offset-width:0px;--tw-ring-offset-color:#fff;--tw-ring-offset-shadow:00#0000;--tw-ring-shadow:00#0000;--tw-translate-x:0;--tw-translate-y:0;--tw-rotate:0;--tw-skew-x:0;--tw-skew-y:0;--tw-scale-x:1;--tw-scale-y:1;--tw-backdrop-blur:var(--tw-empty,);--tw-backdrop-brightness:var(--tw-empty,);--tw-backdrop-contrast:var(--tw-empty,);--tw-backdrop-grayscale:var(--tw-empty,);--tw-backdrop-hue-rotate:var(--tw-empty,);--tw-backdrop-invert:var(--tw-empty,);--tw-backdrop-opacity:var(--tw-empty,);--tw-backdrop-saturate:var(--tw-empty,);--tw-backdrop-sepia:var(--tw-empty,);--tw-backdrop-filter:var(--tw-backdrop-blur)var(--tw-backdrop-brightness)var(--tw-backdrop-contrast)var(--tw-backdrop-grayscale)var(--tw-backdrop-hue-rotate)var(--tw-backdrop-invert)var(--tw-backdrop-opacity)var(--tw-backdrop-saturate)var(--tw-backdrop-sepia);margin:0px;padding:0px;font-style:inherit;font-variant:inherit;font-weight:inherit;line-height:inherit;font-family:inherit;font-size:14px;vertical-align:baseline;--max-lines:7\">\n<div class=\"rich-description ds-text-base ds-text-neutral-900 text-collapsed\" data-v-def0ae14=\"\" style=\"border:0px;--tw-shadow:00#0000;--tw-ring-inset:var(--tw-empty,);--tw-ring-offset-width:0px;--tw-ring-offset-color:#fff;--tw-ring-offset-shadow:00#0000;--tw-ring-shadow:00#0000;--tw-translate-x:0;--tw-translate-y:0;--tw-rotate:0;--tw-skew-x:0;--tw-skew-y:0;--tw-scale-x:1;--tw-scale-y:1;--tw-backdrop-blur:var(--tw-empty,);--tw-backdrop-brightness:var(--tw-empty,);--tw-backdrop-contrast:var(--tw-empty,);--tw-backdrop-grayscale:var(--tw-empty,);--tw-backdrop-hue-rotate:var(--tw-empty,);--tw-backdrop-invert:var(--tw-empty,);--tw-backdrop-opacity:var(--tw-empty,);--tw-backdrop-saturate:var(--tw-empty,);--tw-backdrop-sepia:var(--tw-empty,);--tw-backdrop-filter:var(--tw-backdrop-blur)var(--tw-backdrop-brightness)var(--tw-backdrop-contrast)var(--tw-backdrop-grayscale)var(--tw-backdrop-hue-rotate)var(--tw-backdrop-invert)var(--tw-backdrop-opacity)var(--tw-backdrop-saturate)var(--tw-backdrop-sepia);margin:0px0px1rem;padding:0px;font-style:inherit;font-variant:inherit;font-weight:inherit;line-height:1.5rem;font-family:inherit;font-size:1rem;vertical-align:baseline;--tw-text-opacity:1;overflow:hidden;max-height:calc(var(--max-lines)*1.5em)\">Pulsera realizada con cuentas de resina vegetal de 10 mm de di\u00e1metro, acabado nacarado.<br \/>\nLas perlas est\u00e1n montadas sobre el\u00e1stico y la pulsera se cierra con una cinta de raso y un disco de n\u00e1car grabado &#8220;Bomb\u00f3n Zo\u00e9&#8221;.<\/p>\n<p>\u00a1Podemos llevar nuestras bonitas pulseras en dos o tres colores diferentes!<\/p>\n<\/div>\n<\/div>\n<div class=\"variant-shape-properties\" data-v-57fdfc7a=\"\" data-v-482c490b=\"\" style=\"border:0px;--tw-shadow:00#0000;--tw-ring-inset:var(--tw-empty,);--tw-ring-offset-width:0px;--tw-ring-offset-color:#fff;--tw-ring-offset-shadow:00#0000;--tw-ring-shadow:00#0000;--tw-translate-x:0;--tw-translate-y:0;--tw-rotate:0;--tw-skew-x:0;--tw-skew-y:0;--tw-scale-x:1;--tw-scale-y:1;--tw-backdrop-blur:var(--tw-empty,);--tw-backdrop-brightness:var(--tw-empty,);--tw-backdrop-contrast:var(--tw-empty,);--tw-backdrop-grayscale:var(--tw-empty,);--tw-backdrop-hue-rotate:var(--tw-empty,);--tw-backdrop-invert:var(--tw-empty,);--tw-backdrop-opacity:var(--tw-empty,);--tw-backdrop-saturate:var(--tw-empty,);--tw-backdrop-sepia:var(--tw-empty,);--tw-backdrop-filter:var(--tw-backdrop-blur)var(--tw-backdrop-brightness)var(--tw-backdrop-contrast)var(--tw-backdrop-grayscale)var(--tw-backdrop-hue-rotate)var(--tw-backdrop-invert)var(--tw-backdrop-opacity)var(--tw-backdrop-saturate)var(--tw-backdrop-sepia);margin:0px0px1rem;padding:0px;font-style:inherit;font-variant:inherit;font-weight:inherit;line-height:inherit;font-family:inherit;font-size:14px;vertical-align:baseline\"><\/div>\n<\/div>\n<ul class=\"ak-tags ds-m-0\" data-v-482c490b=\"\" style=\"border:0px;--tw-shadow:00#0000;--tw-ring-inset:var(--tw-empty,);--tw-ring-offset-width:0px;--tw-ring-offset-color:#fff;--tw-ring-offset-shadow:00#0000;--tw-ring-shadow:00#0000;--tw-translate-x:0;--tw-translate-y:0;--tw-rotate:0;--tw-skew-x:0;--tw-skew-y:0;--tw-scale-x:1;--tw-scale-y:1;--tw-backdrop-blur:var(--tw-empty,);--tw-backdrop-brightness:var(--tw-empty,);--tw-backdrop-contrast:var(--tw-empty,);--tw-backdrop-grayscale:var(--tw-empty,);--tw-backdrop-hue-rotate:var(--tw-empty,);--tw-backdrop-invert:var(--tw-empty,);--tw-backdrop-opacity:var(--tw-empty,);--tw-backdrop-saturate:var(--tw-empty,);--tw-backdrop-sepia:var(--tw-empty,);--tw-backdrop-filter:var(--tw-backdrop-blur)var(--tw-backdrop-brightness)var(--tw-backdrop-contrast)var(--tw-backdrop-grayscale)var(--tw-backdrop-hue-rotate)var(--tw-backdrop-invert)var(--tw-backdrop-opacity)var(--tw-backdrop-saturate)var(--tw-backdrop-sepia);margin:0rem;padding:0px;font-style:inherit;font-variant:inherit;font-weight:inherit;line-height:inherit;font-family:inherit;font-size:14px;vertical-align:baseline\">\n<li class=\"ak-tag\" data-v-482c490b=\"\" style=\"border:0px;--tw-shadow:00#0000;--tw-ring-inset:var(--tw-empty,);--tw-ring-offset-width:0px;--tw-ring-offset-color:#fff;--tw-ring-offset-shadow:00#0000;--tw-ring-shadow:00#0000;--tw-translate-x:0;--tw-translate-y:0;--tw-rotate:0;--tw-skew-x:0;--tw-skew-y:0;--tw-scale-x:1;--tw-scale-y:1;--tw-backdrop-blur:var(--tw-empty,);--tw-backdrop-brightness:var(--tw-empty,);--tw-backdrop-contrast:var(--tw-empty,);--tw-backdrop-grayscale:var(--tw-empty,);--tw-backdrop-hue-rotate:var(--tw-empty,);--tw-backdrop-invert:var(--tw-empty,);--tw-backdrop-opacity:var(--tw-empty,);--tw-backdrop-saturate:var(--tw-empty,);--tw-backdrop-sepia:var(--tw-empty,);--tw-backdrop-filter:var(--tw-backdrop-blur)var(--tw-backdrop-brightness)var(--tw-backdrop-contrast)var(--tw-backdrop-grayscale)var(--tw-backdrop-hue-rotate)var(--tw-backdrop-invert)var(--tw-backdrop-opacity)var(--tw-backdrop-saturate)var(--tw-backdrop-sepia);margin:0px;padding:0px16px;font-style:inherit;font-variant:inherit;font-weight:inherit;line-height:inherit;font-family:Poppins,sans-serif;font-size:14px;vertical-align:baseline;height:30px;align-items:center;justify-content:center;border-radius:15px;--tw-bg-opacity:1;--tw-text-opacity:1\">Hecho en Francia<\/li>\n<\/ul>\n<\/div>\n<div data-v-482c490b=\"\" style=\"border:0px;--tw-shadow:00#0000;--tw-ring-inset:var(--tw-empty,);--tw-ring-offset-width:0px;--tw-ring-offset-color:#fff;--tw-ring-offset-shadow:00#0000;--tw-ring-shadow:00#0000;--tw-translate-x:0;--tw-translate-y:0;--tw-rotate:0;--tw-skew-x:0;--tw-skew-y:0;--tw-scale-x:1;--tw-scale-y:1;--tw-backdrop-blur:var(--tw-empty,);--tw-backdrop-brightness:var(--tw-empty,);--tw-backdrop-contrast:var(--tw-empty,);--tw-backdrop-grayscale:var(--tw-empty,);--tw-backdrop-hue-rotate:var(--tw-empty,);--tw-backdrop-invert:var(--tw-empty,);--tw-backdrop-opacity:var(--tw-empty,);--tw-backdrop-saturate:var(--tw-empty,);--tw-backdrop-sepia:var(--tw-empty,);--tw-backdrop-filter:var(--tw-backdrop-blur)var(--tw-backdrop-brightness)var(--tw-backdrop-contrast)var(--tw-backdrop-grayscale)var(--tw-backdrop-hue-rotate)var(--tw-backdrop-invert)var(--tw-backdrop-opacity)var(--tw-backdrop-saturate)var(--tw-backdrop-sepia);margin:0px;padding:0px;font-style:inherit;font-variant:inherit;font-weight:inherit;line-height:inherit;font-family:inherit;font-size:14px;vertical-align:baseline\"><\/div>\n","protected":false},"excerpt":{"rendered":"<p>Pulsera realizada con cuentas de resina vegetal de 10 mm de di\u00e1metro, acabado nacarado. Las perlas est\u00e1n montadas sobre el\u00e1stico y la pulsera se cierra con una cinta de raso y un disco de n\u00e1car grabado &#8220;Bomb\u00f3n Zo\u00e9&#8221;. \u00a1Podemos llevar nuestras bonitas pulseras en dos&hellip;<\/p>\n","protected":false},"featured_media":1935,"comment_status":"open","ping_status":"closed","template":"","meta":{"om_disable_all_campaigns":false,"_monsterinsights_skip_tracking":false,"_monsterinsights_sitenote_active":false,"_monsterinsights_sitenote_note":"","_monsterinsights_sitenote_category":0},"product_brand":[],"product_cat":[379],"product_tag":[],"class_list":{"0":"post-1936","1":"product","2":"type-product","3":"status-publish","4":"has-post-thumbnail","6":"product_cat-amuletos-y-accesorios","8":"first","9":"instock","10":"taxable","11":"shipping-taxable","12":"purchasable","13":"product-type-simple"},"aioseo_notices":[],"jetpack_sharing_enabled":true,"_links":{"self":[{"href":"https:\/\/daluzatuvida.com\/index.php\/wp-json\/wp\/v2\/product\/1936","targetHints":{"allow":["GET"]}}],"collection":[{"href":"https:\/\/daluzatuvida.com\/index.php\/wp-json\/wp\/v2\/product"}],"about":[{"href":"https:\/\/daluzatuvida.com\/index.php\/wp-json\/wp\/v2\/types\/product"}],"replies":[{"embeddable":true,"href":"https:\/\/daluzatuvida.com\/index.php\/wp-json\/wp\/v2\/comments?post=1936"}],"wp:featuredmedia":[{"embeddable":true,"href":"https:\/\/daluzatuvida.com\/index.php\/wp-json\/wp\/v2\/media\/1935"}],"wp:attachment":[{"href":"https:\/\/daluzatuvida.com\/index.php\/wp-json\/wp\/v2\/media?parent=1936"}],"wp:term":[{"taxonomy":"product_brand","embeddable":true,"href":"https:\/\/daluzatuvida.com\/index.php\/wp-json\/wp\/v2\/product_brand?post=1936"},{"taxonomy":"product_cat","embeddable":true,"href":"https:\/\/daluzatuvida.com\/index.php\/wp-json\/wp\/v2\/product_cat?post=1936"},{"taxonomy":"product_tag","embeddable":true,"href":"https:\/\/daluzatuvida.com\/index.php\/wp-json\/wp\/v2\/product_tag?post=1936"}],"curies":[{"name":"wp","href":"https:\/\/api.w.org\/{rel}","templated":true}]}}