{"id":1922,"date":"2023-03-30T15:13:02","date_gmt":"2023-03-30T15:13:02","guid":{"rendered":"https:\/\/daluzatuvida.com\/index.php\/product\/pulsera-mal-de-ojo\/"},"modified":"2024-11-19T14:32:59","modified_gmt":"2024-11-19T13:32:59","slug":"pulsera-mal-de-ojo","status":"publish","type":"product","link":"https:\/\/daluzatuvida.com\/index.php\/product\/pulsera-mal-de-ojo\/","title":{"rendered":"Pulsera mal de ojo."},"content":{"rendered":"<p style=\"margin-top:0px;margin-bottom:0.8rem;font-size:19px;line-height:28px;font-family:Karla,sans-serif;font-style:normal;font-weight:400;letter-spacing:normal;text-transform:none;text-align:left\">Pulsera Ojo Turco<\/p>\n<p style=\"margin-top:0px;margin-bottom:0px;font-size:19px;line-height:28px;font-family:Karla,sans-serif;font-style:normal;font-weight:400;letter-spacing:normal;text-transform:none;text-align:left\">Uno de los amuletos m\u00e1s populares que existen en todo el mundo es el ojo turco, un s\u00edmbolo muy particular que, casi siempre, es de color azul con diferentes tonalidades y que desde siempre ha sido usado como un protector del mal de ojo. Originario de Turqu\u00eda, este amuleto tiene un profundo significado que est\u00e1 muy arraigado a esta zona del Mediterr\u00e1neo haciendo que, muchas personas, lo tengan en casa, lo lleven como abalorio o se lo tat\u00faen en la piel para protegerse de las malas energ\u00edas.<\/p>\n","protected":false},"excerpt":{"rendered":"<p>Pulsera Ojo Turco Uno de los amuletos m\u00e1s populares que existen en todo el mundo es el ojo turco, un s\u00edmbolo muy particular que, casi siempre, es de color azul con diferentes tonalidades y que desde siempre ha sido usado como un protector del mal&hellip;<\/p>\n","protected":false},"featured_media":1921,"comment_status":"open","ping_status":"closed","template":"","meta":{"om_disable_all_campaigns":false,"_monsterinsights_skip_tracking":false,"_monsterinsights_sitenote_active":false,"_monsterinsights_sitenote_note":"","_monsterinsights_sitenote_category":0},"product_brand":[],"product_cat":[379],"product_tag":[],"class_list":{"0":"post-1922","1":"product","2":"type-product","3":"status-publish","4":"has-post-thumbnail","6":"product_cat-amuletos-y-accesorios","8":"first","9":"instock","10":"taxable","11":"shipping-taxable","12":"purchasable","13":"product-type-simple"},"aioseo_notices":[],"jetpack_sharing_enabled":true,"_links":{"self":[{"href":"https:\/\/daluzatuvida.com\/index.php\/wp-json\/wp\/v2\/product\/1922","targetHints":{"allow":["GET"]}}],"collection":[{"href":"https:\/\/daluzatuvida.com\/index.php\/wp-json\/wp\/v2\/product"}],"about":[{"href":"https:\/\/daluzatuvida.com\/index.php\/wp-json\/wp\/v2\/types\/product"}],"replies":[{"embeddable":true,"href":"https:\/\/daluzatuvida.com\/index.php\/wp-json\/wp\/v2\/comments?post=1922"}],"wp:featuredmedia":[{"embeddable":true,"href":"https:\/\/daluzatuvida.com\/index.php\/wp-json\/wp\/v2\/media\/1921"}],"wp:attachment":[{"href":"https:\/\/daluzatuvida.com\/index.php\/wp-json\/wp\/v2\/media?parent=1922"}],"wp:term":[{"taxonomy":"product_brand","embeddable":true,"href":"https:\/\/daluzatuvida.com\/index.php\/wp-json\/wp\/v2\/product_brand?post=1922"},{"taxonomy":"product_cat","embeddable":true,"href":"https:\/\/daluzatuvida.com\/index.php\/wp-json\/wp\/v2\/product_cat?post=1922"},{"taxonomy":"product_tag","embeddable":true,"href":"https:\/\/daluzatuvida.com\/index.php\/wp-json\/wp\/v2\/product_tag?post=1922"}],"curies":[{"name":"wp","href":"https:\/\/api.w.org\/{rel}","templated":true}]}}