{"id":1914,"date":"2023-03-30T14:58:18","date_gmt":"2023-03-30T14:58:18","guid":{"rendered":"https:\/\/daluzatuvida.com\/index.php\/product\/pulsera-de-jade\/"},"modified":"2024-11-19T14:31:42","modified_gmt":"2024-11-19T13:31:42","slug":"pulsera-de-jade","status":"publish","type":"product","link":"https:\/\/daluzatuvida.com\/index.php\/product\/pulsera-de-jade\/","title":{"rendered":"Pulsera de jade"},"content":{"rendered":"<p style=\"margin-top:0px;margin-bottom:0.8rem;font-size:19px;line-height:28px;font-family:Karla,sans-serif;font-style:normal;font-weight:400;letter-spacing:normal;text-transform:none;text-align:left\">Pulsera Jade<\/p>\n<p style=\"margin-top:0px;margin-bottom:0.8rem;font-size:19px;line-height:28px;font-family:Karla,sans-serif;font-style:normal;font-weight:400;letter-spacing:normal;text-transform:none;text-align:left\">Uno de los significados del jade, es el de creer que trae buena suerte a su due\u00f1o, y adem\u00e1s es una de las piedras preciosas m\u00e1s populares del mundo. Su significado es muy similar a los s\u00edmbolos de la buena suerte como una herradura, un tr\u00e9bol de cuatro hojas, un gato de la fortuna, el jade tambi\u00e9n se considera un amuleto de la suerte.<\/p>\n<p style=\"margin-top:0px;margin-bottom:0.8rem;font-size:19px;line-height:28px;font-family:Karla,sans-serif;font-style:normal;font-weight:400;letter-spacing:normal;text-transform:none;text-align:left\">Adem\u00e1s de eso, el jade tambi\u00e9n tiene una energ\u00eda protectora que puede proteger contra el mal. Esa es la raz\u00f3n por la que puedes ver muchos adornos de Feng shui.<\/p>\n<p style=\"margin-top:0px;margin-bottom:0.8rem;font-size:19px;line-height:28px;font-family:Karla,sans-serif;font-style:normal;font-weight:400;letter-spacing:normal;text-transform:none;text-align:left\">En la antigua China, la gente usaba el jade para alejar el mal y el da\u00f1o. Fue tallado en peque\u00f1os discos simb\u00f3licos llamados &#8220;pi&#8221; que se utilizaban en las ceremonias religiosas. Muchos chinos llevaban colgantes de jade y ornamentos para indicar el estado social.<\/p>\n<p style=\"margin-top:0px;margin-bottom:0.8rem;font-size:19px;line-height:28px;font-family:Karla,sans-serif;font-style:normal;font-weight:400;letter-spacing:normal;text-transform:none;text-align:left\">Antiguas creencias asociadas con el poder del jade todav\u00eda existen, incluyendo la pr\u00e1ctica de usar pulseras de jade para su protecci\u00f3n. Los padres chinos a menudo dan a sus hijas o hijos pulseras de jade para recordarles la protecci\u00f3n de los padres y el amor.<\/p>\n<p style=\"margin-top:0px;margin-bottom:0px;font-size:19px;line-height:28px;font-family:Karla,sans-serif;font-style:normal;font-weight:400;letter-spacing:normal;text-transform:none;text-align:left\">El jade es considerado como un s\u00edmbolo de lo bello y precioso, que encarna las virtudes de Confucio: el coraje, la compasi\u00f3n, la humildad, la sabidur\u00eda y la justicia.<\/p>\n","protected":false},"excerpt":{"rendered":"<p>Pulsera Jade Uno de los significados del jade, es el de creer que trae buena suerte a su due\u00f1o, y adem\u00e1s es una de las piedras preciosas m\u00e1s populares del mundo. Su significado es muy similar a los s\u00edmbolos de la buena suerte como una&hellip;<\/p>\n","protected":false},"featured_media":1913,"comment_status":"open","ping_status":"closed","template":"","meta":{"om_disable_all_campaigns":false,"_monsterinsights_skip_tracking":false,"_monsterinsights_sitenote_active":false,"_monsterinsights_sitenote_note":"","_monsterinsights_sitenote_category":0},"product_brand":[],"product_cat":[379,386],"product_tag":[],"class_list":{"0":"post-1914","1":"product","2":"type-product","3":"status-publish","4":"has-post-thumbnail","6":"product_cat-amuletos-y-accesorios","7":"product_cat-piedras-energeticas","9":"first","10":"instock","11":"taxable","12":"shipping-taxable","13":"purchasable","14":"product-type-simple"},"aioseo_notices":[],"jetpack_sharing_enabled":true,"_links":{"self":[{"href":"https:\/\/daluzatuvida.com\/index.php\/wp-json\/wp\/v2\/product\/1914","targetHints":{"allow":["GET"]}}],"collection":[{"href":"https:\/\/daluzatuvida.com\/index.php\/wp-json\/wp\/v2\/product"}],"about":[{"href":"https:\/\/daluzatuvida.com\/index.php\/wp-json\/wp\/v2\/types\/product"}],"replies":[{"embeddable":true,"href":"https:\/\/daluzatuvida.com\/index.php\/wp-json\/wp\/v2\/comments?post=1914"}],"wp:featuredmedia":[{"embeddable":true,"href":"https:\/\/daluzatuvida.com\/index.php\/wp-json\/wp\/v2\/media\/1913"}],"wp:attachment":[{"href":"https:\/\/daluzatuvida.com\/index.php\/wp-json\/wp\/v2\/media?parent=1914"}],"wp:term":[{"taxonomy":"product_brand","embeddable":true,"href":"https:\/\/daluzatuvida.com\/index.php\/wp-json\/wp\/v2\/product_brand?post=1914"},{"taxonomy":"product_cat","embeddable":true,"href":"https:\/\/daluzatuvida.com\/index.php\/wp-json\/wp\/v2\/product_cat?post=1914"},{"taxonomy":"product_tag","embeddable":true,"href":"https:\/\/daluzatuvida.com\/index.php\/wp-json\/wp\/v2\/product_tag?post=1914"}],"curies":[{"name":"wp","href":"https:\/\/api.w.org\/{rel}","templated":true}]}}