{"id":1840,"date":"2023-03-28T17:47:21","date_gmt":"2023-03-28T17:47:21","guid":{"rendered":"https:\/\/daluzatuvida.com\/index.php\/product\/producto-10\/"},"modified":"2024-05-21T12:25:43","modified_gmt":"2024-05-21T11:25:43","slug":"producto-10","status":"publish","type":"product","link":"https:\/\/daluzatuvida.com\/index.php\/product\/producto-10\/","title":{"rendered":"incienso de rosas blancas."},"content":{"rendered":"<div class=\"ui-pdp-container__col col-2 ui-pdp-container--column-left pb-40\" style=\"padding-bottom:40px;flex-wrap:wrap;width:371.286px;flex:210%;font-family:\">\n<div class=\"ui-pdp-container__col col-1 ui-vip-core-container--content-left\" style=\"flex-wrap:wrap;width:auto;flex:110%;margin-left:50px\">\n<div class=\"ui-pdp-container__row ui-pdp-container__row--description\" id=\"description\" style=\"flex:01auto;flex-flow:rowwrap;padding-bottom:40px;padding-top:40px\">\n<div class=\"ui-pdp-description\">\n<p class=\"ui-pdp-description__content\" style=\"margin:0px;font-size:20px;font-weight:400\">Despierta tus mejores recuerdos al encender un incienso, col\u00f3cale un prop\u00f3sito y viaja a trav\u00e9s de su aroma.<\/p>\n<p>Detalles:<br \/>\n&#8211; Rica fragancia que llena la habitaci\u00f3n.<br \/>\n&#8211; Excelente calidad desde el principio hasta el final.<\/p>\n<p>Contiene 6 paquetes de 20 varillas.<\/p>\n<p>Hecho en India.<\/p>\n<p>No explotaci\u00f3n infantil.<\/p><\/div>\n<\/div>\n<div class=\"ui-pdp-container__col col-3\" style=\"flex-wrap:wrap;width:321.286px;flex:310%\"><\/div>\n<\/div>\n<\/div>\n<div class=\"ui-pdp-container__col col-1 ui-pdp-container--column-right mt-16 pr-16\" style=\"margin-top:16px;padding-right:16px;flex-wrap:wrap;width:255px;flex:110%;margin-left:16px;min-width:255px;max-width:255px;font-family:\">\n<div class=\"ui-pdp-container__row ui-pdp-component-list pr-16 pl-16\" style=\"padding:16px;flex:01auto;flex-flow:rowwrap;border-radius:8px;font-size:14px;width:239px\">\n<div class=\"ui-pdp-container__col col-2 ui-vip-core-container--short-description ui-vip-core-container--column__right\" style=\"flex-wrap:wrap;width:205px;flex:210%\">\n<div class=\"ui-pdp-container__row ui-pdp-container__row--header\" id=\"header\" style=\"flex:01auto;flex-flow:rowwrap;width:205px\">\n<div class=\"ui-pdp-header\" style=\"width:205px\">\n<div class=\"ui-pdp-header__subtitle\" style=\"margin-bottom:8px;margin-right:40px\"><\/div>\n<\/div>\n<\/div>\n<\/div>\n<\/div>\n<\/div>\n","protected":false},"excerpt":{"rendered":"<p>Despierta tus mejores recuerdos al encender un incienso, col\u00f3cale un prop\u00f3sito y viaja a trav\u00e9s de su aroma. Detalles: &#8211; Rica fragancia que llena la habitaci\u00f3n. &#8211; Excelente calidad desde el principio hasta el final. Contiene 6 paquetes de 20 varillas. Hecho en India. No&hellip;<\/p>\n","protected":false},"featured_media":1839,"comment_status":"open","ping_status":"closed","template":"","meta":{"om_disable_all_campaigns":false,"_monsterinsights_skip_tracking":false,"_monsterinsights_sitenote_active":false,"_monsterinsights_sitenote_note":"","_monsterinsights_sitenote_category":0},"product_brand":[],"product_cat":[380],"product_tag":[],"class_list":{"0":"post-1840","1":"product","2":"type-product","3":"status-publish","4":"has-post-thumbnail","6":"product_cat-sagrada-madre-inciensos-complementos","8":"first","9":"outofstock","10":"taxable","11":"shipping-taxable","12":"purchasable","13":"product-type-simple"},"aioseo_notices":[],"jetpack_sharing_enabled":true,"_links":{"self":[{"href":"https:\/\/daluzatuvida.com\/index.php\/wp-json\/wp\/v2\/product\/1840","targetHints":{"allow":["GET"]}}],"collection":[{"href":"https:\/\/daluzatuvida.com\/index.php\/wp-json\/wp\/v2\/product"}],"about":[{"href":"https:\/\/daluzatuvida.com\/index.php\/wp-json\/wp\/v2\/types\/product"}],"replies":[{"embeddable":true,"href":"https:\/\/daluzatuvida.com\/index.php\/wp-json\/wp\/v2\/comments?post=1840"}],"wp:featuredmedia":[{"embeddable":true,"href":"https:\/\/daluzatuvida.com\/index.php\/wp-json\/wp\/v2\/media\/1839"}],"wp:attachment":[{"href":"https:\/\/daluzatuvida.com\/index.php\/wp-json\/wp\/v2\/media?parent=1840"}],"wp:term":[{"taxonomy":"product_brand","embeddable":true,"href":"https:\/\/daluzatuvida.com\/index.php\/wp-json\/wp\/v2\/product_brand?post=1840"},{"taxonomy":"product_cat","embeddable":true,"href":"https:\/\/daluzatuvida.com\/index.php\/wp-json\/wp\/v2\/product_cat?post=1840"},{"taxonomy":"product_tag","embeddable":true,"href":"https:\/\/daluzatuvida.com\/index.php\/wp-json\/wp\/v2\/product_tag?post=1840"}],"curies":[{"name":"wp","href":"https:\/\/api.w.org\/{rel}","templated":true}]}}