{"id":1832,"date":"2023-03-28T18:16:09","date_gmt":"2023-03-28T17:16:09","guid":{"rendered":"https:\/\/daluzatuvida.com\/index.php\/product\/palo-santo-abre-caminos-ritualizado\/"},"modified":"2024-05-21T12:48:12","modified_gmt":"2024-05-21T11:48:12","slug":"palo-santo-abre-caminos-ritualizado","status":"publish","type":"product","link":"https:\/\/daluzatuvida.com\/index.php\/product\/palo-santo-abre-caminos-ritualizado\/","title":{"rendered":"Palo santo ritualizado \nAbre caminos ."},"content":{"rendered":"<p style=\"margin-top:0px;margin-bottom:0.8rem;font-size:19px;line-height:28px;font-family:Karla,sans-serif;font-style:normal;font-weight:400;letter-spacing:normal;text-transform:none;text-align:left\">Polvos m\u00e1gicos para rituales esot\u00e9ricos.<\/p>\n<p style=\"margin-top:0px;margin-bottom:0.8rem;font-size:19px;line-height:28px;font-family:Karla,sans-serif;font-style:normal;font-weight:400;letter-spacing:normal;text-transform:none;text-align:left\">Ll\u00e9valo en la cartera para esparcirlo por los rincones de la casa<a href=\"https:\/\/inciensosnamaste.es\/palo-santo\/\" style=\"text-decoration: none;background-color: transparent\">,<\/a><span> <\/span>oficina, etc o quemar en sahumerio.<\/p>\n<p style=\"margin-top:0px;margin-bottom:0px;font-size:19px;line-height:28px;font-family:Karla,sans-serif;font-style:normal;font-weight:400;letter-spacing:normal;text-transform:none;text-align:left\">Contenido de entre 10 a 12 gramos.<\/p>\n","protected":false},"excerpt":{"rendered":"<p>Polvos m\u00e1gicos para rituales esot\u00e9ricos. Ll\u00e9valo en la cartera para esparcirlo por los rincones de la casa, oficina, etc o quemar en sahumerio. Contenido de entre 10 a 12 gramos.<\/p>\n","protected":false},"featured_media":1831,"comment_status":"open","ping_status":"closed","template":"","meta":{"om_disable_all_campaigns":false,"_monsterinsights_skip_tracking":false,"_monsterinsights_sitenote_active":false,"_monsterinsights_sitenote_note":"","_monsterinsights_sitenote_category":0},"product_brand":[],"product_cat":[388],"product_tag":[],"class_list":{"0":"post-1832","1":"product","2":"type-product","3":"status-publish","4":"has-post-thumbnail","6":"product_cat-sahumerios-ingredientes-ritual","8":"first","9":"instock","10":"taxable","11":"shipping-taxable","12":"purchasable","13":"product-type-simple"},"aioseo_notices":[],"jetpack_sharing_enabled":true,"_links":{"self":[{"href":"https:\/\/daluzatuvida.com\/index.php\/wp-json\/wp\/v2\/product\/1832","targetHints":{"allow":["GET"]}}],"collection":[{"href":"https:\/\/daluzatuvida.com\/index.php\/wp-json\/wp\/v2\/product"}],"about":[{"href":"https:\/\/daluzatuvida.com\/index.php\/wp-json\/wp\/v2\/types\/product"}],"replies":[{"embeddable":true,"href":"https:\/\/daluzatuvida.com\/index.php\/wp-json\/wp\/v2\/comments?post=1832"}],"wp:featuredmedia":[{"embeddable":true,"href":"https:\/\/daluzatuvida.com\/index.php\/wp-json\/wp\/v2\/media\/1831"}],"wp:attachment":[{"href":"https:\/\/daluzatuvida.com\/index.php\/wp-json\/wp\/v2\/media?parent=1832"}],"wp:term":[{"taxonomy":"product_brand","embeddable":true,"href":"https:\/\/daluzatuvida.com\/index.php\/wp-json\/wp\/v2\/product_brand?post=1832"},{"taxonomy":"product_cat","embeddable":true,"href":"https:\/\/daluzatuvida.com\/index.php\/wp-json\/wp\/v2\/product_cat?post=1832"},{"taxonomy":"product_tag","embeddable":true,"href":"https:\/\/daluzatuvida.com\/index.php\/wp-json\/wp\/v2\/product_tag?post=1832"}],"curies":[{"name":"wp","href":"https:\/\/api.w.org\/{rel}","templated":true}]}}