{"id":1820,"date":"2023-03-28T16:13:40","date_gmt":"2023-03-28T16:13:40","guid":{"rendered":"https:\/\/daluzatuvida.com\/index.php\/product\/resina-incienso-salvia\/"},"modified":"2024-05-21T13:10:03","modified_gmt":"2024-05-21T12:10:03","slug":"resina-incienso-salvia","status":"publish","type":"product","link":"https:\/\/daluzatuvida.com\/index.php\/product\/resina-incienso-salvia\/","title":{"rendered":"Resina incienso Salvia."},"content":{"rendered":"<p style=\"margin-top:0px;margin-bottom:0.8rem;font-size:19px;line-height:28px;font-family:Karla,sans-serif;font-style:normal;font-weight:400;letter-spacing:normal;text-transform:none;text-align:left\">Resina Goloka Salvia Blanca<\/p>\n<p style=\"margin-top:0px;margin-bottom:0.8rem;font-size:19px;line-height:28px;font-family:Karla,sans-serif;font-style:normal;font-weight:400;letter-spacing:normal;text-transform:none;text-align:left\">Aut\u00e9ntica resina en bolsitas de 30 gramos, de la prestigiosa marca de inciensos Goloka.<\/p>\n<p style=\"margin-top:0px;margin-bottom:0.8rem;font-size:19px;line-height:28px;font-family:Karla,sans-serif;font-style:normal;font-weight:400;letter-spacing:normal;text-transform:none;text-align:left\">Las resinas naturales son inciensos en su forma m\u00e1s pura y natural.<\/p>\n<p style=\"margin-top:0px;margin-bottom:0.8rem;font-size:19px;line-height:28px;font-family:Karla,sans-serif;font-style:normal;font-weight:400;letter-spacing:normal;text-transform:none;text-align:left\">Provienen de la goma extra\u00edda de \u00e1rboles.<\/p>\n<p style=\"margin-top:0px;margin-bottom:0.8rem;font-size:19px;line-height:28px;font-family:Karla,sans-serif;font-style:normal;font-weight:400;letter-spacing:normal;text-transform:none;text-align:left\">Su potente aroma es mucho m\u00e1s intenso que otras formas de incienso.<\/p>\n<p style=\"margin-top:0px;margin-bottom:0.8rem;font-size:19px;line-height:28px;font-family:Karla,sans-serif;font-style:normal;font-weight:400;letter-spacing:normal;text-transform:none;text-align:left\">Producto 100% natural, que no tiene \u2018combusti\u00f3n\u2019 en su composici\u00f3n.<\/p>\n<p style=\"margin-top:0px;margin-bottom:0.8rem;font-size:19px;line-height:28px;font-family:Karla,sans-serif;font-style:normal;font-weight:400;letter-spacing:normal;text-transform:none;text-align:left\">Se requiere el uso de carbones lit\u00fargicos para ser quemado.<\/p>\n<p style=\"margin-top:0px;margin-bottom:0px;font-size:19px;line-height:28px;font-family:Karla,sans-serif;font-style:normal;font-weight:400;letter-spacing:normal;text-transform:none;text-align:left\">Para quemar resina: encienda el carb\u00f3n, col\u00f3quelo en su soporte de incienso. Sostenga el carb\u00f3n con pinzas. El carb\u00f3n se encender\u00e1 autom\u00e1ticamente a trav\u00e9s de la superficie. Cuando el carb\u00f3n comience a ponerse gris alrededor de los bordes, es el momento de agregar la resina. A menudo la gente a\u00f1ade arena al soporte para ayudar a absorber el calor.<\/p>\n","protected":false},"excerpt":{"rendered":"<p>Resina Goloka Salvia Blanca Aut\u00e9ntica resina en bolsitas de 30 gramos, de la prestigiosa marca de inciensos Goloka. Las resinas naturales son inciensos en su forma m\u00e1s pura y natural. Provienen de la goma extra\u00edda de \u00e1rboles. Su potente aroma es mucho m\u00e1s intenso que&hellip;<\/p>\n","protected":false},"featured_media":1819,"comment_status":"open","ping_status":"closed","template":"","meta":{"om_disable_all_campaigns":false,"_monsterinsights_skip_tracking":false,"_monsterinsights_sitenote_active":false,"_monsterinsights_sitenote_note":"","_monsterinsights_sitenote_category":0},"product_brand":[],"product_cat":[380],"product_tag":[],"class_list":{"0":"post-1820","1":"product","2":"type-product","3":"status-publish","4":"has-post-thumbnail","6":"product_cat-sagrada-madre-inciensos-complementos","8":"first","9":"instock","10":"taxable","11":"shipping-taxable","12":"purchasable","13":"product-type-simple"},"aioseo_notices":[],"jetpack_sharing_enabled":true,"_links":{"self":[{"href":"https:\/\/daluzatuvida.com\/index.php\/wp-json\/wp\/v2\/product\/1820","targetHints":{"allow":["GET"]}}],"collection":[{"href":"https:\/\/daluzatuvida.com\/index.php\/wp-json\/wp\/v2\/product"}],"about":[{"href":"https:\/\/daluzatuvida.com\/index.php\/wp-json\/wp\/v2\/types\/product"}],"replies":[{"embeddable":true,"href":"https:\/\/daluzatuvida.com\/index.php\/wp-json\/wp\/v2\/comments?post=1820"}],"wp:featuredmedia":[{"embeddable":true,"href":"https:\/\/daluzatuvida.com\/index.php\/wp-json\/wp\/v2\/media\/1819"}],"wp:attachment":[{"href":"https:\/\/daluzatuvida.com\/index.php\/wp-json\/wp\/v2\/media?parent=1820"}],"wp:term":[{"taxonomy":"product_brand","embeddable":true,"href":"https:\/\/daluzatuvida.com\/index.php\/wp-json\/wp\/v2\/product_brand?post=1820"},{"taxonomy":"product_cat","embeddable":true,"href":"https:\/\/daluzatuvida.com\/index.php\/wp-json\/wp\/v2\/product_cat?post=1820"},{"taxonomy":"product_tag","embeddable":true,"href":"https:\/\/daluzatuvida.com\/index.php\/wp-json\/wp\/v2\/product_tag?post=1820"}],"curies":[{"name":"wp","href":"https:\/\/api.w.org\/{rel}","templated":true}]}}