{"id":1797,"date":"2023-03-28T11:06:22","date_gmt":"2023-03-28T11:06:22","guid":{"rendered":"https:\/\/daluzatuvida.com\/index.php\/product\/gua-sha-masajeador-amatista\/"},"modified":"2024-05-21T12:19:06","modified_gmt":"2024-05-21T11:19:06","slug":"gua-sha-masajeador-amatista","status":"publish","type":"product","link":"https:\/\/daluzatuvida.com\/index.php\/product\/gua-sha-masajeador-amatista\/","title":{"rendered":"Gua sha masajeador Amatista"},"content":{"rendered":"<p><span style=\"font-family:\">La amatista nos<span> <\/span><\/span><b style=\"max-height: 999999px;font-weight: 500;font-family:\">aporta serenidad emocional, sentido com\u00fan, potencia la motivaci\u00f3n y la memoria<\/b><span style=\"font-family:\">. A nivel corporal y curativo, esta piedra resulta perfecta a la hora de aliviar ciertos dolores, originados tanto por tensiones f\u00edsicas, psicol\u00f3gicas y emocionales, ayudando a bloquear el estr\u00e9s geop\u00e1tico.<\/span><\/p>\n","protected":false},"excerpt":{"rendered":"<p>La amatista nos aporta serenidad emocional, sentido com\u00fan, potencia la motivaci\u00f3n y la memoria. A nivel corporal y curativo, esta piedra resulta perfecta a la hora de aliviar ciertos dolores, originados tanto por tensiones f\u00edsicas, psicol\u00f3gicas y emocionales, ayudando a bloquear el estr\u00e9s geop\u00e1tico.<\/p>\n","protected":false},"featured_media":1796,"comment_status":"open","ping_status":"closed","template":"","meta":{"om_disable_all_campaigns":false,"_monsterinsights_skip_tracking":false,"_monsterinsights_sitenote_active":false,"_monsterinsights_sitenote_note":"","_monsterinsights_sitenote_category":0},"product_brand":[],"product_cat":[386],"product_tag":[],"class_list":{"0":"post-1797","1":"product","2":"type-product","3":"status-publish","4":"has-post-thumbnail","6":"product_cat-piedras-energeticas","8":"first","9":"instock","10":"taxable","11":"shipping-taxable","12":"purchasable","13":"product-type-simple"},"aioseo_notices":[],"jetpack_sharing_enabled":true,"_links":{"self":[{"href":"https:\/\/daluzatuvida.com\/index.php\/wp-json\/wp\/v2\/product\/1797","targetHints":{"allow":["GET"]}}],"collection":[{"href":"https:\/\/daluzatuvida.com\/index.php\/wp-json\/wp\/v2\/product"}],"about":[{"href":"https:\/\/daluzatuvida.com\/index.php\/wp-json\/wp\/v2\/types\/product"}],"replies":[{"embeddable":true,"href":"https:\/\/daluzatuvida.com\/index.php\/wp-json\/wp\/v2\/comments?post=1797"}],"wp:featuredmedia":[{"embeddable":true,"href":"https:\/\/daluzatuvida.com\/index.php\/wp-json\/wp\/v2\/media\/1796"}],"wp:attachment":[{"href":"https:\/\/daluzatuvida.com\/index.php\/wp-json\/wp\/v2\/media?parent=1797"}],"wp:term":[{"taxonomy":"product_brand","embeddable":true,"href":"https:\/\/daluzatuvida.com\/index.php\/wp-json\/wp\/v2\/product_brand?post=1797"},{"taxonomy":"product_cat","embeddable":true,"href":"https:\/\/daluzatuvida.com\/index.php\/wp-json\/wp\/v2\/product_cat?post=1797"},{"taxonomy":"product_tag","embeddable":true,"href":"https:\/\/daluzatuvida.com\/index.php\/wp-json\/wp\/v2\/product_tag?post=1797"}],"curies":[{"name":"wp","href":"https:\/\/api.w.org\/{rel}","templated":true}]}}