{"id":1777,"date":"2023-03-24T18:49:55","date_gmt":"2023-03-24T18:49:55","guid":{"rendered":"https:\/\/daluzatuvida.com\/index.php\/product\/incienso-botanico-te-verde-y-champa\/"},"modified":"2025-05-23T08:09:38","modified_gmt":"2025-05-23T07:09:38","slug":"incienso-botanico-te-verde-y-champa","status":"publish","type":"product","link":"https:\/\/daluzatuvida.com\/index.php\/product\/incienso-botanico-te-verde-y-champa\/","title":{"rendered":"Incienso bot\u00e1nico te verde y champa."},"content":{"rendered":"<p style=\"margin-top:0px;margin-bottom:0.8rem;font-size:19px;line-height:28px;font-family:Karla,sans-serif;font-style:normal;font-weight:400;letter-spacing:normal;text-transform:none;text-align:left\">Incienso Bot\u00e1nico Te Verde Champa.<\/p>\n<p style=\"margin-top:0px;margin-bottom:0.8rem;font-size:19px;line-height:28px;font-family:Karla,sans-serif;font-style:normal;font-weight:400;letter-spacing:normal;text-transform:none;text-align:left\">Incienso Artesanal Fruit Base.<\/p>\n<p style=\"margin-top:0px;margin-bottom:0.8rem;font-size:19px;line-height:28px;font-family:Karla,sans-serif;font-style:normal;font-weight:400;letter-spacing:normal;text-transform:none;text-align:left\">Hecho a mano.<\/p>\n<p style=\"margin-top:0px;margin-bottom:0.8rem;font-size:19px;line-height:28px;font-family:Karla,sans-serif;font-style:normal;font-weight:400;letter-spacing:normal;text-transform:none;text-align:left\">Contenido: 6 varillas gruesas de duraci\u00f3n extra.<\/p>\n<p style=\"margin-top:0px;margin-bottom:0.8rem;font-size:19px;line-height:28px;font-family:Karla,sans-serif;font-style:normal;font-weight:400;letter-spacing:normal;text-transform:none;text-align:left\">Duraci\u00f3n: cada varilla dura 1 hora.<\/p>\n<p style=\"margin-top:0px;margin-bottom:0.8rem;font-size:19px;line-height:28px;font-family:Karla,sans-serif;font-style:normal;font-weight:400;letter-spacing:normal;text-transform:none;text-align:left\">Composici\u00f3n: Hojas de t\u00e9 verde, polvo de champa, aceite concentrado de t\u00e9 verde y champa, carb\u00f3n vegetal, Biomasa de Frutas, aglutinante natural y sal.<\/p>\n<p style=\"margin-top:0px;margin-bottom:0.8rem;font-size:19px;line-height:28px;font-family:Karla,sans-serif;font-style:normal;font-weight:400;letter-spacing:normal;text-transform:none;text-align:left\">El curativo aroma del t\u00e9 verde, cuando se combina con la exquisita fragancia de las flores Champa, sanan e inundan el coraz\u00f3n de sentimientos de agradecimiento y felicidad espiritual.<\/p>\n<p style=\"margin-top:0px;margin-bottom:0.8rem;font-size:19px;line-height:28px;font-family:Karla,sans-serif;font-style:normal;font-weight:400;letter-spacing:normal;text-transform:none;text-align:left\">\u00bfQue es Fruit Base?<\/p>\n<p style=\"margin-top:0px;margin-bottom:0.8rem;font-size:19px;line-height:28px;font-family:Karla,sans-serif;font-style:normal;font-weight:400;letter-spacing:normal;text-transform:none;text-align:left\">Sahumerios a base de frutas.<\/p>\n<p style=\"margin-top:0px;margin-bottom:0.8rem;font-size:19px;line-height:28px;font-family:Karla,sans-serif;font-style:normal;font-weight:400;letter-spacing:normal;text-transform:none;text-align:left\">La idea de crear un incienso a base de fruta nace en los valles de la Patagonia en Argentina.<\/p>\n<p style=\"margin-top:0px;margin-bottom:0.8rem;font-size:19px;line-height:28px;font-family:Karla,sans-serif;font-style:normal;font-weight:400;letter-spacing:normal;text-transform:none;text-align:left\">Mas de 100 toneladas anuales de pulpa de frutas sobrante de la fabricacion de zumos y derivados es sacado al sol y transformado en una materia prima sustentable por Jose de Biot.<\/p>\n<p style=\"margin-top:0px;margin-bottom:0.8rem;font-size:19px;line-height:28px;font-family:Karla,sans-serif;font-style:normal;font-weight:400;letter-spacing:normal;text-transform:none;text-align:left\">Esta biomasa de aroma neutro, la incorporamos en la base de nuestros inciensos.<\/p>\n<p style=\"margin-top:0px;margin-bottom:0.8rem;font-size:19px;line-height:28px;font-family:Karla,sans-serif;font-style:normal;font-weight:400;letter-spacing:normal;text-transform:none;text-align:left\">En Sagrada Madre nos sumanos a esta corriente, innovadora de suprareciclaje o upcycling, en el reuso de materiales para disminuir nuestra huella ambiental.<\/p>\n<p style=\"margin-top:0px;margin-bottom:0.8rem;font-size:19px;line-height:28px;font-family:Karla,sans-serif;font-style:normal;font-weight:400;letter-spacing:normal;text-transform:none;text-align:left\">Sagrada madre refuerza su lugar en este futuro verde para la humanidad.<\/p>\n","protected":false},"excerpt":{"rendered":"<p>Incienso Bot\u00e1nico Te Verde Champa. Incienso Artesanal Fruit Base. Hecho a mano. Contenido: 6 varillas gruesas de duraci\u00f3n extra. Duraci\u00f3n: cada varilla dura 1 hora. Composici\u00f3n: Hojas de t\u00e9 verde, polvo de champa, aceite concentrado de t\u00e9 verde y champa, carb\u00f3n vegetal, Biomasa de Frutas,&hellip;<\/p>\n","protected":false},"featured_media":1776,"comment_status":"open","ping_status":"closed","template":"","meta":{"om_disable_all_campaigns":false,"_monsterinsights_skip_tracking":false,"_monsterinsights_sitenote_active":false,"_monsterinsights_sitenote_note":"","_monsterinsights_sitenote_category":0},"product_brand":[],"product_cat":[380],"product_tag":[],"class_list":{"0":"post-1777","1":"product","2":"type-product","3":"status-publish","4":"has-post-thumbnail","6":"product_cat-sagrada-madre-inciensos-complementos","8":"first","9":"instock","10":"taxable","11":"shipping-taxable","12":"purchasable","13":"product-type-simple"},"aioseo_notices":[],"jetpack_sharing_enabled":true,"_links":{"self":[{"href":"https:\/\/daluzatuvida.com\/index.php\/wp-json\/wp\/v2\/product\/1777","targetHints":{"allow":["GET"]}}],"collection":[{"href":"https:\/\/daluzatuvida.com\/index.php\/wp-json\/wp\/v2\/product"}],"about":[{"href":"https:\/\/daluzatuvida.com\/index.php\/wp-json\/wp\/v2\/types\/product"}],"replies":[{"embeddable":true,"href":"https:\/\/daluzatuvida.com\/index.php\/wp-json\/wp\/v2\/comments?post=1777"}],"wp:featuredmedia":[{"embeddable":true,"href":"https:\/\/daluzatuvida.com\/index.php\/wp-json\/wp\/v2\/media\/1776"}],"wp:attachment":[{"href":"https:\/\/daluzatuvida.com\/index.php\/wp-json\/wp\/v2\/media?parent=1777"}],"wp:term":[{"taxonomy":"product_brand","embeddable":true,"href":"https:\/\/daluzatuvida.com\/index.php\/wp-json\/wp\/v2\/product_brand?post=1777"},{"taxonomy":"product_cat","embeddable":true,"href":"https:\/\/daluzatuvida.com\/index.php\/wp-json\/wp\/v2\/product_cat?post=1777"},{"taxonomy":"product_tag","embeddable":true,"href":"https:\/\/daluzatuvida.com\/index.php\/wp-json\/wp\/v2\/product_tag?post=1777"}],"curies":[{"name":"wp","href":"https:\/\/api.w.org\/{rel}","templated":true}]}}