{"id":1683,"date":"2023-03-16T23:14:59","date_gmt":"2023-03-16T23:14:59","guid":{"rendered":"https:\/\/daluzatuvida.com\/index.php\/product\/incienso-de-hierbas-de-calendula-manzanilla-olibano-sagrada-madre\/"},"modified":"2024-11-19T17:36:48","modified_gmt":"2024-11-19T16:36:48","slug":"incienso-de-hierbas-de-calendula-manzanilla-olibano-sagrada-madre","status":"publish","type":"product","link":"https:\/\/daluzatuvida.com\/index.php\/product\/incienso-de-hierbas-de-calendula-manzanilla-olibano-sagrada-madre\/","title":{"rendered":"Incienso de hierbas de calendula, manzanilla \nOl\u00edbano  Sagrada madre."},"content":{"rendered":"<p class=\"txtdescripcion\" style=\"margin-top:0px;margin-bottom:0.8rem;font-size:19px;line-height:28px;font-family:Karla,sans-serif;font-style:normal;font-weight:400;letter-spacing:normal;text-transform:none;text-align:left\">Incienso Hierbas Cal\u00e9ndula, Manzanilla y Ol\u00edbano Sagrada Madre.<\/p>\n<p class=\"txtdescripcion\" style=\"margin-top:0px;margin-bottom:0.8rem;font-size:19px;line-height:28px;font-family:Karla,sans-serif;font-style:normal;font-weight:400;letter-spacing:normal;text-transform:none;text-align:left\">Incienso Natural y Artesanal.<\/p>\n<p class=\"txtdescripcion\" style=\"margin-top:0px;margin-bottom:0.8rem;font-size:19px;line-height:28px;font-family:Karla,sans-serif;font-style:normal;font-weight:400;letter-spacing:normal;text-transform:none;text-align:left\">Hecho a mano con mucho amor.<\/p>\n<p class=\"txtdescripcion\" style=\"margin-top:0px;margin-bottom:0.8rem;font-size:19px;line-height:28px;font-family:Karla,sans-serif;font-style:normal;font-weight:400;letter-spacing:normal;text-transform:none;text-align:left\">Contenido: 9 varillas de incienso gruesas de duraci\u00f3n extra.<\/p>\n<p class=\"txtdescripcion\" style=\"margin-top:0px;margin-bottom:0.8rem;font-size:19px;line-height:28px;font-family:Karla,sans-serif;font-style:normal;font-weight:400;letter-spacing:normal;text-transform:none;text-align:left\">Duraci\u00f3n: cada varilla de incienso dura 50 minutos.<\/p>\n<p class=\"txtdescripcion\" style=\"margin-top:0px;margin-bottom:0.8rem;font-size:19px;line-height:28px;font-family:Karla,sans-serif;font-style:normal;font-weight:400;letter-spacing:normal;text-transform:none;text-align:left\">Composici\u00f3n: Flores de cal\u00e9ndula<a href=\"https:\/\/inciensosalpormayor.es\/sagrada-madre\/\" style=\"text-decoration: none;background-color: transparent\">,<\/a><span> <\/span>flores de manzanilla, ol\u00edbano, aceite esencial de manzanilla y cal\u00e9ndula, carb\u00f3n vegetal y aglutinante natural a base de plantas.<\/p>\n<p class=\"paragraph-3\" style=\"margin-top:0px;margin-bottom:0.8rem;font-size:19px;line-height:28px;font-family:Karla,sans-serif;font-style:normal;font-weight:400;letter-spacing:normal;text-transform:none;text-align:left\">La manzanilla atrae abundancia, paz, amor y tranquilidad, la cal\u00e9ndula simboliza la pasi\u00f3n y la creatividad y el ol\u00edbano es un gran purificador natural.<\/p>\n<p class=\"paragraph-3\" style=\"margin-top:0px;margin-bottom:0px;font-size:19px;line-height:28px;font-family:Karla,sans-serif;font-style:normal;font-weight:400;letter-spacing:normal;text-transform:none;text-align:left\">Combinados armonizan la consciencia, elevan la vibraci\u00f3n y fortalecen nuestro poder interior al liberar rayos de amor, que generan auras de protecci\u00f3n, contenci\u00f3n y felicidad<\/p>\n","protected":false},"excerpt":{"rendered":"<p>Incienso Hierbas Cal\u00e9ndula, Manzanilla y Ol\u00edbano Sagrada Madre. Incienso Natural y Artesanal. Hecho a mano con mucho amor. Contenido: 9 varillas de incienso gruesas de duraci\u00f3n extra. Duraci\u00f3n: cada varilla de incienso dura 50 minutos. Composici\u00f3n: Flores de cal\u00e9ndula, flores de manzanilla, ol\u00edbano, aceite esencial&hellip;<\/p>\n","protected":false},"featured_media":1682,"comment_status":"open","ping_status":"closed","template":"","meta":{"om_disable_all_campaigns":false,"_monsterinsights_skip_tracking":false,"_monsterinsights_sitenote_active":false,"_monsterinsights_sitenote_note":"","_monsterinsights_sitenote_category":0},"product_brand":[],"product_cat":[380],"product_tag":[],"class_list":{"0":"post-1683","1":"product","2":"type-product","3":"status-publish","4":"has-post-thumbnail","6":"product_cat-sagrada-madre-inciensos-complementos","8":"first","9":"instock","10":"taxable","11":"shipping-taxable","12":"purchasable","13":"product-type-simple"},"aioseo_notices":[],"jetpack_sharing_enabled":true,"_links":{"self":[{"href":"https:\/\/daluzatuvida.com\/index.php\/wp-json\/wp\/v2\/product\/1683","targetHints":{"allow":["GET"]}}],"collection":[{"href":"https:\/\/daluzatuvida.com\/index.php\/wp-json\/wp\/v2\/product"}],"about":[{"href":"https:\/\/daluzatuvida.com\/index.php\/wp-json\/wp\/v2\/types\/product"}],"replies":[{"embeddable":true,"href":"https:\/\/daluzatuvida.com\/index.php\/wp-json\/wp\/v2\/comments?post=1683"}],"wp:featuredmedia":[{"embeddable":true,"href":"https:\/\/daluzatuvida.com\/index.php\/wp-json\/wp\/v2\/media\/1682"}],"wp:attachment":[{"href":"https:\/\/daluzatuvida.com\/index.php\/wp-json\/wp\/v2\/media?parent=1683"}],"wp:term":[{"taxonomy":"product_brand","embeddable":true,"href":"https:\/\/daluzatuvida.com\/index.php\/wp-json\/wp\/v2\/product_brand?post=1683"},{"taxonomy":"product_cat","embeddable":true,"href":"https:\/\/daluzatuvida.com\/index.php\/wp-json\/wp\/v2\/product_cat?post=1683"},{"taxonomy":"product_tag","embeddable":true,"href":"https:\/\/daluzatuvida.com\/index.php\/wp-json\/wp\/v2\/product_tag?post=1683"}],"curies":[{"name":"wp","href":"https:\/\/api.w.org\/{rel}","templated":true}]}}