{"id":1681,"date":"2023-03-16T23:11:12","date_gmt":"2023-03-16T23:11:12","guid":{"rendered":"https:\/\/daluzatuvida.com\/index.php\/product\/incienso-de-salvia-blancasagrada-madre\/"},"modified":"2024-05-21T12:25:58","modified_gmt":"2024-05-21T11:25:58","slug":"incienso-de-salvia-blancasagrada-madre","status":"publish","type":"product","link":"https:\/\/daluzatuvida.com\/index.php\/product\/incienso-de-salvia-blancasagrada-madre\/","title":{"rendered":"Incienso de salvia blanca\nSagrada Madre."},"content":{"rendered":"<p class=\"txtdescripcion\" style=\"margin-top:0px;margin-bottom:0.8rem;font-size:19px;line-height:28px;font-family:Karla,sans-serif;font-style:normal;font-weight:400;letter-spacing:normal;text-transform:none;text-align:left\">Incienso Hierbas Salvia Blanca Sagrada Madre.<\/p>\n<p class=\"txtdescripcion\" style=\"margin-top:0px;margin-bottom:0.8rem;font-size:19px;line-height:28px;font-family:Karla,sans-serif;font-style:normal;font-weight:400;letter-spacing:normal;text-transform:none;text-align:left\">Incienso Natural y Artesanal.<\/p>\n<p class=\"txtdescripcion\" style=\"margin-top:0px;margin-bottom:0.8rem;font-size:19px;line-height:28px;font-family:Karla,sans-serif;font-style:normal;font-weight:400;letter-spacing:normal;text-transform:none;text-align:left\">Hecho a mano con mucho amor.<\/p>\n<p class=\"txtdescripcion\" style=\"margin-top:0px;margin-bottom:0.8rem;font-size:19px;line-height:28px;font-family:Karla,sans-serif;font-style:normal;font-weight:400;letter-spacing:normal;text-transform:none;text-align:left\">Contenido: 9 varillas de incienso gruesas de duraci\u00f3n extra.<\/p>\n<p class=\"txtdescripcion\" style=\"margin-top:0px;margin-bottom:0.8rem;font-size:19px;line-height:28px;font-family:Karla,sans-serif;font-style:normal;font-weight:400;letter-spacing:normal;text-transform:none;text-align:left\">Duraci\u00f3n: cada varilla de incienso dura 50 minutos aproximadamente.<\/p>\n<p class=\"txtdescripcion\" style=\"margin-top:0px;margin-bottom:0.8rem;font-size:19px;line-height:28px;font-family:Karla,sans-serif;font-style:normal;font-weight:400;letter-spacing:normal;text-transform:none;text-align:left\">Composici\u00f3n: Hojas de Salvia blanca, frankincense<a href=\"https:\/\/inciensosalpormayor.es\/sagrada-madre\/\" style=\"text-decoration: none;background-color: transparent\">,<\/a><span> <\/span>copal, carb\u00f3n vegetal y aglutinante a base de plantas.<\/p>\n<p class=\"paragraph-3\" style=\"margin-top:0px;margin-bottom:0.8rem;font-size:19px;line-height:28px;font-family:Karla,sans-serif;font-style:normal;font-weight:400;letter-spacing:normal;text-transform:none;text-align:left\">La salvia por su alto poder esot\u00e9rico es ampliamente utilizada para atraer la sanaci\u00f3n, protecci\u00f3n espiritual, limpieza \u00e1urica y abundancia.<\/p>\n<p class=\"paragraph-3\" style=\"margin-top:0px;margin-bottom:0px;font-size:19px;line-height:28px;font-family:Karla,sans-serif;font-style:normal;font-weight:400;letter-spacing:normal;text-transform:none;text-align:left\">El humo resultante de quemar sus hojas es empleado como purificador de ambientes, en especial en los establecimientos comerciales pues ayuda a generar paz y prosperidad econ\u00f3mica.<\/p>\n","protected":false},"excerpt":{"rendered":"<p>Incienso Hierbas Salvia Blanca Sagrada Madre. Incienso Natural y Artesanal. Hecho a mano con mucho amor. Contenido: 9 varillas de incienso gruesas de duraci\u00f3n extra. Duraci\u00f3n: cada varilla de incienso dura 50 minutos aproximadamente. Composici\u00f3n: Hojas de Salvia blanca, frankincense, copal, carb\u00f3n vegetal y aglutinante&hellip;<\/p>\n","protected":false},"featured_media":1680,"comment_status":"open","ping_status":"closed","template":"","meta":{"om_disable_all_campaigns":false,"_monsterinsights_skip_tracking":false,"_monsterinsights_sitenote_active":false,"_monsterinsights_sitenote_note":"","_monsterinsights_sitenote_category":0},"product_brand":[],"product_cat":[380],"product_tag":[],"class_list":{"0":"post-1681","1":"product","2":"type-product","3":"status-publish","4":"has-post-thumbnail","6":"product_cat-sagrada-madre-inciensos-complementos","8":"first","9":"outofstock","10":"taxable","11":"shipping-taxable","12":"purchasable","13":"product-type-simple"},"aioseo_notices":[],"jetpack_sharing_enabled":true,"_links":{"self":[{"href":"https:\/\/daluzatuvida.com\/index.php\/wp-json\/wp\/v2\/product\/1681","targetHints":{"allow":["GET"]}}],"collection":[{"href":"https:\/\/daluzatuvida.com\/index.php\/wp-json\/wp\/v2\/product"}],"about":[{"href":"https:\/\/daluzatuvida.com\/index.php\/wp-json\/wp\/v2\/types\/product"}],"replies":[{"embeddable":true,"href":"https:\/\/daluzatuvida.com\/index.php\/wp-json\/wp\/v2\/comments?post=1681"}],"wp:featuredmedia":[{"embeddable":true,"href":"https:\/\/daluzatuvida.com\/index.php\/wp-json\/wp\/v2\/media\/1680"}],"wp:attachment":[{"href":"https:\/\/daluzatuvida.com\/index.php\/wp-json\/wp\/v2\/media?parent=1681"}],"wp:term":[{"taxonomy":"product_brand","embeddable":true,"href":"https:\/\/daluzatuvida.com\/index.php\/wp-json\/wp\/v2\/product_brand?post=1681"},{"taxonomy":"product_cat","embeddable":true,"href":"https:\/\/daluzatuvida.com\/index.php\/wp-json\/wp\/v2\/product_cat?post=1681"},{"taxonomy":"product_tag","embeddable":true,"href":"https:\/\/daluzatuvida.com\/index.php\/wp-json\/wp\/v2\/product_tag?post=1681"}],"curies":[{"name":"wp","href":"https:\/\/api.w.org\/{rel}","templated":true}]}}