{"id":1664,"date":"2023-03-16T22:41:27","date_gmt":"2023-03-16T22:41:27","guid":{"rendered":"https:\/\/daluzatuvida.com\/index.php\/product\/incienso-palo-santo-y-vainilla-sagrada-madre\/"},"modified":"2024-05-21T12:28:45","modified_gmt":"2024-05-21T11:28:45","slug":"incienso-palo-santo-y-vainilla-sagrada-madre","status":"publish","type":"product","link":"https:\/\/daluzatuvida.com\/index.php\/product\/incienso-palo-santo-y-vainilla-sagrada-madre\/","title":{"rendered":"Incienso palo santo con  vainilla.\nSagrada madre."},"content":{"rendered":"<p style=\"margin-top:0px;margin-bottom:0.8rem;font-size:19px;line-height:28px;font-family:Karla,sans-serif;font-style:normal;font-weight:400;letter-spacing:normal;text-transform:none;text-align:left\">Incienso Palo Santo con Vainilla Sagrada Madre.<\/p>\n<p style=\"margin-top:0px;margin-bottom:0.8rem;font-size:19px;line-height:28px;font-family:Karla,sans-serif;font-style:normal;font-weight:400;letter-spacing:normal;text-transform:none;text-align:left\">Incienso Natural y Artesanal.<\/p>\n<p style=\"margin-top:0px;margin-bottom:0.8rem;font-size:19px;line-height:28px;font-family:Karla,sans-serif;font-style:normal;font-weight:400;letter-spacing:normal;text-transform:none;text-align:left\">Hecho a mano con mucho amor.<\/p>\n<p style=\"margin-top:0px;margin-bottom:0.8rem;font-size:19px;line-height:28px;font-family:Karla,sans-serif;font-style:normal;font-weight:400;letter-spacing:normal;text-transform:none;text-align:left\">Contenido: 8 varillas de incienso gruesas de duraci\u00f3n extra.<\/p>\n<p style=\"margin-top:0px;margin-bottom:0.8rem;font-size:19px;line-height:28px;font-family:Karla,sans-serif;font-style:normal;font-weight:400;letter-spacing:normal;text-transform:none;text-align:left\">Duraci\u00f3n: cada varilla de incienso dura 1 hora aproximadamente.<\/p>\n<p style=\"margin-top:0px;margin-bottom:0.8rem;font-size:19px;line-height:28px;font-family:Karla,sans-serif;font-style:normal;font-weight:400;letter-spacing:normal;text-transform:none;text-align:left\">Composici\u00f3n: madera de palo santo (peruano)<a href=\"https:\/\/inciensosalpormayor.es\/sagrada-madre\/\" style=\"text-decoration: none;background-color: transparent\">,<\/a><span> <\/span>aglutinante natural y vainilla.<\/p>\n<p class=\"paragraph-3\" style=\"margin-top:0px;margin-bottom:0.8rem;font-size:19px;line-height:28px;font-family:Karla,sans-serif;font-style:normal;font-weight:400;letter-spacing:normal;text-transform:none;text-align:left\">Encender un sahumerio de Palo Santo es un acto sagrado y purificador.<\/p>\n<p class=\"paragraph-3\" style=\"margin-top:0px;margin-bottom:0.8rem;font-size:19px;line-height:28px;font-family:Karla,sans-serif;font-style:normal;font-weight:400;letter-spacing:normal;text-transform:none;text-align:left\">Aumenta la sensaci\u00f3n de calma y bienestar atrayendo energ\u00edas positivas y armoniosas a todos los que est\u00e9n en contacto con este humo sagrado.<\/p>\n<p style=\"margin-top:0px;margin-bottom:0px;font-size:19px;line-height:28px;font-family:Karla,sans-serif;font-style:normal;font-weight:400;letter-spacing:normal;text-transform:none;text-align:left\">La vainilla complace los gustos m\u00e1s golosos y es afrodis\u00edaco dando ambiente en los momentos \u00edntimos con la pareja y aumentando el cari\u00f1o.<\/p>\n","protected":false},"excerpt":{"rendered":"<p>Incienso Palo Santo con Vainilla Sagrada Madre. Incienso Natural y Artesanal. Hecho a mano con mucho amor. Contenido: 8 varillas de incienso gruesas de duraci\u00f3n extra. Duraci\u00f3n: cada varilla de incienso dura 1 hora aproximadamente. Composici\u00f3n: madera de palo santo (peruano), aglutinante natural y vainilla.&hellip;<\/p>\n","protected":false},"featured_media":1663,"comment_status":"open","ping_status":"closed","template":"","meta":{"om_disable_all_campaigns":false,"_monsterinsights_skip_tracking":false,"_monsterinsights_sitenote_active":false,"_monsterinsights_sitenote_note":"","_monsterinsights_sitenote_category":0},"product_brand":[],"product_cat":[380],"product_tag":[],"class_list":{"0":"post-1664","1":"product","2":"type-product","3":"status-publish","4":"has-post-thumbnail","6":"product_cat-sagrada-madre-inciensos-complementos","8":"first","9":"instock","10":"taxable","11":"shipping-taxable","12":"purchasable","13":"product-type-simple"},"aioseo_notices":[],"jetpack_sharing_enabled":true,"_links":{"self":[{"href":"https:\/\/daluzatuvida.com\/index.php\/wp-json\/wp\/v2\/product\/1664","targetHints":{"allow":["GET"]}}],"collection":[{"href":"https:\/\/daluzatuvida.com\/index.php\/wp-json\/wp\/v2\/product"}],"about":[{"href":"https:\/\/daluzatuvida.com\/index.php\/wp-json\/wp\/v2\/types\/product"}],"replies":[{"embeddable":true,"href":"https:\/\/daluzatuvida.com\/index.php\/wp-json\/wp\/v2\/comments?post=1664"}],"wp:featuredmedia":[{"embeddable":true,"href":"https:\/\/daluzatuvida.com\/index.php\/wp-json\/wp\/v2\/media\/1663"}],"wp:attachment":[{"href":"https:\/\/daluzatuvida.com\/index.php\/wp-json\/wp\/v2\/media?parent=1664"}],"wp:term":[{"taxonomy":"product_brand","embeddable":true,"href":"https:\/\/daluzatuvida.com\/index.php\/wp-json\/wp\/v2\/product_brand?post=1664"},{"taxonomy":"product_cat","embeddable":true,"href":"https:\/\/daluzatuvida.com\/index.php\/wp-json\/wp\/v2\/product_cat?post=1664"},{"taxonomy":"product_tag","embeddable":true,"href":"https:\/\/daluzatuvida.com\/index.php\/wp-json\/wp\/v2\/product_tag?post=1664"}],"curies":[{"name":"wp","href":"https:\/\/api.w.org\/{rel}","templated":true}]}}