{"id":1662,"date":"2023-03-16T22:37:13","date_gmt":"2023-03-16T22:37:13","guid":{"rendered":"https:\/\/daluzatuvida.com\/index.php\/product\/producto-6\/"},"modified":"2024-11-19T17:18:48","modified_gmt":"2024-11-19T16:18:48","slug":"producto-6","status":"publish","type":"product","link":"https:\/\/daluzatuvida.com\/index.php\/product\/producto-6\/","title":{"rendered":"Incienso 5 elementos Fuerza y Fuego.\nSagrada madre."},"content":{"rendered":"<p>Incienso 5 elementos fuerza y fuego<\/p>\n<p>Sagrada madre.<main id=\"main-page-content\" style=\"font-family: Karla, sans-serif;font-size: 18px;font-style: normal;font-weight: 400;letter-spacing: normal;text-align: left;text-indent: 0px;text-transform: none\"><br \/>\n<\/main><\/p>\n<section id=\"wrapper\" style=\"margin-bottom:0px!important;border-top:1pxnone;border-bottom:1pxnone;padding-top:2.66667rem;padding-bottom:2.66667rem\">\n<div class=\"container\" id=\"inner-wrapper\" style=\"width:auto;padding-right:15px;padding-left:15px;margin-right:auto;margin-left:auto;max-width:97%\">\n<div id=\"content-wrapper\">\n<section id=\"main\">\n<div class=\"product-container\" id=\"main-product-wrapper\">\n<div class=\"tabs product-tabs product-sections\" style=\"margin-bottom:3rem;margin-top:3rem\">\n<section class=\"product-description-section block-section\" style=\"margin-bottom:3rem;clear:both\">\n<h4 class=\"section-title\" style=\"margin-top:0px;margin-bottom:0.8em;font-family:inherit;font-weight:700;line-height:1.2;font-size:1.46667rem;font-style:normal;text-transform:none;padding-bottom:0.5em\"><span>Descripcion<\/span><\/h4>\n<div class=\"section-content\">\n<div class=\"product-description\">\n<div class=\"rte-content\">\n<p style=\"margin-top:0px;margin-bottom:0.8rem;font-size:19px;line-height:28px\">Incienso 5 Elementos Fuego Fuerza Sagrada Madre.<\/p>\n<p style=\"margin-top:0px;margin-bottom:0.8rem;font-size:19px;line-height:28px\">Incienso Artesanal Fruit Base.<\/p>\n<p style=\"margin-top:0px;margin-bottom:0.8rem;font-size:19px;line-height:28px\">Hecho a mano.<\/p>\n<p style=\"margin-top:0px;margin-bottom:0.8rem;font-size:19px;line-height:28px\">Contenido: 6 varillas gruesas de duraci\u00f3n extra.<\/p>\n<p style=\"margin-top:0px;margin-bottom:0.8rem;font-size:19px;line-height:28px\">Duraci\u00f3n: cada varilla dura 1 hora.<\/p>\n<p style=\"margin-top:0px;margin-bottom:0.8rem;font-size:19px;line-height:28px\">Contenido: Aceite concentrado sangre de drag\u00f3n, biomasa de frutas, carbon vegetal, aglutinante natural y sal. La excitante fragancia de la sangre de drag\u00f3n, enciende tu fuerza y te da protecci\u00f3n.<\/p>\n<h2 style=\"margin-top:0px;margin-bottom:0.5rem;font-family:inherit;font-weight:700;line-height:1.2;color:inherit;font-size:1.25rem\"><span style=\"text-decoration:underline\"><strong style=\"font-weight: bolder\">\u00bfQue es Fruit Base?<\/strong><\/span><\/h2>\n<p style=\"margin-top:0px;margin-bottom:0.8rem;font-size:19px;line-height:28px\">Sahumerios a base de frutas.<\/p>\n<p style=\"margin-top:0px;margin-bottom:0.8rem;font-size:19px;line-height:28px\">La idea de crear un incienso a base de fruta nace en los valles de la Patagonia en Argentina.<\/p>\n<p style=\"margin-top:0px;margin-bottom:0.8rem;font-size:19px;line-height:28px\">Mas de 100 toneladas anuales de pulpa de frutas sobrante de la fabricacion de zumos y derivados es sacado al sol y transformado en una materia prima sustentable por Jose de Biot.<\/p>\n<p style=\"margin-top:0px;margin-bottom:0.8rem;font-size:19px;line-height:28px\">Esta biomasa de aroma neutro, la incorporamos en la base de nuestros inciensos.<\/p>\n<p style=\"margin-top:0px;margin-bottom:0.8rem;font-size:19px;line-height:28px\">En Sagrada Madre nos sumanos a esta corriente, innovadora de suprareciclaje o upcycling, en el reuso de materiales para disminuir nuestra huella ambiental.<\/p>\n<p style=\"margin-top:0px;margin-bottom:0.8rem;font-size:19px;line-height:28px\">Sagrada madre refuerza su lugar en este futuro verde para la humanidad.<\/p>\n<h2 style=\"margin-top:0px;margin-bottom:0.5rem;font-family:inherit;font-weight:700;line-height:1.2;color:inherit;font-size:1.25rem\"><span style=\"text-decoration:underline\"><strong style=\"font-weight: bolder\">Otras variedades de inciensos de 5 Elementos<\/strong><\/span><\/h2>\n<p style=\"margin-top:0px;margin-bottom:0.8rem;font-size:19px;line-height:28px\"><strong style=\"font-weight: bolder\">Agua Renacer<\/strong>: Resina de Ol\u00edbano, aceite concentrado de lemon grass, biomasa de frutas, carb\u00f3n vegetal, aglutinante natural y sal. El aroma puro del Ol\u00edbano junto a la frescura del lemongrass invitan a fluir en las aguas de la inclusi\u00f3n y aceptaci\u00f3n.<\/p>\n<p style=\"margin-top:0px;margin-bottom:0.8rem;font-size:19px;line-height:28px\"><strong style=\"font-weight: bolder\">Aire Alegr\u00eda<\/strong>: Aceite concentrado de la \u00c1rbol del Para\u00edso, biomasa de frutas, carb\u00f3n vegetal, aglutinante natural y sal. La dulce y fresca fragancia de la la \u00c1rbol del Para\u00edso, originalmente de los Himalayas pero muy prominente en Am\u00e9rica del Sur, aliviana los pensamientos y libera el esp\u00edritu.<\/p>\n<p style=\"margin-top:0px;margin-bottom:0.8rem;font-size:19px;line-height:28px\"><strong style=\"font-weight: bolder\">Fuego Renacer<\/strong>: Aceite concentrado sangre de drag\u00f3n, biomasa de frutas, carb\u00f3n vegetal, aglutinante natural y sal. La excitante fragancia de la sangre de drag\u00f3n, enciende tu fuerza y te da protecci\u00f3n.<\/p>\n<p style=\"margin-top:0px;margin-bottom:0.8rem;font-size:19px;line-height:28px\"><strong style=\"font-weight: bolder\">Tierra Armon\u00eda<\/strong>: Palo Santo, aceite concentrado de jengibre, biomasa de frutas, carb\u00f3n vegetal, aglutinante natural y sal. El c\u00e1lido aroma del Palo Santo da estabilidad y confianza, combinado la vibrante fragancia del jengibre activan la conexi\u00f3n con la madre tierra.<\/p>\n<p style=\"margin-top:0px;margin-bottom:0.8rem;font-size:19px;line-height:28px\"><strong style=\"font-weight: bolder\">Eter Claridad<\/strong>: Resina de Ol\u00edbano, Aceite concentrado flor reina de la noche, biomasa de frutas, carb\u00f3n vegetal, aglutinante natural y sal. El transformador aroma del incienso envuelto en la apasionante fragancia de la reina de la noche, brindan la claridad para vivir la maravilla del momento presente. <\/p>\n<\/div>\n<\/div>\n<\/div>\n<\/section>\n<\/div>\n<\/div>\n<div id=\"js-ps_checkout-express-button-container\"><\/div>\n<section class=\"crossselling-products block block-section\" style=\"margin-bottom:3rem;clear:both\">\n<h4 class=\"section-title\" style=\"margin-top:0px;margin-bottom:0.8em;font-family:inherit;font-weight:700;line-height:1.2;font-size:1.46667rem;font-style:normal;text-transform:none;padding-bottom:0.5em\"><\/h4>\n<div class=\"block-content swiper-container-wrapper\" style=\"overflow:hidden;margin:-0.2rem\">\n<div class=\"products products-grid swiper-container swiper-default-carousel swiper-container-initialized swiper-container-horizontal swiper-container-android\" style=\"margin-left:auto;margin-right:auto;overflow:visible;padding:0.2rem\">\n<div class=\"swiper-wrapper\" style=\"width:624.054px;height:387.161px\">\n<div class=\"swiper-slide swiper-slide-visible swiper-slide-active\" style=\"flex-shrink:0;width:312.5px;height:auto\">\n<div class=\"js-product-miniature-wrapper js-product-miniature-wrapper-1189 product-carousel\" style=\"height:387.161px;padding:0.2rem\"><\/div>\n<\/div>\n<div class=\"swiper-slide swiper-slide-visible swiper-slide-next\" style=\"flex-shrink:0;width:312.5px;height:auto\">\n<div class=\"js-product-miniature-wrapper js-product-miniature-wrapper-995 product-carousel\" style=\"height:387.161px;padding:0.2rem\"><\/div>\n<\/div>\n<div class=\"swiper-slide\" style=\"flex-shrink:0;width:312.5px;height:auto\">\n<div class=\"js-product-miniature-wrapper js-product-miniature-wrapper-808 product-carousel\" style=\"height:387.161px;padding:0.2rem\"><\/div>\n<\/div>\n<div class=\"swiper-slide\" style=\"flex-shrink:0;width:312.5px;height:auto\">\n<div class=\"js-product-miniature-wrapper js-product-miniature-wrapper-469 product-carousel\" style=\"height:387.161px;padding:0.2rem\"><\/div>\n<\/div>\n<div class=\"swiper-slide\" style=\"flex-shrink:0;width:312.5px;height:auto\">\n<div class=\"js-product-miniature-wrapper js-product-miniature-wrapper-1186 product-carousel\" style=\"height:387.161px;padding:0.2rem\"><\/div>\n<\/div>\n<div class=\"swiper-slide\" style=\"flex-shrink:0;width:312.5px;height:auto\">\n<div class=\"js-product-miniature-wrapper js-product-miniature-wrapper-1005 product-carousel\" style=\"height:387.161px;padding:0.2rem\"><\/div>\n<\/div>\n<div class=\"swiper-slide\" style=\"flex-shrink:0;width:312.5px;height:auto\">\n<div class=\"js-product-miniature-wrapper js-product-miniature-wrapper-1115 product-carousel\" style=\"height:387.161px;padding:0.2rem\"><\/div>\n<\/div>\n<div class=\"swiper-slide\" style=\"flex-shrink:0;width:312.5px;height:auto\">\n<div class=\"js-product-miniature-wrapper js-product-miniature-wrapper-348 product-carousel\" style=\"height:387.161px;padding:0.2rem\"><\/div>\n<\/div>\n<div class=\"swiper-slide\" style=\"flex-shrink:0;width:312.5px;height:auto\">\n<div class=\"js-product-miniature-wrapper js-product-miniature-wrapper-54 product-carousel\" style=\"height:387.161px;padding:0.2rem\"><\/div>\n<\/div>\n<div class=\"swiper-slide\" style=\"flex-shrink:0;width:312.5px;height:auto\">\n<div class=\"js-product-miniature-wrapper js-product-miniature-wrapper-363 product-carousel\" style=\"height:387.161px;padding:0.2rem\"><\/div>\n<\/div>\n<\/div>\n<div class=\"swiper-pagination swiper-pagination-product swiper-pagination-clickable swiper-pagination-bullets\" style=\"min-height:20px;width:624.054px;text-align:center\"><\/div>\n<div class=\"swiper-button-prev swiper-button-disabled\" style=\"padding:1rem0.7rem;margin-top:-30px;cursor:auto;align-items:center;justify-content:center\"><\/div>\n<div class=\"swiper-button-next\" style=\"padding:1rem0.7rem;margin-top:-30px;cursor:pointer;align-items:center;justify-content:center\"><\/div>\n<\/div>\n<\/div>\n<\/section>\n<\/section>\n<\/div>\n<\/div>\n<\/section>\n<div id=\"_atssh\" style=\"width:1px;height:1px;border:0px!important;font-family:Karla,sans-serif;font-size:18px;font-style:normal;font-weight:400;letter-spacing:normal;text-transform:none;text-align:left\">\n<\/div>\n","protected":false},"excerpt":{"rendered":"<p>Incienso 5 elementos fuerza y fuego Sagrada madre. Descripcion Incienso 5 Elementos Fuego Fuerza Sagrada Madre. Incienso Artesanal Fruit Base. Hecho a mano. Contenido: 6 varillas gruesas de duraci\u00f3n extra. Duraci\u00f3n: cada varilla dura 1 hora. Contenido: Aceite concentrado sangre de drag\u00f3n, biomasa de frutas,&hellip;<\/p>\n","protected":false},"featured_media":1661,"comment_status":"open","ping_status":"closed","template":"","meta":{"om_disable_all_campaigns":false,"_monsterinsights_skip_tracking":false,"_monsterinsights_sitenote_active":false,"_monsterinsights_sitenote_note":"","_monsterinsights_sitenote_category":0},"product_brand":[],"product_cat":[380],"product_tag":[],"class_list":{"0":"post-1662","1":"product","2":"type-product","3":"status-publish","4":"has-post-thumbnail","6":"product_cat-sagrada-madre-inciensos-complementos","8":"first","9":"outofstock","10":"taxable","11":"shipping-taxable","12":"purchasable","13":"product-type-simple"},"aioseo_notices":[],"jetpack_sharing_enabled":true,"_links":{"self":[{"href":"https:\/\/daluzatuvida.com\/index.php\/wp-json\/wp\/v2\/product\/1662","targetHints":{"allow":["GET"]}}],"collection":[{"href":"https:\/\/daluzatuvida.com\/index.php\/wp-json\/wp\/v2\/product"}],"about":[{"href":"https:\/\/daluzatuvida.com\/index.php\/wp-json\/wp\/v2\/types\/product"}],"replies":[{"embeddable":true,"href":"https:\/\/daluzatuvida.com\/index.php\/wp-json\/wp\/v2\/comments?post=1662"}],"wp:featuredmedia":[{"embeddable":true,"href":"https:\/\/daluzatuvida.com\/index.php\/wp-json\/wp\/v2\/media\/1661"}],"wp:attachment":[{"href":"https:\/\/daluzatuvida.com\/index.php\/wp-json\/wp\/v2\/media?parent=1662"}],"wp:term":[{"taxonomy":"product_brand","embeddable":true,"href":"https:\/\/daluzatuvida.com\/index.php\/wp-json\/wp\/v2\/product_brand?post=1662"},{"taxonomy":"product_cat","embeddable":true,"href":"https:\/\/daluzatuvida.com\/index.php\/wp-json\/wp\/v2\/product_cat?post=1662"},{"taxonomy":"product_tag","embeddable":true,"href":"https:\/\/daluzatuvida.com\/index.php\/wp-json\/wp\/v2\/product_tag?post=1662"}],"curies":[{"name":"wp","href":"https:\/\/api.w.org\/{rel}","templated":true}]}}