{"id":1594,"date":"2023-03-15T16:25:01","date_gmt":"2023-03-15T16:25:01","guid":{"rendered":"https:\/\/daluzatuvida.com\/index.php\/product\/incienso-de-hierbas-eucaliptolaurely-cedro\/"},"modified":"2024-11-19T17:37:36","modified_gmt":"2024-11-19T16:37:36","slug":"incienso-de-hierbas-eucaliptolaurely-cedro","status":"publish","type":"product","link":"https:\/\/daluzatuvida.com\/index.php\/product\/incienso-de-hierbas-eucaliptolaurely-cedro\/","title":{"rendered":"Incienso de hierbas Eucalipto,laurel\ny cedro de Sagrada Madre."},"content":{"rendered":"<p style=\"margin-top:0px;margin-bottom:0.8rem;font-size:19px;line-height:28px;font-family:Karla,sans-serif;font-style:normal;font-weight:400;letter-spacing:normal;text-transform:none;text-align:left\">Incienso Hierbas Eucalipto, Laurel y Cedro Sagrada Madre.<\/p>\n<p class=\"txtdescripcion\" style=\"margin-top:0px;margin-bottom:0.8rem;font-size:19px;line-height:28px;font-family:Karla,sans-serif;font-style:normal;font-weight:400;letter-spacing:normal;text-transform:none;text-align:left\">Incienso Natural y Artesanal.<\/p>\n<p class=\"txtdescripcion\" style=\"margin-top:0px;margin-bottom:0.8rem;font-size:19px;line-height:28px;font-family:Karla,sans-serif;font-style:normal;font-weight:400;letter-spacing:normal;text-transform:none;text-align:left\">Hecho a mano con mucho amor.<\/p>\n<p class=\"txtdescripcion\" style=\"margin-top:0px;margin-bottom:0.8rem;font-size:19px;line-height:28px;font-family:Karla,sans-serif;font-style:normal;font-weight:400;letter-spacing:normal;text-transform:none;text-align:left\">Contenido: 9 varillas de incienso gruesas de duraci\u00f3n extra.<\/p>\n<p class=\"txtdescripcion\" style=\"margin-top:0px;margin-bottom:0.8rem;font-size:19px;line-height:28px;font-family:Karla,sans-serif;font-style:normal;font-weight:400;letter-spacing:normal;text-transform:none;text-align:left\">Duraci\u00f3n: cada varilla de incienso dura 50 minutos aproximadamente.<\/p>\n<p class=\"txtdescripcion\" style=\"margin-top:0px;margin-bottom:0.8rem;font-size:19px;line-height:28px;font-family:Karla,sans-serif;font-style:normal;font-weight:400;letter-spacing:normal;text-transform:none;text-align:left\">Composici\u00f3n: Hojas de eucalipto, laurel y cedro, carb\u00f3n vegetal y aglutinante natural.<\/p>\n<p class=\"txtdescripcion\" style=\"margin-top:0px;margin-bottom:0px;font-size:19px;line-height:28px;font-family:Karla,sans-serif;font-style:normal;font-weight:400;letter-spacing:normal;text-transform:none;text-align:left\">El eucalipto, el laurel y el cedro ayudan a la apertura de caminos y nuevas posibilidades. Sus propiedades refrescantes estimulan la atm\u00f3sfera con auras de energ\u00eda positiva, liberando destellos de luz, sanaci\u00f3n, protecci\u00f3n y purificaci\u00f3n.<\/p>\n","protected":false},"excerpt":{"rendered":"<p>Incienso Hierbas Eucalipto, Laurel y Cedro Sagrada Madre. Incienso Natural y Artesanal. Hecho a mano con mucho amor. Contenido: 9 varillas de incienso gruesas de duraci\u00f3n extra. Duraci\u00f3n: cada varilla de incienso dura 50 minutos aproximadamente. Composici\u00f3n: Hojas de eucalipto, laurel y cedro, carb\u00f3n vegetal&hellip;<\/p>\n","protected":false},"featured_media":1593,"comment_status":"open","ping_status":"closed","template":"","meta":{"om_disable_all_campaigns":false,"_monsterinsights_skip_tracking":false,"_monsterinsights_sitenote_active":false,"_monsterinsights_sitenote_note":"","_monsterinsights_sitenote_category":0},"product_brand":[],"product_cat":[380],"product_tag":[],"class_list":{"0":"post-1594","1":"product","2":"type-product","3":"status-publish","4":"has-post-thumbnail","6":"product_cat-sagrada-madre-inciensos-complementos","8":"first","9":"outofstock","10":"taxable","11":"shipping-taxable","12":"purchasable","13":"product-type-simple"},"aioseo_notices":[],"jetpack_sharing_enabled":true,"_links":{"self":[{"href":"https:\/\/daluzatuvida.com\/index.php\/wp-json\/wp\/v2\/product\/1594","targetHints":{"allow":["GET"]}}],"collection":[{"href":"https:\/\/daluzatuvida.com\/index.php\/wp-json\/wp\/v2\/product"}],"about":[{"href":"https:\/\/daluzatuvida.com\/index.php\/wp-json\/wp\/v2\/types\/product"}],"replies":[{"embeddable":true,"href":"https:\/\/daluzatuvida.com\/index.php\/wp-json\/wp\/v2\/comments?post=1594"}],"wp:featuredmedia":[{"embeddable":true,"href":"https:\/\/daluzatuvida.com\/index.php\/wp-json\/wp\/v2\/media\/1593"}],"wp:attachment":[{"href":"https:\/\/daluzatuvida.com\/index.php\/wp-json\/wp\/v2\/media?parent=1594"}],"wp:term":[{"taxonomy":"product_brand","embeddable":true,"href":"https:\/\/daluzatuvida.com\/index.php\/wp-json\/wp\/v2\/product_brand?post=1594"},{"taxonomy":"product_cat","embeddable":true,"href":"https:\/\/daluzatuvida.com\/index.php\/wp-json\/wp\/v2\/product_cat?post=1594"},{"taxonomy":"product_tag","embeddable":true,"href":"https:\/\/daluzatuvida.com\/index.php\/wp-json\/wp\/v2\/product_tag?post=1594"}],"curies":[{"name":"wp","href":"https:\/\/api.w.org\/{rel}","templated":true}]}}