{"id":1585,"date":"2023-03-15T16:07:55","date_gmt":"2023-03-15T16:07:55","guid":{"rendered":"https:\/\/daluzatuvida.com\/index.php\/product\/incienso-arrasa-brujeria\/"},"modified":"2024-05-21T12:22:49","modified_gmt":"2024-05-21T11:22:49","slug":"incienso-arrasa-brujeria","status":"publish","type":"product","link":"https:\/\/daluzatuvida.com\/index.php\/product\/incienso-arrasa-brujeria\/","title":{"rendered":"incienso Arrasa brujeria"},"content":{"rendered":"<p style=\"margin-top:0px;margin-bottom:0.8rem;font-size:19px;line-height:28px;font-family:Karla,sans-serif;font-style:normal;font-weight:400;letter-spacing:normal;text-transform:none;text-align:left\">Incienso ArrasaBrujeria HARI DARSHAN<\/p>\n<p style=\"margin-top:0px;margin-bottom:0.8rem;font-size:19px;line-height:28px;font-family:Karla,sans-serif;font-style:normal;font-weight:400;letter-spacing:normal;text-transform:none;text-align:left\">Hari Darshan (HD) uno de los mayores fabricantes de inciensos de la India.<\/p>\n<p style=\"margin-top:0px;margin-bottom:0.8rem;font-size:19px;line-height:28px;font-family:Karla,sans-serif;font-style:normal;font-weight:400;letter-spacing:normal;text-transform:none;text-align:left\">Inciensos elaborados con distintos y variados aceites esenciales para conseguir una amplia variedad y un aroma \u00fanico.<\/p>\n<p style=\"margin-top:0px;margin-bottom:0.8rem;font-size:19px;line-height:28px;font-family:Karla,sans-serif;font-style:normal;font-weight:400;letter-spacing:normal;text-transform:none;text-align:left\">Cada incienso tiene  un aroma especifico seg\u00fan su elaboraci\u00f3n y este  a su vez una funci\u00f3n en concreto.<\/p>\n<p style=\"margin-top:0px;margin-bottom:0.8rem;font-size:19px;line-height:28px;font-family:Karla,sans-serif;font-style:normal;font-weight:400;letter-spacing:normal;text-transform:none;text-align:left\">Muchos de ellos encienden puntos energ\u00e9ticas corporales, ambientales o espirituales.<\/p>\n<p style=\"margin-top:0px;margin-bottom:0.8rem;font-size:19px;line-height:28px;font-family:Karla,sans-serif;font-style:normal;font-weight:400;letter-spacing:normal;text-transform:none;text-align:left\">Inciensos florales, frutales, m\u00edsticos y religiosos.<\/p>\n<p style=\"margin-top:0px;margin-bottom:0.8rem;font-size:19px;line-height:28px;font-family:Karla,sans-serif;font-style:normal;font-weight:400;letter-spacing:normal;text-transform:none;text-align:left\">Presentado en cajas hexagonales que contienen 20 varillas de incienso.<\/p>\n<p style=\"margin-top:0px;margin-bottom:0.8rem;font-size:19px;line-height:28px;font-family:Karla,sans-serif;font-style:normal;font-weight:400;letter-spacing:normal;text-transform:none;text-align:left\">Este incienso tiene una duraci\u00f3n de 20 \u2013 30 minutos aproximadamente por varilla de incienso.<\/p>\n<p style=\"margin-top:0px;margin-bottom:0.8rem;font-size:19px;line-height:28px;font-family:Karla,sans-serif;font-style:normal;font-weight:400;letter-spacing:normal;text-transform:none;text-align:left\">Los inciensos son producidos en la India y de gran calidad, siendo reconocidos en todo el mundo por sus exclusivos aromas.<\/p>\n<p style=\"margin-top:0px;margin-bottom:0.8rem;font-size:19px;line-height:28px;font-family:Karla,sans-serif;font-style:normal;font-weight:400;letter-spacing:normal;text-transform:none;text-align:left\">Hari Darshan es uno de los mayores fabricantes de inciensos y destaca por la gran cantidad de aromas que trabaja.<\/p>\n<p style=\"margin-top:0px;margin-bottom:0px;font-size:19px;line-height:28px;font-family:Karla,sans-serif;font-style:normal;font-weight:400;letter-spacing:normal;text-transform:none;text-align:left\">Los inciensos de Hari Darshan son hechos a mano uno por uno y empaquetados con gran esmero para hacer de ellos un hermoso regalo. <\/p>\n","protected":false},"excerpt":{"rendered":"<p>Incienso ArrasaBrujeria HARI DARSHAN Hari Darshan (HD) uno de los mayores fabricantes de inciensos de la India. Inciensos elaborados con distintos y variados aceites esenciales para conseguir una amplia variedad y un aroma \u00fanico. Cada incienso tiene un aroma especifico seg\u00fan su elaboraci\u00f3n y este&hellip;<\/p>\n","protected":false},"featured_media":1584,"comment_status":"open","ping_status":"closed","template":"","meta":{"om_disable_all_campaigns":false,"_monsterinsights_skip_tracking":false,"_monsterinsights_sitenote_active":false,"_monsterinsights_sitenote_note":"","_monsterinsights_sitenote_category":0},"product_brand":[],"product_cat":[380],"product_tag":[],"class_list":{"0":"post-1585","1":"product","2":"type-product","3":"status-publish","4":"has-post-thumbnail","6":"product_cat-sagrada-madre-inciensos-complementos","8":"first","9":"instock","10":"taxable","11":"shipping-taxable","12":"purchasable","13":"product-type-simple"},"aioseo_notices":[],"jetpack_sharing_enabled":true,"_links":{"self":[{"href":"https:\/\/daluzatuvida.com\/index.php\/wp-json\/wp\/v2\/product\/1585","targetHints":{"allow":["GET"]}}],"collection":[{"href":"https:\/\/daluzatuvida.com\/index.php\/wp-json\/wp\/v2\/product"}],"about":[{"href":"https:\/\/daluzatuvida.com\/index.php\/wp-json\/wp\/v2\/types\/product"}],"replies":[{"embeddable":true,"href":"https:\/\/daluzatuvida.com\/index.php\/wp-json\/wp\/v2\/comments?post=1585"}],"wp:featuredmedia":[{"embeddable":true,"href":"https:\/\/daluzatuvida.com\/index.php\/wp-json\/wp\/v2\/media\/1584"}],"wp:attachment":[{"href":"https:\/\/daluzatuvida.com\/index.php\/wp-json\/wp\/v2\/media?parent=1585"}],"wp:term":[{"taxonomy":"product_brand","embeddable":true,"href":"https:\/\/daluzatuvida.com\/index.php\/wp-json\/wp\/v2\/product_brand?post=1585"},{"taxonomy":"product_cat","embeddable":true,"href":"https:\/\/daluzatuvida.com\/index.php\/wp-json\/wp\/v2\/product_cat?post=1585"},{"taxonomy":"product_tag","embeddable":true,"href":"https:\/\/daluzatuvida.com\/index.php\/wp-json\/wp\/v2\/product_tag?post=1585"}],"curies":[{"name":"wp","href":"https:\/\/api.w.org\/{rel}","templated":true}]}}