{"id":1482,"date":"2023-03-06T12:54:06","date_gmt":"2023-03-06T12:54:06","guid":{"rendered":"https:\/\/daluzatuvida.com\/index.php\/product\/botella-rolon-cuarzo-rosa-proximamente\/"},"modified":"2024-11-19T14:41:03","modified_gmt":"2024-11-19T13:41:03","slug":"botella-rolon-cuarzo-rosa-proximamente","status":"publish","type":"product","link":"https:\/\/daluzatuvida.com\/index.php\/product\/botella-rolon-cuarzo-rosa-proximamente\/","title":{"rendered":"Rolon cuarzo rosa"},"content":{"rendered":"<div class=\"elementor-element elementor-element-6e919826 elementor-widget elementor-widget-heading\" data-id=\"6e919826\" data-element_type=\"widget\" data-widget_type=\"heading.default\" style=\"--flex-direction:initial;--flex-wrap:initial;--justify-content:initial;--align-items:initial;--align-content:initial;--gap:initial;--flex-basis:initial;--flex-grow:initial;--flex-shrink:initial;--order:initial;--align-self:initial;flex-basis:var(--flex-basis);flex-grow:var(--flex-grow);flex-shrink:var(--flex-shrink);align-self:var(--align-self);--swiper-theme-color:#000;--swiper-navigation-size:44px;--swiper-pagination-bullet-size:6px;--swiper-pagination-bullet-horizontal-gap:6px;--widgets-spacing:20px;flex-direction:var(--flex-direction);flex-wrap:var(--flex-wrap);justify-content:var(--justify-content);align-items:var(--align-items);align-content:var(--align-content);gap:var(--gap);width:604.286px;margin-bottom:10px;font-family:Lato,sans-serif;font-size:18px;font-style:normal;font-weight:400;letter-spacing:normal;text-transform:none;text-align:left\">\n<div class=\"elementor-widget-container\">\n<h2 class=\"elementor-heading-title elementor-size-default\" style=\"border:0px;font-size:16px;font-style:inherit;font-weight:700;margin:0px;padding:0px;vertical-align:baseline;clear:both;color:var(--e-global-color-primary);line-height:1.25em;font-family:Montserrat,sans-serif\">Atrae el amor<\/h2>\n<\/div>\n<\/div>\n<div class=\"elementor-element elementor-element-79de74c elementor-widget elementor-widget-text-editor\" data-id=\"79de74c\" data-element_type=\"widget\" data-widget_type=\"text-editor.default\" style=\"--flex-direction:initial;--flex-wrap:initial;--justify-content:initial;--align-items:initial;--align-content:initial;--gap:initial;--flex-basis:initial;--flex-grow:initial;--flex-shrink:initial;--order:initial;--align-self:initial;flex-basis:var(--flex-basis);flex-grow:var(--flex-grow);flex-shrink:var(--flex-shrink);align-self:var(--align-self);--swiper-theme-color:#000;--swiper-navigation-size:44px;--swiper-pagination-bullet-size:6px;--swiper-pagination-bullet-horizontal-gap:6px;--widgets-spacing:20px;flex-direction:var(--flex-direction);flex-wrap:var(--flex-wrap);justify-content:var(--justify-content);align-items:var(--align-items);align-content:var(--align-content);gap:var(--gap);color:var(--e-global-color-text);font-family:Lato,sans-serif;font-weight:400;width:604.286px;margin-bottom:10px;font-size:18px;font-style:normal;letter-spacing:normal;text-transform:none;text-align:left\">\n<div class=\"elementor-widget-container\">\n<div class=\"elementor-text-editor elementor-clearfix\">\n<p style=\"border:0px;font-size:18px;font-style:inherit;font-weight:inherit;margin:0px0px1.75em;padding:0px;vertical-align:baseline\">Pero sin duda una de las propiedades del cuarzo rosa con diferencia al resto de piedras y minerales es su capacidad de atraer el amor. As\u00ed de rom\u00e1ntica es esta piedra de tonalidad ros\u00e1cea que podemos encontrar en textura mate o facetada. As\u00ed que, emp\u00e1pate de las <strong style=\"font-weight: 700\">vibraciones del cuarzo rosa<\/strong> llevando alguna joya como collares, pulseras o anillos adornados con esta piedra.<\/p>\n<\/div>\n<\/div>\n<\/div>\n","protected":false},"excerpt":{"rendered":"<p>Atrae el amor Pero sin duda una de las propiedades del cuarzo rosa con diferencia al resto de piedras y minerales es su capacidad de atraer el amor. As\u00ed de rom\u00e1ntica es esta piedra de tonalidad ros\u00e1cea que podemos encontrar en textura mate o facetada.&hellip;<\/p>\n","protected":false},"featured_media":1481,"comment_status":"open","ping_status":"closed","template":"","meta":{"om_disable_all_campaigns":false,"_monsterinsights_skip_tracking":false,"_monsterinsights_sitenote_active":false,"_monsterinsights_sitenote_note":"","_monsterinsights_sitenote_category":0},"product_brand":[],"product_cat":[386],"product_tag":[],"class_list":{"0":"post-1482","1":"product","2":"type-product","3":"status-publish","4":"has-post-thumbnail","6":"product_cat-piedras-energeticas","8":"first","9":"outofstock","10":"taxable","11":"shipping-taxable","12":"purchasable","13":"product-type-simple"},"aioseo_notices":[],"jetpack_sharing_enabled":true,"_links":{"self":[{"href":"https:\/\/daluzatuvida.com\/index.php\/wp-json\/wp\/v2\/product\/1482","targetHints":{"allow":["GET"]}}],"collection":[{"href":"https:\/\/daluzatuvida.com\/index.php\/wp-json\/wp\/v2\/product"}],"about":[{"href":"https:\/\/daluzatuvida.com\/index.php\/wp-json\/wp\/v2\/types\/product"}],"replies":[{"embeddable":true,"href":"https:\/\/daluzatuvida.com\/index.php\/wp-json\/wp\/v2\/comments?post=1482"}],"wp:featuredmedia":[{"embeddable":true,"href":"https:\/\/daluzatuvida.com\/index.php\/wp-json\/wp\/v2\/media\/1481"}],"wp:attachment":[{"href":"https:\/\/daluzatuvida.com\/index.php\/wp-json\/wp\/v2\/media?parent=1482"}],"wp:term":[{"taxonomy":"product_brand","embeddable":true,"href":"https:\/\/daluzatuvida.com\/index.php\/wp-json\/wp\/v2\/product_brand?post=1482"},{"taxonomy":"product_cat","embeddable":true,"href":"https:\/\/daluzatuvida.com\/index.php\/wp-json\/wp\/v2\/product_cat?post=1482"},{"taxonomy":"product_tag","embeddable":true,"href":"https:\/\/daluzatuvida.com\/index.php\/wp-json\/wp\/v2\/product_tag?post=1482"}],"curies":[{"name":"wp","href":"https:\/\/api.w.org\/{rel}","templated":true}]}}