{"id":1335,"date":"2023-01-23T16:16:23","date_gmt":"2023-01-23T16:16:23","guid":{"rendered":"https:\/\/daluzatuvida.com\/index.php\/product\/velon-de-cristal-arcangel-miguel-proteccion\/"},"modified":"2024-11-19T14:48:06","modified_gmt":"2024-11-19T13:48:06","slug":"velon-de-cristal-arcangel-miguel-proteccion","status":"publish","type":"product","link":"https:\/\/daluzatuvida.com\/index.php\/product\/velon-de-cristal-arcangel-miguel-proteccion\/","title":{"rendered":"Velon de cristal Arcangel Miguel . Protecci\u00f3n"},"content":{"rendered":"<p>Este velon est\u00e1 consagrado y ritualizado .con el arcangel Miguel.para prop\u00f3sito y protecci\u00f3n.<\/p>\n","protected":false},"excerpt":{"rendered":"<p>Este velon est\u00e1 consagrado y ritualizado .con el arcangel Miguel.para prop\u00f3sito y protecci\u00f3n.<\/p>\n","protected":false},"featured_media":1334,"comment_status":"open","ping_status":"closed","template":"","meta":{"om_disable_all_campaigns":false,"_monsterinsights_skip_tracking":false,"_monsterinsights_sitenote_active":false,"_monsterinsights_sitenote_note":"","_monsterinsights_sitenote_category":0},"product_brand":[],"product_cat":[378],"product_tag":[],"class_list":{"0":"post-1335","1":"product","2":"type-product","3":"status-publish","4":"has-post-thumbnail","6":"product_cat-velas-y-velones","8":"first","9":"instock","10":"taxable","11":"shipping-taxable","12":"purchasable","13":"product-type-simple"},"aioseo_notices":[],"jetpack_sharing_enabled":true,"_links":{"self":[{"href":"https:\/\/daluzatuvida.com\/index.php\/wp-json\/wp\/v2\/product\/1335","targetHints":{"allow":["GET"]}}],"collection":[{"href":"https:\/\/daluzatuvida.com\/index.php\/wp-json\/wp\/v2\/product"}],"about":[{"href":"https:\/\/daluzatuvida.com\/index.php\/wp-json\/wp\/v2\/types\/product"}],"replies":[{"embeddable":true,"href":"https:\/\/daluzatuvida.com\/index.php\/wp-json\/wp\/v2\/comments?post=1335"}],"wp:featuredmedia":[{"embeddable":true,"href":"https:\/\/daluzatuvida.com\/index.php\/wp-json\/wp\/v2\/media\/1334"}],"wp:attachment":[{"href":"https:\/\/daluzatuvida.com\/index.php\/wp-json\/wp\/v2\/media?parent=1335"}],"wp:term":[{"taxonomy":"product_brand","embeddable":true,"href":"https:\/\/daluzatuvida.com\/index.php\/wp-json\/wp\/v2\/product_brand?post=1335"},{"taxonomy":"product_cat","embeddable":true,"href":"https:\/\/daluzatuvida.com\/index.php\/wp-json\/wp\/v2\/product_cat?post=1335"},{"taxonomy":"product_tag","embeddable":true,"href":"https:\/\/daluzatuvida.com\/index.php\/wp-json\/wp\/v2\/product_tag?post=1335"}],"curies":[{"name":"wp","href":"https:\/\/api.w.org\/{rel}","templated":true}]}}